{"id":207,"date":"2024-10-22T10:20:19","date_gmt":"2024-10-22T10:20:19","guid":{"rendered":"https:\/\/spinbetter.app\/ro\/?page_id=207"},"modified":"2025-06-19T21:36:28","modified_gmt":"2025-06-19T21:36:28","slug":"registration","status":"publish","type":"page","link":"https:\/\/spinbetter.app\/ro\/registration\/","title":{"rendered":"\u00cenregistrare"},"content":{"rendered":"","protected":false},"excerpt":{"rendered":"","protected":false},"author":1,"featured_media":0,"parent":0,"menu_order":0,"comment_status":"closed","ping_status":"closed","template":"","meta":{"footnotes":""},"class_list":["post-207","page","type-page","status-publish","hentry"],"yoast_head":"<!-- This site is optimized with the Yoast SEO plugin v23.4 - https:\/\/yoast.com\/wordpress\/plugins\/seo\/ -->\n<title>\u00cenregistrare cu SpinBetter &gt; Creare rapid\u0103 \u0219i u\u0219oar\u0103 a contului<\/title>\n<meta name=\"description\" content=\"\u00cenregistreaz\u0103-te la SpinBetter \u00een doar c\u00e2teva minute! Afla\u021bi cum s\u0103 crea\u021bi un cont, ce bonusuri sunt disponibile pentru juc\u0103torii noi \u0219i cum s\u0103 \u00eencepe\u021bi s\u0103 paria\u021bi.\" \/>\n<meta name=\"robots\" content=\"index, follow, max-snippet:-1, max-image-preview:large, max-video-preview:-1\" \/>\n<meta property=\"og:locale\" content=\"ro_RO\" \/>\n<meta property=\"og:type\" content=\"article\" \/>\n<meta property=\"og:title\" content=\"\u00cenregistrare cu SpinBetter &gt; Creare rapid\u0103 \u0219i u\u0219oar\u0103 a contului\" \/>\n<meta property=\"og:description\" content=\"\u00cenregistreaz\u0103-te la SpinBetter \u00een doar c\u00e2teva minute! Afla\u021bi cum s\u0103 crea\u021bi un cont, ce bonusuri sunt disponibile pentru juc\u0103torii noi \u0219i cum s\u0103 \u00eencepe\u021bi s\u0103 paria\u021bi.\" \/>\n<meta property=\"og:url\" content=\"https:\/\/spinbetter.app\/ro\/registration\/\" \/>\n<meta property=\"og:site_name\" content=\"Spinbetter App RO\" \/>\n<meta property=\"article:modified_time\" content=\"2025-06-19T21:36:28+00:00\" \/>\n<meta name=\"twitter:card\" content=\"summary_large_image\" \/>\n<script type=\"application\/ld+json\" class=\"yoast-schema-graph\">{\"@context\":\"https:\/\/schema.org\",\"@graph\":[{\"@type\":\"WebPage\",\"@id\":\"https:\/\/spinbetter.app\/ro\/registration\/\",\"url\":\"https:\/\/spinbetter.app\/ro\/registration\/\",\"name\":\"\u00cenregistrare cu SpinBetter > Creare rapid\u0103 \u0219i u\u0219oar\u0103 a contului\",\"isPartOf\":{\"@id\":\"https:\/\/spinbetter.app\/ro\/#website\"},\"datePublished\":\"2024-10-22T10:20:19+00:00\",\"dateModified\":\"2025-06-19T21:36:28+00:00\",\"description\":\"\u00cenregistreaz\u0103-te la SpinBetter \u00een doar c\u00e2teva minute! Afla\u021bi cum s\u0103 crea\u021bi un cont, ce bonusuri sunt disponibile pentru juc\u0103torii noi \u0219i cum s\u0103 \u00eencepe\u021bi s\u0103 paria\u021bi.\",\"breadcrumb\":{\"@id\":\"https:\/\/spinbetter.app\/ro\/registration\/#breadcrumb\"},\"inLanguage\":\"ro-RO\",\"potentialAction\":[{\"@type\":\"ReadAction\",\"target\":[\"https:\/\/spinbetter.app\/ro\/registration\/\"]}]},{\"@type\":\"BreadcrumbList\",\"@id\":\"https:\/\/spinbetter.app\/ro\/registration\/#breadcrumb\",\"itemListElement\":[{\"@type\":\"ListItem\",\"position\":1,\"name\":\"Home\",\"item\":\"https:\/\/spinbetter.app\/ro\/\"},{\"@type\":\"ListItem\",\"position\":2,\"name\":\"\u00cenregistrare\"}]},{\"@type\":\"WebSite\",\"@id\":\"https:\/\/spinbetter.app\/ro\/#website\",\"url\":\"https:\/\/spinbetter.app\/ro\/\",\"name\":\"Spinbetter App RO\",\"description\":\"\",\"potentialAction\":[{\"@type\":\"SearchAction\",\"target\":{\"@type\":\"EntryPoint\",\"urlTemplate\":\"https:\/\/spinbetter.app\/ro\/?s={search_term_string}\"},\"query-input\":{\"@type\":\"PropertyValueSpecification\",\"valueRequired\":true,\"valueName\":\"search_term_string\"}}],\"inLanguage\":\"ro-RO\"}]}<\/script>\n<!-- \/ Yoast SEO plugin. -->","yoast_head_json":{"title":"\u00cenregistrare cu SpinBetter > Creare rapid\u0103 \u0219i u\u0219oar\u0103 a contului","description":"\u00cenregistreaz\u0103-te la SpinBetter \u00een doar c\u00e2teva minute! Afla\u021bi cum s\u0103 crea\u021bi un cont, ce bonusuri sunt disponibile pentru juc\u0103torii noi \u0219i cum s\u0103 \u00eencepe\u021bi s\u0103 paria\u021bi.","robots":{"index":"index","follow":"follow","max-snippet":"max-snippet:-1","max-image-preview":"max-image-preview:large","max-video-preview":"max-video-preview:-1"},"og_locale":"ro_RO","og_type":"article","og_title":"\u00cenregistrare cu SpinBetter > Creare rapid\u0103 \u0219i u\u0219oar\u0103 a contului","og_description":"\u00cenregistreaz\u0103-te la SpinBetter \u00een doar c\u00e2teva minute! Afla\u021bi cum s\u0103 crea\u021bi un cont, ce bonusuri sunt disponibile pentru juc\u0103torii noi \u0219i cum s\u0103 \u00eencepe\u021bi s\u0103 paria\u021bi.","og_url":"https:\/\/spinbetter.app\/ro\/registration\/","og_site_name":"Spinbetter App RO","article_modified_time":"2025-06-19T21:36:28+00:00","twitter_card":"summary_large_image","schema":{"@context":"https:\/\/schema.org","@graph":[{"@type":"WebPage","@id":"https:\/\/spinbetter.app\/ro\/registration\/","url":"https:\/\/spinbetter.app\/ro\/registration\/","name":"\u00cenregistrare cu SpinBetter > Creare rapid\u0103 \u0219i u\u0219oar\u0103 a contului","isPartOf":{"@id":"https:\/\/spinbetter.app\/ro\/#website"},"datePublished":"2024-10-22T10:20:19+00:00","dateModified":"2025-06-19T21:36:28+00:00","description":"\u00cenregistreaz\u0103-te la SpinBetter \u00een doar c\u00e2teva minute! Afla\u021bi cum s\u0103 crea\u021bi un cont, ce bonusuri sunt disponibile pentru juc\u0103torii noi \u0219i cum s\u0103 \u00eencepe\u021bi s\u0103 paria\u021bi.","breadcrumb":{"@id":"https:\/\/spinbetter.app\/ro\/registration\/#breadcrumb"},"inLanguage":"ro-RO","potentialAction":[{"@type":"ReadAction","target":["https:\/\/spinbetter.app\/ro\/registration\/"]}]},{"@type":"BreadcrumbList","@id":"https:\/\/spinbetter.app\/ro\/registration\/#breadcrumb","itemListElement":[{"@type":"ListItem","position":1,"name":"Home","item":"https:\/\/spinbetter.app\/ro\/"},{"@type":"ListItem","position":2,"name":"\u00cenregistrare"}]},{"@type":"WebSite","@id":"https:\/\/spinbetter.app\/ro\/#website","url":"https:\/\/spinbetter.app\/ro\/","name":"Spinbetter App RO","description":"","potentialAction":[{"@type":"SearchAction","target":{"@type":"EntryPoint","urlTemplate":"https:\/\/spinbetter.app\/ro\/?s={search_term_string}"},"query-input":{"@type":"PropertyValueSpecification","valueRequired":true,"valueName":"search_term_string"}}],"inLanguage":"ro-RO"}]}},"_links":{"self":[{"href":"https:\/\/spinbetter.app\/ro\/wp-json\/wp\/v2\/pages\/207"}],"collection":[{"href":"https:\/\/spinbetter.app\/ro\/wp-json\/wp\/v2\/pages"}],"about":[{"href":"https:\/\/spinbetter.app\/ro\/wp-json\/wp\/v2\/types\/page"}],"author":[{"embeddable":true,"href":"https:\/\/spinbetter.app\/ro\/wp-json\/wp\/v2\/users\/1"}],"replies":[{"embeddable":true,"href":"https:\/\/spinbetter.app\/ro\/wp-json\/wp\/v2\/comments?post=207"}],"version-history":[{"count":15,"href":"https:\/\/spinbetter.app\/ro\/wp-json\/wp\/v2\/pages\/207\/revisions"}],"predecessor-version":[{"id":395,"href":"https:\/\/spinbetter.app\/ro\/wp-json\/wp\/v2\/pages\/207\/revisions\/395"}],"wp:attachment":[{"href":"https:\/\/spinbetter.app\/ro\/wp-json\/wp\/v2\/media?parent=207"}],"curies":[{"name":"wp","href":"https:\/\/api.w.org\/{rel}","templated":true}]}}