{"id":410,"date":"2025-07-01T14:51:07","date_gmt":"2025-07-01T14:51:07","guid":{"rendered":"https:\/\/spinbetter.app\/ro\/?page_id=410"},"modified":"2025-07-01T14:51:15","modified_gmt":"2025-07-01T14:51:15","slug":"deposit-lottery","status":"publish","type":"page","link":"https:\/\/spinbetter.app\/ro\/bonus\/deposit-lottery\/","title":{"rendered":"Loteria Depozitelor"},"content":{"rendered":"","protected":false},"excerpt":{"rendered":"","protected":false},"author":1,"featured_media":0,"parent":152,"menu_order":0,"comment_status":"closed","ping_status":"closed","template":"","meta":{"footnotes":""},"class_list":["post-410","page","type-page","status-publish","hentry"],"yoast_head":"<!-- This site is optimized with the Yoast SEO plugin v23.4 - https:\/\/yoast.com\/wordpress\/plugins\/seo\/ -->\n<title>Loteria cu depuneri SpinBetter \ud83e\udc12 C\u00e2\u0219tig\u0103 pariuri gratuite<\/title>\n<meta name=\"description\" content=\"Depune\u021bi de la 3 EUR, ob\u021bine\u021bi bilete \u0219i participa\u021bi la extrageri s\u0103pt\u0103m\u00e2nale pentru 30.000 EUR \u0219i 2.000.000 de puncte promo\u021bionale. Mai multe depuneri - mai multe \u0219anse de c\u00e2\u0219tig!\" \/>\n<meta name=\"robots\" content=\"index, follow, max-snippet:-1, max-image-preview:large, max-video-preview:-1\" \/>\n<meta property=\"og:locale\" content=\"ro_RO\" \/>\n<meta property=\"og:type\" content=\"article\" \/>\n<meta property=\"og:title\" content=\"Loteria cu depuneri SpinBetter \ud83e\udc12 C\u00e2\u0219tig\u0103 pariuri gratuite\" \/>\n<meta property=\"og:description\" content=\"Depune\u021bi de la 3 EUR, ob\u021bine\u021bi bilete \u0219i participa\u021bi la extrageri s\u0103pt\u0103m\u00e2nale pentru 30.000 EUR \u0219i 2.000.000 de puncte promo\u021bionale. Mai multe depuneri - mai multe \u0219anse de c\u00e2\u0219tig!\" \/>\n<meta property=\"og:url\" content=\"https:\/\/spinbetter.app\/ro\/bonus\/deposit-lottery\/\" \/>\n<meta property=\"og:site_name\" content=\"Spinbetter App RO\" \/>\n<meta property=\"article:modified_time\" content=\"2025-07-01T14:51:15+00:00\" \/>\n<meta name=\"twitter:card\" content=\"summary_large_image\" \/>\n<script type=\"application\/ld+json\" class=\"yoast-schema-graph\">{\"@context\":\"https:\/\/schema.org\",\"@graph\":[{\"@type\":\"WebPage\",\"@id\":\"https:\/\/spinbetter.app\/ro\/bonus\/deposit-lottery\/\",\"url\":\"https:\/\/spinbetter.app\/ro\/bonus\/deposit-lottery\/\",\"name\":\"Loteria cu depuneri SpinBetter \ud83e\udc12 C\u00e2\u0219tig\u0103 pariuri gratuite\",\"isPartOf\":{\"@id\":\"https:\/\/spinbetter.app\/ro\/#website\"},\"datePublished\":\"2025-07-01T14:51:07+00:00\",\"dateModified\":\"2025-07-01T14:51:15+00:00\",\"description\":\"Depune\u021bi de la 3 EUR, ob\u021bine\u021bi bilete \u0219i participa\u021bi la extrageri s\u0103pt\u0103m\u00e2nale pentru 30.000 EUR \u0219i 2.000.000 de puncte promo\u021bionale. Mai multe depuneri - mai multe \u0219anse de c\u00e2\u0219tig!\",\"breadcrumb\":{\"@id\":\"https:\/\/spinbetter.app\/ro\/bonus\/deposit-lottery\/#breadcrumb\"},\"inLanguage\":\"ro-RO\",\"potentialAction\":[{\"@type\":\"ReadAction\",\"target\":[\"https:\/\/spinbetter.app\/ro\/bonus\/deposit-lottery\/\"]}]},{\"@type\":\"BreadcrumbList\",\"@id\":\"https:\/\/spinbetter.app\/ro\/bonus\/deposit-lottery\/#breadcrumb\",\"itemListElement\":[{\"@type\":\"ListItem\",\"position\":1,\"name\":\"Home\",\"item\":\"https:\/\/spinbetter.app\/ro\/\"},{\"@type\":\"ListItem\",\"position\":2,\"name\":\"Bonusuri\",\"item\":\"https:\/\/spinbetter.app\/ro\/bonus\/\"},{\"@type\":\"ListItem\",\"position\":3,\"name\":\"Loteria Depozitelor\"}]},{\"@type\":\"WebSite\",\"@id\":\"https:\/\/spinbetter.app\/ro\/#website\",\"url\":\"https:\/\/spinbetter.app\/ro\/\",\"name\":\"Spinbetter App RO\",\"description\":\"\",\"potentialAction\":[{\"@type\":\"SearchAction\",\"target\":{\"@type\":\"EntryPoint\",\"urlTemplate\":\"https:\/\/spinbetter.app\/ro\/?s={search_term_string}\"},\"query-input\":{\"@type\":\"PropertyValueSpecification\",\"valueRequired\":true,\"valueName\":\"search_term_string\"}}],\"inLanguage\":\"ro-RO\"}]}<\/script>\n<!-- \/ Yoast SEO plugin. -->","yoast_head_json":{"title":"Loteria cu depuneri SpinBetter \ud83e\udc12 C\u00e2\u0219tig\u0103 pariuri gratuite","description":"Depune\u021bi de la 3 EUR, ob\u021bine\u021bi bilete \u0219i participa\u021bi la extrageri s\u0103pt\u0103m\u00e2nale pentru 30.000 EUR \u0219i 2.000.000 de puncte promo\u021bionale. Mai multe depuneri - mai multe \u0219anse de c\u00e2\u0219tig!","robots":{"index":"index","follow":"follow","max-snippet":"max-snippet:-1","max-image-preview":"max-image-preview:large","max-video-preview":"max-video-preview:-1"},"og_locale":"ro_RO","og_type":"article","og_title":"Loteria cu depuneri SpinBetter \ud83e\udc12 C\u00e2\u0219tig\u0103 pariuri gratuite","og_description":"Depune\u021bi de la 3 EUR, ob\u021bine\u021bi bilete \u0219i participa\u021bi la extrageri s\u0103pt\u0103m\u00e2nale pentru 30.000 EUR \u0219i 2.000.000 de puncte promo\u021bionale. Mai multe depuneri - mai multe \u0219anse de c\u00e2\u0219tig!","og_url":"https:\/\/spinbetter.app\/ro\/bonus\/deposit-lottery\/","og_site_name":"Spinbetter App RO","article_modified_time":"2025-07-01T14:51:15+00:00","twitter_card":"summary_large_image","schema":{"@context":"https:\/\/schema.org","@graph":[{"@type":"WebPage","@id":"https:\/\/spinbetter.app\/ro\/bonus\/deposit-lottery\/","url":"https:\/\/spinbetter.app\/ro\/bonus\/deposit-lottery\/","name":"Loteria cu depuneri SpinBetter \ud83e\udc12 C\u00e2\u0219tig\u0103 pariuri gratuite","isPartOf":{"@id":"https:\/\/spinbetter.app\/ro\/#website"},"datePublished":"2025-07-01T14:51:07+00:00","dateModified":"2025-07-01T14:51:15+00:00","description":"Depune\u021bi de la 3 EUR, ob\u021bine\u021bi bilete \u0219i participa\u021bi la extrageri s\u0103pt\u0103m\u00e2nale pentru 30.000 EUR \u0219i 2.000.000 de puncte promo\u021bionale. Mai multe depuneri - mai multe \u0219anse de c\u00e2\u0219tig!","breadcrumb":{"@id":"https:\/\/spinbetter.app\/ro\/bonus\/deposit-lottery\/#breadcrumb"},"inLanguage":"ro-RO","potentialAction":[{"@type":"ReadAction","target":["https:\/\/spinbetter.app\/ro\/bonus\/deposit-lottery\/"]}]},{"@type":"BreadcrumbList","@id":"https:\/\/spinbetter.app\/ro\/bonus\/deposit-lottery\/#breadcrumb","itemListElement":[{"@type":"ListItem","position":1,"name":"Home","item":"https:\/\/spinbetter.app\/ro\/"},{"@type":"ListItem","position":2,"name":"Bonusuri","item":"https:\/\/spinbetter.app\/ro\/bonus\/"},{"@type":"ListItem","position":3,"name":"Loteria Depozitelor"}]},{"@type":"WebSite","@id":"https:\/\/spinbetter.app\/ro\/#website","url":"https:\/\/spinbetter.app\/ro\/","name":"Spinbetter App RO","description":"","potentialAction":[{"@type":"SearchAction","target":{"@type":"EntryPoint","urlTemplate":"https:\/\/spinbetter.app\/ro\/?s={search_term_string}"},"query-input":{"@type":"PropertyValueSpecification","valueRequired":true,"valueName":"search_term_string"}}],"inLanguage":"ro-RO"}]}},"_links":{"self":[{"href":"https:\/\/spinbetter.app\/ro\/wp-json\/wp\/v2\/pages\/410"}],"collection":[{"href":"https:\/\/spinbetter.app\/ro\/wp-json\/wp\/v2\/pages"}],"about":[{"href":"https:\/\/spinbetter.app\/ro\/wp-json\/wp\/v2\/types\/page"}],"author":[{"embeddable":true,"href":"https:\/\/spinbetter.app\/ro\/wp-json\/wp\/v2\/users\/1"}],"replies":[{"embeddable":true,"href":"https:\/\/spinbetter.app\/ro\/wp-json\/wp\/v2\/comments?post=410"}],"version-history":[{"count":1,"href":"https:\/\/spinbetter.app\/ro\/wp-json\/wp\/v2\/pages\/410\/revisions"}],"predecessor-version":[{"id":411,"href":"https:\/\/spinbetter.app\/ro\/wp-json\/wp\/v2\/pages\/410\/revisions\/411"}],"up":[{"embeddable":true,"href":"https:\/\/spinbetter.app\/ro\/wp-json\/wp\/v2\/pages\/152"}],"wp:attachment":[{"href":"https:\/\/spinbetter.app\/ro\/wp-json\/wp\/v2\/media?parent=410"}],"curies":[{"name":"wp","href":"https:\/\/api.w.org\/{rel}","templated":true}]}}