{"id":412,"date":"2025-07-01T14:55:15","date_gmt":"2025-07-01T14:55:15","guid":{"rendered":"https:\/\/spinbetter.app\/ro\/?page_id=412"},"modified":"2025-07-01T14:55:24","modified_gmt":"2025-07-01T14:55:24","slug":"spinbetter-vote","status":"publish","type":"page","link":"https:\/\/spinbetter.app\/ro\/bonus\/spinbetter-vote\/","title":{"rendered":"Votul SpinBetter"},"content":{"rendered":"","protected":false},"excerpt":{"rendered":"","protected":false},"author":1,"featured_media":0,"parent":152,"menu_order":0,"comment_status":"closed","ping_status":"closed","template":"","meta":{"footnotes":""},"class_list":["post-412","page","type-page","status-publish","hentry"],"yoast_head":"<!-- This site is optimized with the Yoast SEO plugin v23.4 - https:\/\/yoast.com\/wordpress\/plugins\/seo\/ -->\n<title>Voteaz\u0103 pentru cel mai bun bonus sportiv &gt; Pariuri gratuite<\/title>\n<meta name=\"description\" content=\"Al\u0103tur\u0103-te SpinBetter \u0219i voteaz\u0103 sportul t\u0103u preferat! Particip\u0103 la promo\u021bia captivant\u0103 \u201eVoteaz\u0103 cel mai bun sport\u201d, c\u00e2\u0219tig\u0103 pariuri gratuite \u0219i premii interesante! Nu rata \u0219ansa de a-\u021bi ar\u0103ta loialitatea \u0219i de a revendica bonusuri exclusive - timpul este limitat, ac\u021bioneaz\u0103 acum!\" \/>\n<meta name=\"robots\" content=\"index, follow, max-snippet:-1, max-image-preview:large, max-video-preview:-1\" \/>\n<meta property=\"og:locale\" content=\"ro_RO\" \/>\n<meta property=\"og:type\" content=\"article\" \/>\n<meta property=\"og:title\" content=\"Voteaz\u0103 pentru cel mai bun bonus sportiv &gt; Pariuri gratuite\" \/>\n<meta property=\"og:description\" content=\"Al\u0103tur\u0103-te SpinBetter \u0219i voteaz\u0103 sportul t\u0103u preferat! Particip\u0103 la promo\u021bia captivant\u0103 \u201eVoteaz\u0103 cel mai bun sport\u201d, c\u00e2\u0219tig\u0103 pariuri gratuite \u0219i premii interesante! Nu rata \u0219ansa de a-\u021bi ar\u0103ta loialitatea \u0219i de a revendica bonusuri exclusive - timpul este limitat, ac\u021bioneaz\u0103 acum!\" \/>\n<meta property=\"og:url\" content=\"https:\/\/spinbetter.app\/ro\/bonus\/spinbetter-vote\/\" \/>\n<meta property=\"og:site_name\" content=\"Spinbetter App RO\" \/>\n<meta property=\"article:modified_time\" content=\"2025-07-01T14:55:24+00:00\" \/>\n<meta name=\"twitter:card\" content=\"summary_large_image\" \/>\n<script type=\"application\/ld+json\" class=\"yoast-schema-graph\">{\"@context\":\"https:\/\/schema.org\",\"@graph\":[{\"@type\":\"WebPage\",\"@id\":\"https:\/\/spinbetter.app\/ro\/bonus\/spinbetter-vote\/\",\"url\":\"https:\/\/spinbetter.app\/ro\/bonus\/spinbetter-vote\/\",\"name\":\"Voteaz\u0103 pentru cel mai bun bonus sportiv > Pariuri gratuite\",\"isPartOf\":{\"@id\":\"https:\/\/spinbetter.app\/ro\/#website\"},\"datePublished\":\"2025-07-01T14:55:15+00:00\",\"dateModified\":\"2025-07-01T14:55:24+00:00\",\"description\":\"Al\u0103tur\u0103-te SpinBetter \u0219i voteaz\u0103 sportul t\u0103u preferat! Particip\u0103 la promo\u021bia captivant\u0103 \u201eVoteaz\u0103 cel mai bun sport\u201d, c\u00e2\u0219tig\u0103 pariuri gratuite \u0219i premii interesante! Nu rata \u0219ansa de a-\u021bi ar\u0103ta loialitatea \u0219i de a revendica bonusuri exclusive - timpul este limitat, ac\u021bioneaz\u0103 acum!\",\"breadcrumb\":{\"@id\":\"https:\/\/spinbetter.app\/ro\/bonus\/spinbetter-vote\/#breadcrumb\"},\"inLanguage\":\"ro-RO\",\"potentialAction\":[{\"@type\":\"ReadAction\",\"target\":[\"https:\/\/spinbetter.app\/ro\/bonus\/spinbetter-vote\/\"]}]},{\"@type\":\"BreadcrumbList\",\"@id\":\"https:\/\/spinbetter.app\/ro\/bonus\/spinbetter-vote\/#breadcrumb\",\"itemListElement\":[{\"@type\":\"ListItem\",\"position\":1,\"name\":\"Home\",\"item\":\"https:\/\/spinbetter.app\/ro\/\"},{\"@type\":\"ListItem\",\"position\":2,\"name\":\"Bonusuri\",\"item\":\"https:\/\/spinbetter.app\/ro\/bonus\/\"},{\"@type\":\"ListItem\",\"position\":3,\"name\":\"Votul SpinBetter\"}]},{\"@type\":\"WebSite\",\"@id\":\"https:\/\/spinbetter.app\/ro\/#website\",\"url\":\"https:\/\/spinbetter.app\/ro\/\",\"name\":\"Spinbetter App RO\",\"description\":\"\",\"potentialAction\":[{\"@type\":\"SearchAction\",\"target\":{\"@type\":\"EntryPoint\",\"urlTemplate\":\"https:\/\/spinbetter.app\/ro\/?s={search_term_string}\"},\"query-input\":{\"@type\":\"PropertyValueSpecification\",\"valueRequired\":true,\"valueName\":\"search_term_string\"}}],\"inLanguage\":\"ro-RO\"}]}<\/script>\n<!-- \/ Yoast SEO plugin. -->","yoast_head_json":{"title":"Voteaz\u0103 pentru cel mai bun bonus sportiv > Pariuri gratuite","description":"Al\u0103tur\u0103-te SpinBetter \u0219i voteaz\u0103 sportul t\u0103u preferat! Particip\u0103 la promo\u021bia captivant\u0103 \u201eVoteaz\u0103 cel mai bun sport\u201d, c\u00e2\u0219tig\u0103 pariuri gratuite \u0219i premii interesante! Nu rata \u0219ansa de a-\u021bi ar\u0103ta loialitatea \u0219i de a revendica bonusuri exclusive - timpul este limitat, ac\u021bioneaz\u0103 acum!","robots":{"index":"index","follow":"follow","max-snippet":"max-snippet:-1","max-image-preview":"max-image-preview:large","max-video-preview":"max-video-preview:-1"},"og_locale":"ro_RO","og_type":"article","og_title":"Voteaz\u0103 pentru cel mai bun bonus sportiv > Pariuri gratuite","og_description":"Al\u0103tur\u0103-te SpinBetter \u0219i voteaz\u0103 sportul t\u0103u preferat! Particip\u0103 la promo\u021bia captivant\u0103 \u201eVoteaz\u0103 cel mai bun sport\u201d, c\u00e2\u0219tig\u0103 pariuri gratuite \u0219i premii interesante! Nu rata \u0219ansa de a-\u021bi ar\u0103ta loialitatea \u0219i de a revendica bonusuri exclusive - timpul este limitat, ac\u021bioneaz\u0103 acum!","og_url":"https:\/\/spinbetter.app\/ro\/bonus\/spinbetter-vote\/","og_site_name":"Spinbetter App RO","article_modified_time":"2025-07-01T14:55:24+00:00","twitter_card":"summary_large_image","schema":{"@context":"https:\/\/schema.org","@graph":[{"@type":"WebPage","@id":"https:\/\/spinbetter.app\/ro\/bonus\/spinbetter-vote\/","url":"https:\/\/spinbetter.app\/ro\/bonus\/spinbetter-vote\/","name":"Voteaz\u0103 pentru cel mai bun bonus sportiv > Pariuri gratuite","isPartOf":{"@id":"https:\/\/spinbetter.app\/ro\/#website"},"datePublished":"2025-07-01T14:55:15+00:00","dateModified":"2025-07-01T14:55:24+00:00","description":"Al\u0103tur\u0103-te SpinBetter \u0219i voteaz\u0103 sportul t\u0103u preferat! Particip\u0103 la promo\u021bia captivant\u0103 \u201eVoteaz\u0103 cel mai bun sport\u201d, c\u00e2\u0219tig\u0103 pariuri gratuite \u0219i premii interesante! Nu rata \u0219ansa de a-\u021bi ar\u0103ta loialitatea \u0219i de a revendica bonusuri exclusive - timpul este limitat, ac\u021bioneaz\u0103 acum!","breadcrumb":{"@id":"https:\/\/spinbetter.app\/ro\/bonus\/spinbetter-vote\/#breadcrumb"},"inLanguage":"ro-RO","potentialAction":[{"@type":"ReadAction","target":["https:\/\/spinbetter.app\/ro\/bonus\/spinbetter-vote\/"]}]},{"@type":"BreadcrumbList","@id":"https:\/\/spinbetter.app\/ro\/bonus\/spinbetter-vote\/#breadcrumb","itemListElement":[{"@type":"ListItem","position":1,"name":"Home","item":"https:\/\/spinbetter.app\/ro\/"},{"@type":"ListItem","position":2,"name":"Bonusuri","item":"https:\/\/spinbetter.app\/ro\/bonus\/"},{"@type":"ListItem","position":3,"name":"Votul SpinBetter"}]},{"@type":"WebSite","@id":"https:\/\/spinbetter.app\/ro\/#website","url":"https:\/\/spinbetter.app\/ro\/","name":"Spinbetter App RO","description":"","potentialAction":[{"@type":"SearchAction","target":{"@type":"EntryPoint","urlTemplate":"https:\/\/spinbetter.app\/ro\/?s={search_term_string}"},"query-input":{"@type":"PropertyValueSpecification","valueRequired":true,"valueName":"search_term_string"}}],"inLanguage":"ro-RO"}]}},"_links":{"self":[{"href":"https:\/\/spinbetter.app\/ro\/wp-json\/wp\/v2\/pages\/412"}],"collection":[{"href":"https:\/\/spinbetter.app\/ro\/wp-json\/wp\/v2\/pages"}],"about":[{"href":"https:\/\/spinbetter.app\/ro\/wp-json\/wp\/v2\/types\/page"}],"author":[{"embeddable":true,"href":"https:\/\/spinbetter.app\/ro\/wp-json\/wp\/v2\/users\/1"}],"replies":[{"embeddable":true,"href":"https:\/\/spinbetter.app\/ro\/wp-json\/wp\/v2\/comments?post=412"}],"version-history":[{"count":1,"href":"https:\/\/spinbetter.app\/ro\/wp-json\/wp\/v2\/pages\/412\/revisions"}],"predecessor-version":[{"id":413,"href":"https:\/\/spinbetter.app\/ro\/wp-json\/wp\/v2\/pages\/412\/revisions\/413"}],"up":[{"embeddable":true,"href":"https:\/\/spinbetter.app\/ro\/wp-json\/wp\/v2\/pages\/152"}],"wp:attachment":[{"href":"https:\/\/spinbetter.app\/ro\/wp-json\/wp\/v2\/media?parent=412"}],"curies":[{"name":"wp","href":"https:\/\/api.w.org\/{rel}","templated":true}]}}