{"id":414,"date":"2025-07-01T14:57:08","date_gmt":"2025-07-01T14:57:08","guid":{"rendered":"https:\/\/spinbetter.app\/ro\/?page_id=414"},"modified":"2025-07-01T14:57:18","modified_gmt":"2025-07-01T14:57:18","slug":"freebet","status":"publish","type":"page","link":"https:\/\/spinbetter.app\/ro\/bonus\/freebet\/","title":{"rendered":"Pariu gratuit"},"content":{"rendered":"","protected":false},"excerpt":{"rendered":"","protected":false},"author":1,"featured_media":0,"parent":152,"menu_order":0,"comment_status":"closed","ping_status":"closed","template":"","meta":{"footnotes":""},"class_list":["post-414","page","type-page","status-publish","hentry"],"yoast_head":"<!-- This site is optimized with the Yoast SEO plugin v23.4 - https:\/\/yoast.com\/wordpress\/plugins\/seo\/ -->\n<title>Pariuri pe aplica\u021bia SpinBetter \ud83e\udc12 Pariu gratuit de p\u00e2n\u0103 la 10 EUR<\/title>\n<meta name=\"description\" content=\"Descarc\u0103 aplica\u021bia SpinBetter, plaseaz\u0103 10 pariuri de la 1 EUR \u0219i prime\u0219te un pariu gratuit de p\u00e2n\u0103 la 10 EUR. Pariaz\u0103 convenabil - c\u00e2\u0219tig\u0103 mai mult!\" \/>\n<meta name=\"robots\" content=\"index, follow, max-snippet:-1, max-image-preview:large, max-video-preview:-1\" \/>\n<meta property=\"og:locale\" content=\"ro_RO\" \/>\n<meta property=\"og:type\" content=\"article\" \/>\n<meta property=\"og:title\" content=\"Pariuri pe aplica\u021bia SpinBetter \ud83e\udc12 Pariu gratuit de p\u00e2n\u0103 la 10 EUR\" \/>\n<meta property=\"og:description\" content=\"Descarc\u0103 aplica\u021bia SpinBetter, plaseaz\u0103 10 pariuri de la 1 EUR \u0219i prime\u0219te un pariu gratuit de p\u00e2n\u0103 la 10 EUR. Pariaz\u0103 convenabil - c\u00e2\u0219tig\u0103 mai mult!\" \/>\n<meta property=\"og:url\" content=\"https:\/\/spinbetter.app\/ro\/bonus\/freebet\/\" \/>\n<meta property=\"og:site_name\" content=\"Spinbetter App RO\" \/>\n<meta property=\"article:modified_time\" content=\"2025-07-01T14:57:18+00:00\" \/>\n<meta name=\"twitter:card\" content=\"summary_large_image\" \/>\n<script type=\"application\/ld+json\" class=\"yoast-schema-graph\">{\"@context\":\"https:\/\/schema.org\",\"@graph\":[{\"@type\":\"WebPage\",\"@id\":\"https:\/\/spinbetter.app\/ro\/bonus\/freebet\/\",\"url\":\"https:\/\/spinbetter.app\/ro\/bonus\/freebet\/\",\"name\":\"Pariuri pe aplica\u021bia SpinBetter \ud83e\udc12 Pariu gratuit de p\u00e2n\u0103 la 10 EUR\",\"isPartOf\":{\"@id\":\"https:\/\/spinbetter.app\/ro\/#website\"},\"datePublished\":\"2025-07-01T14:57:08+00:00\",\"dateModified\":\"2025-07-01T14:57:18+00:00\",\"description\":\"Descarc\u0103 aplica\u021bia SpinBetter, plaseaz\u0103 10 pariuri de la 1 EUR \u0219i prime\u0219te un pariu gratuit de p\u00e2n\u0103 la 10 EUR. Pariaz\u0103 convenabil - c\u00e2\u0219tig\u0103 mai mult!\",\"breadcrumb\":{\"@id\":\"https:\/\/spinbetter.app\/ro\/bonus\/freebet\/#breadcrumb\"},\"inLanguage\":\"ro-RO\",\"potentialAction\":[{\"@type\":\"ReadAction\",\"target\":[\"https:\/\/spinbetter.app\/ro\/bonus\/freebet\/\"]}]},{\"@type\":\"BreadcrumbList\",\"@id\":\"https:\/\/spinbetter.app\/ro\/bonus\/freebet\/#breadcrumb\",\"itemListElement\":[{\"@type\":\"ListItem\",\"position\":1,\"name\":\"Home\",\"item\":\"https:\/\/spinbetter.app\/ro\/\"},{\"@type\":\"ListItem\",\"position\":2,\"name\":\"Bonusuri\",\"item\":\"https:\/\/spinbetter.app\/ro\/bonus\/\"},{\"@type\":\"ListItem\",\"position\":3,\"name\":\"Pariu gratuit\"}]},{\"@type\":\"WebSite\",\"@id\":\"https:\/\/spinbetter.app\/ro\/#website\",\"url\":\"https:\/\/spinbetter.app\/ro\/\",\"name\":\"Spinbetter App RO\",\"description\":\"\",\"potentialAction\":[{\"@type\":\"SearchAction\",\"target\":{\"@type\":\"EntryPoint\",\"urlTemplate\":\"https:\/\/spinbetter.app\/ro\/?s={search_term_string}\"},\"query-input\":{\"@type\":\"PropertyValueSpecification\",\"valueRequired\":true,\"valueName\":\"search_term_string\"}}],\"inLanguage\":\"ro-RO\"}]}<\/script>\n<!-- \/ Yoast SEO plugin. -->","yoast_head_json":{"title":"Pariuri pe aplica\u021bia SpinBetter \ud83e\udc12 Pariu gratuit de p\u00e2n\u0103 la 10 EUR","description":"Descarc\u0103 aplica\u021bia SpinBetter, plaseaz\u0103 10 pariuri de la 1 EUR \u0219i prime\u0219te un pariu gratuit de p\u00e2n\u0103 la 10 EUR. Pariaz\u0103 convenabil - c\u00e2\u0219tig\u0103 mai mult!","robots":{"index":"index","follow":"follow","max-snippet":"max-snippet:-1","max-image-preview":"max-image-preview:large","max-video-preview":"max-video-preview:-1"},"og_locale":"ro_RO","og_type":"article","og_title":"Pariuri pe aplica\u021bia SpinBetter \ud83e\udc12 Pariu gratuit de p\u00e2n\u0103 la 10 EUR","og_description":"Descarc\u0103 aplica\u021bia SpinBetter, plaseaz\u0103 10 pariuri de la 1 EUR \u0219i prime\u0219te un pariu gratuit de p\u00e2n\u0103 la 10 EUR. Pariaz\u0103 convenabil - c\u00e2\u0219tig\u0103 mai mult!","og_url":"https:\/\/spinbetter.app\/ro\/bonus\/freebet\/","og_site_name":"Spinbetter App RO","article_modified_time":"2025-07-01T14:57:18+00:00","twitter_card":"summary_large_image","schema":{"@context":"https:\/\/schema.org","@graph":[{"@type":"WebPage","@id":"https:\/\/spinbetter.app\/ro\/bonus\/freebet\/","url":"https:\/\/spinbetter.app\/ro\/bonus\/freebet\/","name":"Pariuri pe aplica\u021bia SpinBetter \ud83e\udc12 Pariu gratuit de p\u00e2n\u0103 la 10 EUR","isPartOf":{"@id":"https:\/\/spinbetter.app\/ro\/#website"},"datePublished":"2025-07-01T14:57:08+00:00","dateModified":"2025-07-01T14:57:18+00:00","description":"Descarc\u0103 aplica\u021bia SpinBetter, plaseaz\u0103 10 pariuri de la 1 EUR \u0219i prime\u0219te un pariu gratuit de p\u00e2n\u0103 la 10 EUR. Pariaz\u0103 convenabil - c\u00e2\u0219tig\u0103 mai mult!","breadcrumb":{"@id":"https:\/\/spinbetter.app\/ro\/bonus\/freebet\/#breadcrumb"},"inLanguage":"ro-RO","potentialAction":[{"@type":"ReadAction","target":["https:\/\/spinbetter.app\/ro\/bonus\/freebet\/"]}]},{"@type":"BreadcrumbList","@id":"https:\/\/spinbetter.app\/ro\/bonus\/freebet\/#breadcrumb","itemListElement":[{"@type":"ListItem","position":1,"name":"Home","item":"https:\/\/spinbetter.app\/ro\/"},{"@type":"ListItem","position":2,"name":"Bonusuri","item":"https:\/\/spinbetter.app\/ro\/bonus\/"},{"@type":"ListItem","position":3,"name":"Pariu gratuit"}]},{"@type":"WebSite","@id":"https:\/\/spinbetter.app\/ro\/#website","url":"https:\/\/spinbetter.app\/ro\/","name":"Spinbetter App RO","description":"","potentialAction":[{"@type":"SearchAction","target":{"@type":"EntryPoint","urlTemplate":"https:\/\/spinbetter.app\/ro\/?s={search_term_string}"},"query-input":{"@type":"PropertyValueSpecification","valueRequired":true,"valueName":"search_term_string"}}],"inLanguage":"ro-RO"}]}},"_links":{"self":[{"href":"https:\/\/spinbetter.app\/ro\/wp-json\/wp\/v2\/pages\/414"}],"collection":[{"href":"https:\/\/spinbetter.app\/ro\/wp-json\/wp\/v2\/pages"}],"about":[{"href":"https:\/\/spinbetter.app\/ro\/wp-json\/wp\/v2\/types\/page"}],"author":[{"embeddable":true,"href":"https:\/\/spinbetter.app\/ro\/wp-json\/wp\/v2\/users\/1"}],"replies":[{"embeddable":true,"href":"https:\/\/spinbetter.app\/ro\/wp-json\/wp\/v2\/comments?post=414"}],"version-history":[{"count":1,"href":"https:\/\/spinbetter.app\/ro\/wp-json\/wp\/v2\/pages\/414\/revisions"}],"predecessor-version":[{"id":415,"href":"https:\/\/spinbetter.app\/ro\/wp-json\/wp\/v2\/pages\/414\/revisions\/415"}],"up":[{"embeddable":true,"href":"https:\/\/spinbetter.app\/ro\/wp-json\/wp\/v2\/pages\/152"}],"wp:attachment":[{"href":"https:\/\/spinbetter.app\/ro\/wp-json\/wp\/v2\/media?parent=414"}],"curies":[{"name":"wp","href":"https:\/\/api.w.org\/{rel}","templated":true}]}}