{"id":235,"date":"2024-10-22T10:19:54","date_gmt":"2024-10-22T10:19:54","guid":{"rendered":"https:\/\/spinbetter.app\/sv\/?page_id=235"},"modified":"2025-06-19T22:07:11","modified_gmt":"2025-06-19T22:07:11","slug":"partners","status":"publish","type":"page","link":"https:\/\/spinbetter.app\/se\/partners\/","title":{"rendered":"Samarbetspartners"},"content":{"rendered":"","protected":false},"excerpt":{"rendered":"","protected":false},"author":1,"featured_media":0,"parent":0,"menu_order":0,"comment_status":"closed","ping_status":"closed","template":"","meta":{"footnotes":""},"class_list":["post-235","page","type-page","status-publish","hentry"],"yoast_head":"<!-- This site is optimized with the Yoast SEO plugin v23.4 - https:\/\/yoast.com\/wordpress\/plugins\/seo\/ -->\n<title>SpinBetter Partners &gt; B\u00e4sta Casino Affiliate Program<\/title>\n<meta name=\"description\" content=\"G\u00e5 med i SpinBetter Partners och tj\u00e4na pengar p\u00e5 att h\u00e4nvisa spelare. H\u00f6ga vinster och de b\u00e4sta villkoren.\" \/>\n<meta name=\"robots\" content=\"index, follow, max-snippet:-1, max-image-preview:large, max-video-preview:-1\" \/>\n<meta property=\"og:locale\" content=\"sv_SE\" \/>\n<meta property=\"og:type\" content=\"article\" \/>\n<meta property=\"og:title\" content=\"SpinBetter Partners &gt; B\u00e4sta Casino Affiliate Program\" \/>\n<meta property=\"og:description\" content=\"G\u00e5 med i SpinBetter Partners och tj\u00e4na pengar p\u00e5 att h\u00e4nvisa spelare. H\u00f6ga vinster och de b\u00e4sta villkoren.\" \/>\n<meta property=\"og:url\" content=\"https:\/\/spinbetter.app\/se\/partners\/\" \/>\n<meta property=\"og:site_name\" content=\"Spinbetter App SE\" \/>\n<meta property=\"article:modified_time\" content=\"2025-06-19T22:07:11+00:00\" \/>\n<meta name=\"twitter:card\" content=\"summary_large_image\" \/>\n<script type=\"application\/ld+json\" class=\"yoast-schema-graph\">{\"@context\":\"https:\/\/schema.org\",\"@graph\":[{\"@type\":\"WebPage\",\"@id\":\"https:\/\/spinbetter.app\/se\/partners\/\",\"url\":\"https:\/\/spinbetter.app\/se\/partners\/\",\"name\":\"SpinBetter Partners > B\u00e4sta Casino Affiliate Program\",\"isPartOf\":{\"@id\":\"https:\/\/spinbetter.app\/se\/#website\"},\"datePublished\":\"2024-10-22T10:19:54+00:00\",\"dateModified\":\"2025-06-19T22:07:11+00:00\",\"description\":\"G\u00e5 med i SpinBetter Partners och tj\u00e4na pengar p\u00e5 att h\u00e4nvisa spelare. H\u00f6ga vinster och de b\u00e4sta villkoren.\",\"breadcrumb\":{\"@id\":\"https:\/\/spinbetter.app\/se\/partners\/#breadcrumb\"},\"inLanguage\":\"sv-SE\",\"potentialAction\":[{\"@type\":\"ReadAction\",\"target\":[\"https:\/\/spinbetter.app\/se\/partners\/\"]}]},{\"@type\":\"BreadcrumbList\",\"@id\":\"https:\/\/spinbetter.app\/se\/partners\/#breadcrumb\",\"itemListElement\":[{\"@type\":\"ListItem\",\"position\":1,\"name\":\"Home\",\"item\":\"https:\/\/spinbetter.app\/se\/\"},{\"@type\":\"ListItem\",\"position\":2,\"name\":\"Samarbetspartners\"}]},{\"@type\":\"WebSite\",\"@id\":\"https:\/\/spinbetter.app\/se\/#website\",\"url\":\"https:\/\/spinbetter.app\/se\/\",\"name\":\"Spinbetter App SE\",\"description\":\"\",\"potentialAction\":[{\"@type\":\"SearchAction\",\"target\":{\"@type\":\"EntryPoint\",\"urlTemplate\":\"https:\/\/spinbetter.app\/se\/?s={search_term_string}\"},\"query-input\":{\"@type\":\"PropertyValueSpecification\",\"valueRequired\":true,\"valueName\":\"search_term_string\"}}],\"inLanguage\":\"sv-SE\"}]}<\/script>\n<!-- \/ Yoast SEO plugin. -->","yoast_head_json":{"title":"SpinBetter Partners > B\u00e4sta Casino Affiliate Program","description":"G\u00e5 med i SpinBetter Partners och tj\u00e4na pengar p\u00e5 att h\u00e4nvisa spelare. H\u00f6ga vinster och de b\u00e4sta villkoren.","robots":{"index":"index","follow":"follow","max-snippet":"max-snippet:-1","max-image-preview":"max-image-preview:large","max-video-preview":"max-video-preview:-1"},"og_locale":"sv_SE","og_type":"article","og_title":"SpinBetter Partners > B\u00e4sta Casino Affiliate Program","og_description":"G\u00e5 med i SpinBetter Partners och tj\u00e4na pengar p\u00e5 att h\u00e4nvisa spelare. H\u00f6ga vinster och de b\u00e4sta villkoren.","og_url":"https:\/\/spinbetter.app\/se\/partners\/","og_site_name":"Spinbetter App SE","article_modified_time":"2025-06-19T22:07:11+00:00","twitter_card":"summary_large_image","schema":{"@context":"https:\/\/schema.org","@graph":[{"@type":"WebPage","@id":"https:\/\/spinbetter.app\/se\/partners\/","url":"https:\/\/spinbetter.app\/se\/partners\/","name":"SpinBetter Partners > B\u00e4sta Casino Affiliate Program","isPartOf":{"@id":"https:\/\/spinbetter.app\/se\/#website"},"datePublished":"2024-10-22T10:19:54+00:00","dateModified":"2025-06-19T22:07:11+00:00","description":"G\u00e5 med i SpinBetter Partners och tj\u00e4na pengar p\u00e5 att h\u00e4nvisa spelare. H\u00f6ga vinster och de b\u00e4sta villkoren.","breadcrumb":{"@id":"https:\/\/spinbetter.app\/se\/partners\/#breadcrumb"},"inLanguage":"sv-SE","potentialAction":[{"@type":"ReadAction","target":["https:\/\/spinbetter.app\/se\/partners\/"]}]},{"@type":"BreadcrumbList","@id":"https:\/\/spinbetter.app\/se\/partners\/#breadcrumb","itemListElement":[{"@type":"ListItem","position":1,"name":"Home","item":"https:\/\/spinbetter.app\/se\/"},{"@type":"ListItem","position":2,"name":"Samarbetspartners"}]},{"@type":"WebSite","@id":"https:\/\/spinbetter.app\/se\/#website","url":"https:\/\/spinbetter.app\/se\/","name":"Spinbetter App SE","description":"","potentialAction":[{"@type":"SearchAction","target":{"@type":"EntryPoint","urlTemplate":"https:\/\/spinbetter.app\/se\/?s={search_term_string}"},"query-input":{"@type":"PropertyValueSpecification","valueRequired":true,"valueName":"search_term_string"}}],"inLanguage":"sv-SE"}]}},"_links":{"self":[{"href":"https:\/\/spinbetter.app\/se\/wp-json\/wp\/v2\/pages\/235"}],"collection":[{"href":"https:\/\/spinbetter.app\/se\/wp-json\/wp\/v2\/pages"}],"about":[{"href":"https:\/\/spinbetter.app\/se\/wp-json\/wp\/v2\/types\/page"}],"author":[{"embeddable":true,"href":"https:\/\/spinbetter.app\/se\/wp-json\/wp\/v2\/users\/1"}],"replies":[{"embeddable":true,"href":"https:\/\/spinbetter.app\/se\/wp-json\/wp\/v2\/comments?post=235"}],"version-history":[{"count":16,"href":"https:\/\/spinbetter.app\/se\/wp-json\/wp\/v2\/pages\/235\/revisions"}],"predecessor-version":[{"id":407,"href":"https:\/\/spinbetter.app\/se\/wp-json\/wp\/v2\/pages\/235\/revisions\/407"}],"wp:attachment":[{"href":"https:\/\/spinbetter.app\/se\/wp-json\/wp\/v2\/media?parent=235"}],"curies":[{"name":"wp","href":"https:\/\/api.w.org\/{rel}","templated":true}]}}