{"id":417,"date":"2025-07-02T11:32:07","date_gmt":"2025-07-02T11:32:07","guid":{"rendered":"https:\/\/spinbetter.app\/se\/?page_id=417"},"modified":"2025-07-02T11:32:17","modified_gmt":"2025-07-02T11:32:17","slug":"deposit-lottery","status":"publish","type":"page","link":"https:\/\/spinbetter.app\/se\/bonus\/deposit-lottery\/","title":{"rendered":"Ins\u00e4ttningslotteriet"},"content":{"rendered":"","protected":false},"excerpt":{"rendered":"","protected":false},"author":1,"featured_media":0,"parent":152,"menu_order":0,"comment_status":"closed","ping_status":"closed","template":"","meta":{"footnotes":""},"class_list":["post-417","page","type-page","status-publish","hentry"],"yoast_head":"<!-- This site is optimized with the Yoast SEO plugin v23.4 - https:\/\/yoast.com\/wordpress\/plugins\/seo\/ -->\n<title>SpinBetter Ins\u00e4ttningslotteri \ud83e\udc12 Vinn gratisspel<\/title>\n<meta name=\"description\" content=\"S\u00e4tt in fr\u00e5n 3 EUR, f\u00e5 lotter och delta i veckodragningar f\u00f6r 30 000 EUR och 2 000 000 kampanjpo\u00e4ng. Fler ins\u00e4ttningar - fler chanser att vinna!\" \/>\n<meta name=\"robots\" content=\"index, follow, max-snippet:-1, max-image-preview:large, max-video-preview:-1\" \/>\n<meta property=\"og:locale\" content=\"sv_SE\" \/>\n<meta property=\"og:type\" content=\"article\" \/>\n<meta property=\"og:title\" content=\"SpinBetter Ins\u00e4ttningslotteri \ud83e\udc12 Vinn gratisspel\" \/>\n<meta property=\"og:description\" content=\"S\u00e4tt in fr\u00e5n 3 EUR, f\u00e5 lotter och delta i veckodragningar f\u00f6r 30 000 EUR och 2 000 000 kampanjpo\u00e4ng. Fler ins\u00e4ttningar - fler chanser att vinna!\" \/>\n<meta property=\"og:url\" content=\"https:\/\/spinbetter.app\/se\/bonus\/deposit-lottery\/\" \/>\n<meta property=\"og:site_name\" content=\"Spinbetter App SE\" \/>\n<meta property=\"article:modified_time\" content=\"2025-07-02T11:32:17+00:00\" \/>\n<meta name=\"twitter:card\" content=\"summary_large_image\" \/>\n<script type=\"application\/ld+json\" class=\"yoast-schema-graph\">{\"@context\":\"https:\/\/schema.org\",\"@graph\":[{\"@type\":\"WebPage\",\"@id\":\"https:\/\/spinbetter.app\/se\/bonus\/deposit-lottery\/\",\"url\":\"https:\/\/spinbetter.app\/se\/bonus\/deposit-lottery\/\",\"name\":\"SpinBetter Ins\u00e4ttningslotteri \ud83e\udc12 Vinn gratisspel\",\"isPartOf\":{\"@id\":\"https:\/\/spinbetter.app\/se\/#website\"},\"datePublished\":\"2025-07-02T11:32:07+00:00\",\"dateModified\":\"2025-07-02T11:32:17+00:00\",\"description\":\"S\u00e4tt in fr\u00e5n 3 EUR, f\u00e5 lotter och delta i veckodragningar f\u00f6r 30 000 EUR och 2 000 000 kampanjpo\u00e4ng. Fler ins\u00e4ttningar - fler chanser att vinna!\",\"breadcrumb\":{\"@id\":\"https:\/\/spinbetter.app\/se\/bonus\/deposit-lottery\/#breadcrumb\"},\"inLanguage\":\"sv-SE\",\"potentialAction\":[{\"@type\":\"ReadAction\",\"target\":[\"https:\/\/spinbetter.app\/se\/bonus\/deposit-lottery\/\"]}]},{\"@type\":\"BreadcrumbList\",\"@id\":\"https:\/\/spinbetter.app\/se\/bonus\/deposit-lottery\/#breadcrumb\",\"itemListElement\":[{\"@type\":\"ListItem\",\"position\":1,\"name\":\"Home\",\"item\":\"https:\/\/spinbetter.app\/se\/\"},{\"@type\":\"ListItem\",\"position\":2,\"name\":\"Bonus\",\"item\":\"https:\/\/spinbetter.app\/se\/bonus\/\"},{\"@type\":\"ListItem\",\"position\":3,\"name\":\"Ins\u00e4ttningslotteriet\"}]},{\"@type\":\"WebSite\",\"@id\":\"https:\/\/spinbetter.app\/se\/#website\",\"url\":\"https:\/\/spinbetter.app\/se\/\",\"name\":\"Spinbetter App SE\",\"description\":\"\",\"potentialAction\":[{\"@type\":\"SearchAction\",\"target\":{\"@type\":\"EntryPoint\",\"urlTemplate\":\"https:\/\/spinbetter.app\/se\/?s={search_term_string}\"},\"query-input\":{\"@type\":\"PropertyValueSpecification\",\"valueRequired\":true,\"valueName\":\"search_term_string\"}}],\"inLanguage\":\"sv-SE\"}]}<\/script>\n<!-- \/ Yoast SEO plugin. -->","yoast_head_json":{"title":"SpinBetter Ins\u00e4ttningslotteri \ud83e\udc12 Vinn gratisspel","description":"S\u00e4tt in fr\u00e5n 3 EUR, f\u00e5 lotter och delta i veckodragningar f\u00f6r 30 000 EUR och 2 000 000 kampanjpo\u00e4ng. Fler ins\u00e4ttningar - fler chanser att vinna!","robots":{"index":"index","follow":"follow","max-snippet":"max-snippet:-1","max-image-preview":"max-image-preview:large","max-video-preview":"max-video-preview:-1"},"og_locale":"sv_SE","og_type":"article","og_title":"SpinBetter Ins\u00e4ttningslotteri \ud83e\udc12 Vinn gratisspel","og_description":"S\u00e4tt in fr\u00e5n 3 EUR, f\u00e5 lotter och delta i veckodragningar f\u00f6r 30 000 EUR och 2 000 000 kampanjpo\u00e4ng. Fler ins\u00e4ttningar - fler chanser att vinna!","og_url":"https:\/\/spinbetter.app\/se\/bonus\/deposit-lottery\/","og_site_name":"Spinbetter App SE","article_modified_time":"2025-07-02T11:32:17+00:00","twitter_card":"summary_large_image","schema":{"@context":"https:\/\/schema.org","@graph":[{"@type":"WebPage","@id":"https:\/\/spinbetter.app\/se\/bonus\/deposit-lottery\/","url":"https:\/\/spinbetter.app\/se\/bonus\/deposit-lottery\/","name":"SpinBetter Ins\u00e4ttningslotteri \ud83e\udc12 Vinn gratisspel","isPartOf":{"@id":"https:\/\/spinbetter.app\/se\/#website"},"datePublished":"2025-07-02T11:32:07+00:00","dateModified":"2025-07-02T11:32:17+00:00","description":"S\u00e4tt in fr\u00e5n 3 EUR, f\u00e5 lotter och delta i veckodragningar f\u00f6r 30 000 EUR och 2 000 000 kampanjpo\u00e4ng. Fler ins\u00e4ttningar - fler chanser att vinna!","breadcrumb":{"@id":"https:\/\/spinbetter.app\/se\/bonus\/deposit-lottery\/#breadcrumb"},"inLanguage":"sv-SE","potentialAction":[{"@type":"ReadAction","target":["https:\/\/spinbetter.app\/se\/bonus\/deposit-lottery\/"]}]},{"@type":"BreadcrumbList","@id":"https:\/\/spinbetter.app\/se\/bonus\/deposit-lottery\/#breadcrumb","itemListElement":[{"@type":"ListItem","position":1,"name":"Home","item":"https:\/\/spinbetter.app\/se\/"},{"@type":"ListItem","position":2,"name":"Bonus","item":"https:\/\/spinbetter.app\/se\/bonus\/"},{"@type":"ListItem","position":3,"name":"Ins\u00e4ttningslotteriet"}]},{"@type":"WebSite","@id":"https:\/\/spinbetter.app\/se\/#website","url":"https:\/\/spinbetter.app\/se\/","name":"Spinbetter App SE","description":"","potentialAction":[{"@type":"SearchAction","target":{"@type":"EntryPoint","urlTemplate":"https:\/\/spinbetter.app\/se\/?s={search_term_string}"},"query-input":{"@type":"PropertyValueSpecification","valueRequired":true,"valueName":"search_term_string"}}],"inLanguage":"sv-SE"}]}},"_links":{"self":[{"href":"https:\/\/spinbetter.app\/se\/wp-json\/wp\/v2\/pages\/417"}],"collection":[{"href":"https:\/\/spinbetter.app\/se\/wp-json\/wp\/v2\/pages"}],"about":[{"href":"https:\/\/spinbetter.app\/se\/wp-json\/wp\/v2\/types\/page"}],"author":[{"embeddable":true,"href":"https:\/\/spinbetter.app\/se\/wp-json\/wp\/v2\/users\/1"}],"replies":[{"embeddable":true,"href":"https:\/\/spinbetter.app\/se\/wp-json\/wp\/v2\/comments?post=417"}],"version-history":[{"count":1,"href":"https:\/\/spinbetter.app\/se\/wp-json\/wp\/v2\/pages\/417\/revisions"}],"predecessor-version":[{"id":418,"href":"https:\/\/spinbetter.app\/se\/wp-json\/wp\/v2\/pages\/417\/revisions\/418"}],"up":[{"embeddable":true,"href":"https:\/\/spinbetter.app\/se\/wp-json\/wp\/v2\/pages\/152"}],"wp:attachment":[{"href":"https:\/\/spinbetter.app\/se\/wp-json\/wp\/v2\/media?parent=417"}],"curies":[{"name":"wp","href":"https:\/\/api.w.org\/{rel}","templated":true}]}}