{"id":421,"date":"2025-07-02T11:37:19","date_gmt":"2025-07-02T11:37:19","guid":{"rendered":"https:\/\/spinbetter.app\/se\/?page_id=421"},"modified":"2025-07-02T11:37:32","modified_gmt":"2025-07-02T11:37:32","slug":"freebet","status":"publish","type":"page","link":"https:\/\/spinbetter.app\/se\/bonus\/freebet\/","title":{"rendered":"Gratisspel"},"content":{"rendered":"","protected":false},"excerpt":{"rendered":"","protected":false},"author":1,"featured_media":0,"parent":152,"menu_order":0,"comment_status":"closed","ping_status":"closed","template":"","meta":{"footnotes":""},"class_list":["post-421","page","type-page","status-publish","hentry"],"yoast_head":"<!-- This site is optimized with the Yoast SEO plugin v23.4 - https:\/\/yoast.com\/wordpress\/plugins\/seo\/ -->\n<title>Spela p\u00e5 SpinBetter-appen \ud83e\udc12 Gratisspel upp till 10 EUR<\/title>\n<meta name=\"description\" content=\"Ladda ner SpinBetter-appen, l\u00e4gg 10 spel fr\u00e5n 1 EUR och f\u00e5 ett gratisspel p\u00e5 upp till 10 EUR. Satsa bekv\u00e4mt - vinn mer!\" \/>\n<meta name=\"robots\" content=\"index, follow, max-snippet:-1, max-image-preview:large, max-video-preview:-1\" \/>\n<meta property=\"og:locale\" content=\"sv_SE\" \/>\n<meta property=\"og:type\" content=\"article\" \/>\n<meta property=\"og:title\" content=\"Spela p\u00e5 SpinBetter-appen \ud83e\udc12 Gratisspel upp till 10 EUR\" \/>\n<meta property=\"og:description\" content=\"Ladda ner SpinBetter-appen, l\u00e4gg 10 spel fr\u00e5n 1 EUR och f\u00e5 ett gratisspel p\u00e5 upp till 10 EUR. Satsa bekv\u00e4mt - vinn mer!\" \/>\n<meta property=\"og:url\" content=\"https:\/\/spinbetter.app\/se\/bonus\/freebet\/\" \/>\n<meta property=\"og:site_name\" content=\"Spinbetter App SE\" \/>\n<meta property=\"article:modified_time\" content=\"2025-07-02T11:37:32+00:00\" \/>\n<meta name=\"twitter:card\" content=\"summary_large_image\" \/>\n<script type=\"application\/ld+json\" class=\"yoast-schema-graph\">{\"@context\":\"https:\/\/schema.org\",\"@graph\":[{\"@type\":\"WebPage\",\"@id\":\"https:\/\/spinbetter.app\/se\/bonus\/freebet\/\",\"url\":\"https:\/\/spinbetter.app\/se\/bonus\/freebet\/\",\"name\":\"Spela p\u00e5 SpinBetter-appen \ud83e\udc12 Gratisspel upp till 10 EUR\",\"isPartOf\":{\"@id\":\"https:\/\/spinbetter.app\/se\/#website\"},\"datePublished\":\"2025-07-02T11:37:19+00:00\",\"dateModified\":\"2025-07-02T11:37:32+00:00\",\"description\":\"Ladda ner SpinBetter-appen, l\u00e4gg 10 spel fr\u00e5n 1 EUR och f\u00e5 ett gratisspel p\u00e5 upp till 10 EUR. Satsa bekv\u00e4mt - vinn mer!\",\"breadcrumb\":{\"@id\":\"https:\/\/spinbetter.app\/se\/bonus\/freebet\/#breadcrumb\"},\"inLanguage\":\"sv-SE\",\"potentialAction\":[{\"@type\":\"ReadAction\",\"target\":[\"https:\/\/spinbetter.app\/se\/bonus\/freebet\/\"]}]},{\"@type\":\"BreadcrumbList\",\"@id\":\"https:\/\/spinbetter.app\/se\/bonus\/freebet\/#breadcrumb\",\"itemListElement\":[{\"@type\":\"ListItem\",\"position\":1,\"name\":\"Home\",\"item\":\"https:\/\/spinbetter.app\/se\/\"},{\"@type\":\"ListItem\",\"position\":2,\"name\":\"Bonus\",\"item\":\"https:\/\/spinbetter.app\/se\/bonus\/\"},{\"@type\":\"ListItem\",\"position\":3,\"name\":\"Gratisspel\"}]},{\"@type\":\"WebSite\",\"@id\":\"https:\/\/spinbetter.app\/se\/#website\",\"url\":\"https:\/\/spinbetter.app\/se\/\",\"name\":\"Spinbetter App SE\",\"description\":\"\",\"potentialAction\":[{\"@type\":\"SearchAction\",\"target\":{\"@type\":\"EntryPoint\",\"urlTemplate\":\"https:\/\/spinbetter.app\/se\/?s={search_term_string}\"},\"query-input\":{\"@type\":\"PropertyValueSpecification\",\"valueRequired\":true,\"valueName\":\"search_term_string\"}}],\"inLanguage\":\"sv-SE\"}]}<\/script>\n<!-- \/ Yoast SEO plugin. -->","yoast_head_json":{"title":"Spela p\u00e5 SpinBetter-appen \ud83e\udc12 Gratisspel upp till 10 EUR","description":"Ladda ner SpinBetter-appen, l\u00e4gg 10 spel fr\u00e5n 1 EUR och f\u00e5 ett gratisspel p\u00e5 upp till 10 EUR. Satsa bekv\u00e4mt - vinn mer!","robots":{"index":"index","follow":"follow","max-snippet":"max-snippet:-1","max-image-preview":"max-image-preview:large","max-video-preview":"max-video-preview:-1"},"og_locale":"sv_SE","og_type":"article","og_title":"Spela p\u00e5 SpinBetter-appen \ud83e\udc12 Gratisspel upp till 10 EUR","og_description":"Ladda ner SpinBetter-appen, l\u00e4gg 10 spel fr\u00e5n 1 EUR och f\u00e5 ett gratisspel p\u00e5 upp till 10 EUR. Satsa bekv\u00e4mt - vinn mer!","og_url":"https:\/\/spinbetter.app\/se\/bonus\/freebet\/","og_site_name":"Spinbetter App SE","article_modified_time":"2025-07-02T11:37:32+00:00","twitter_card":"summary_large_image","schema":{"@context":"https:\/\/schema.org","@graph":[{"@type":"WebPage","@id":"https:\/\/spinbetter.app\/se\/bonus\/freebet\/","url":"https:\/\/spinbetter.app\/se\/bonus\/freebet\/","name":"Spela p\u00e5 SpinBetter-appen \ud83e\udc12 Gratisspel upp till 10 EUR","isPartOf":{"@id":"https:\/\/spinbetter.app\/se\/#website"},"datePublished":"2025-07-02T11:37:19+00:00","dateModified":"2025-07-02T11:37:32+00:00","description":"Ladda ner SpinBetter-appen, l\u00e4gg 10 spel fr\u00e5n 1 EUR och f\u00e5 ett gratisspel p\u00e5 upp till 10 EUR. Satsa bekv\u00e4mt - vinn mer!","breadcrumb":{"@id":"https:\/\/spinbetter.app\/se\/bonus\/freebet\/#breadcrumb"},"inLanguage":"sv-SE","potentialAction":[{"@type":"ReadAction","target":["https:\/\/spinbetter.app\/se\/bonus\/freebet\/"]}]},{"@type":"BreadcrumbList","@id":"https:\/\/spinbetter.app\/se\/bonus\/freebet\/#breadcrumb","itemListElement":[{"@type":"ListItem","position":1,"name":"Home","item":"https:\/\/spinbetter.app\/se\/"},{"@type":"ListItem","position":2,"name":"Bonus","item":"https:\/\/spinbetter.app\/se\/bonus\/"},{"@type":"ListItem","position":3,"name":"Gratisspel"}]},{"@type":"WebSite","@id":"https:\/\/spinbetter.app\/se\/#website","url":"https:\/\/spinbetter.app\/se\/","name":"Spinbetter App SE","description":"","potentialAction":[{"@type":"SearchAction","target":{"@type":"EntryPoint","urlTemplate":"https:\/\/spinbetter.app\/se\/?s={search_term_string}"},"query-input":{"@type":"PropertyValueSpecification","valueRequired":true,"valueName":"search_term_string"}}],"inLanguage":"sv-SE"}]}},"_links":{"self":[{"href":"https:\/\/spinbetter.app\/se\/wp-json\/wp\/v2\/pages\/421"}],"collection":[{"href":"https:\/\/spinbetter.app\/se\/wp-json\/wp\/v2\/pages"}],"about":[{"href":"https:\/\/spinbetter.app\/se\/wp-json\/wp\/v2\/types\/page"}],"author":[{"embeddable":true,"href":"https:\/\/spinbetter.app\/se\/wp-json\/wp\/v2\/users\/1"}],"replies":[{"embeddable":true,"href":"https:\/\/spinbetter.app\/se\/wp-json\/wp\/v2\/comments?post=421"}],"version-history":[{"count":1,"href":"https:\/\/spinbetter.app\/se\/wp-json\/wp\/v2\/pages\/421\/revisions"}],"predecessor-version":[{"id":422,"href":"https:\/\/spinbetter.app\/se\/wp-json\/wp\/v2\/pages\/421\/revisions\/422"}],"up":[{"embeddable":true,"href":"https:\/\/spinbetter.app\/se\/wp-json\/wp\/v2\/pages\/152"}],"wp:attachment":[{"href":"https:\/\/spinbetter.app\/se\/wp-json\/wp\/v2\/media?parent=421"}],"curies":[{"name":"wp","href":"https:\/\/api.w.org\/{rel}","templated":true}]}}