{"id":423,"date":"2025-07-02T11:39:54","date_gmt":"2025-07-02T11:39:54","guid":{"rendered":"https:\/\/spinbetter.app\/se\/?page_id=423"},"modified":"2025-07-02T11:40:02","modified_gmt":"2025-07-02T11:40:02","slug":"bad-bets","status":"publish","type":"page","link":"https:\/\/spinbetter.app\/se\/bonus\/bad-bets\/","title":{"rendered":"D\u00e5liga satsningar"},"content":{"rendered":"","protected":false},"excerpt":{"rendered":"","protected":false},"author":1,"featured_media":0,"parent":152,"menu_order":0,"comment_status":"closed","ping_status":"closed","template":"","meta":{"footnotes":""},"class_list":["post-423","page","type-page","status-publish","hentry"],"yoast_head":"<!-- This site is optimized with the Yoast SEO plugin v23.4 - https:\/\/yoast.com\/wordpress\/plugins\/seo\/ -->\n<title>SpinBetter-bonus f\u00f6r misslyckade spel \ud83e\udc12 upp till 500 EUR<\/title>\n<meta name=\"description\" content=\"F\u00f6rlorat 20 spel i rad? F\u00e5 en bonus p\u00e5 upp till 500 EUR beroende p\u00e5 beloppet p\u00e5 dina insatser. SpinBetter casino st\u00f6der sina spelare \u00e4ven i sv\u00e5ra stunder!\" \/>\n<meta name=\"robots\" content=\"index, follow, max-snippet:-1, max-image-preview:large, max-video-preview:-1\" \/>\n<meta property=\"og:locale\" content=\"sv_SE\" \/>\n<meta property=\"og:type\" content=\"article\" \/>\n<meta property=\"og:title\" content=\"SpinBetter-bonus f\u00f6r misslyckade spel \ud83e\udc12 upp till 500 EUR\" \/>\n<meta property=\"og:description\" content=\"F\u00f6rlorat 20 spel i rad? F\u00e5 en bonus p\u00e5 upp till 500 EUR beroende p\u00e5 beloppet p\u00e5 dina insatser. SpinBetter casino st\u00f6der sina spelare \u00e4ven i sv\u00e5ra stunder!\" \/>\n<meta property=\"og:url\" content=\"https:\/\/spinbetter.app\/se\/bonus\/bad-bets\/\" \/>\n<meta property=\"og:site_name\" content=\"Spinbetter App SE\" \/>\n<meta property=\"article:modified_time\" content=\"2025-07-02T11:40:02+00:00\" \/>\n<meta name=\"twitter:card\" content=\"summary_large_image\" \/>\n<script type=\"application\/ld+json\" class=\"yoast-schema-graph\">{\"@context\":\"https:\/\/schema.org\",\"@graph\":[{\"@type\":\"WebPage\",\"@id\":\"https:\/\/spinbetter.app\/se\/bonus\/bad-bets\/\",\"url\":\"https:\/\/spinbetter.app\/se\/bonus\/bad-bets\/\",\"name\":\"SpinBetter-bonus f\u00f6r misslyckade spel \ud83e\udc12 upp till 500 EUR\",\"isPartOf\":{\"@id\":\"https:\/\/spinbetter.app\/se\/#website\"},\"datePublished\":\"2025-07-02T11:39:54+00:00\",\"dateModified\":\"2025-07-02T11:40:02+00:00\",\"description\":\"F\u00f6rlorat 20 spel i rad? F\u00e5 en bonus p\u00e5 upp till 500 EUR beroende p\u00e5 beloppet p\u00e5 dina insatser. SpinBetter casino st\u00f6der sina spelare \u00e4ven i sv\u00e5ra stunder!\",\"breadcrumb\":{\"@id\":\"https:\/\/spinbetter.app\/se\/bonus\/bad-bets\/#breadcrumb\"},\"inLanguage\":\"sv-SE\",\"potentialAction\":[{\"@type\":\"ReadAction\",\"target\":[\"https:\/\/spinbetter.app\/se\/bonus\/bad-bets\/\"]}]},{\"@type\":\"BreadcrumbList\",\"@id\":\"https:\/\/spinbetter.app\/se\/bonus\/bad-bets\/#breadcrumb\",\"itemListElement\":[{\"@type\":\"ListItem\",\"position\":1,\"name\":\"Home\",\"item\":\"https:\/\/spinbetter.app\/se\/\"},{\"@type\":\"ListItem\",\"position\":2,\"name\":\"Bonus\",\"item\":\"https:\/\/spinbetter.app\/se\/bonus\/\"},{\"@type\":\"ListItem\",\"position\":3,\"name\":\"D\u00e5liga satsningar\"}]},{\"@type\":\"WebSite\",\"@id\":\"https:\/\/spinbetter.app\/se\/#website\",\"url\":\"https:\/\/spinbetter.app\/se\/\",\"name\":\"Spinbetter App SE\",\"description\":\"\",\"potentialAction\":[{\"@type\":\"SearchAction\",\"target\":{\"@type\":\"EntryPoint\",\"urlTemplate\":\"https:\/\/spinbetter.app\/se\/?s={search_term_string}\"},\"query-input\":{\"@type\":\"PropertyValueSpecification\",\"valueRequired\":true,\"valueName\":\"search_term_string\"}}],\"inLanguage\":\"sv-SE\"}]}<\/script>\n<!-- \/ Yoast SEO plugin. -->","yoast_head_json":{"title":"SpinBetter-bonus f\u00f6r misslyckade spel \ud83e\udc12 upp till 500 EUR","description":"F\u00f6rlorat 20 spel i rad? F\u00e5 en bonus p\u00e5 upp till 500 EUR beroende p\u00e5 beloppet p\u00e5 dina insatser. SpinBetter casino st\u00f6der sina spelare \u00e4ven i sv\u00e5ra stunder!","robots":{"index":"index","follow":"follow","max-snippet":"max-snippet:-1","max-image-preview":"max-image-preview:large","max-video-preview":"max-video-preview:-1"},"og_locale":"sv_SE","og_type":"article","og_title":"SpinBetter-bonus f\u00f6r misslyckade spel \ud83e\udc12 upp till 500 EUR","og_description":"F\u00f6rlorat 20 spel i rad? F\u00e5 en bonus p\u00e5 upp till 500 EUR beroende p\u00e5 beloppet p\u00e5 dina insatser. SpinBetter casino st\u00f6der sina spelare \u00e4ven i sv\u00e5ra stunder!","og_url":"https:\/\/spinbetter.app\/se\/bonus\/bad-bets\/","og_site_name":"Spinbetter App SE","article_modified_time":"2025-07-02T11:40:02+00:00","twitter_card":"summary_large_image","schema":{"@context":"https:\/\/schema.org","@graph":[{"@type":"WebPage","@id":"https:\/\/spinbetter.app\/se\/bonus\/bad-bets\/","url":"https:\/\/spinbetter.app\/se\/bonus\/bad-bets\/","name":"SpinBetter-bonus f\u00f6r misslyckade spel \ud83e\udc12 upp till 500 EUR","isPartOf":{"@id":"https:\/\/spinbetter.app\/se\/#website"},"datePublished":"2025-07-02T11:39:54+00:00","dateModified":"2025-07-02T11:40:02+00:00","description":"F\u00f6rlorat 20 spel i rad? F\u00e5 en bonus p\u00e5 upp till 500 EUR beroende p\u00e5 beloppet p\u00e5 dina insatser. SpinBetter casino st\u00f6der sina spelare \u00e4ven i sv\u00e5ra stunder!","breadcrumb":{"@id":"https:\/\/spinbetter.app\/se\/bonus\/bad-bets\/#breadcrumb"},"inLanguage":"sv-SE","potentialAction":[{"@type":"ReadAction","target":["https:\/\/spinbetter.app\/se\/bonus\/bad-bets\/"]}]},{"@type":"BreadcrumbList","@id":"https:\/\/spinbetter.app\/se\/bonus\/bad-bets\/#breadcrumb","itemListElement":[{"@type":"ListItem","position":1,"name":"Home","item":"https:\/\/spinbetter.app\/se\/"},{"@type":"ListItem","position":2,"name":"Bonus","item":"https:\/\/spinbetter.app\/se\/bonus\/"},{"@type":"ListItem","position":3,"name":"D\u00e5liga satsningar"}]},{"@type":"WebSite","@id":"https:\/\/spinbetter.app\/se\/#website","url":"https:\/\/spinbetter.app\/se\/","name":"Spinbetter App SE","description":"","potentialAction":[{"@type":"SearchAction","target":{"@type":"EntryPoint","urlTemplate":"https:\/\/spinbetter.app\/se\/?s={search_term_string}"},"query-input":{"@type":"PropertyValueSpecification","valueRequired":true,"valueName":"search_term_string"}}],"inLanguage":"sv-SE"}]}},"_links":{"self":[{"href":"https:\/\/spinbetter.app\/se\/wp-json\/wp\/v2\/pages\/423"}],"collection":[{"href":"https:\/\/spinbetter.app\/se\/wp-json\/wp\/v2\/pages"}],"about":[{"href":"https:\/\/spinbetter.app\/se\/wp-json\/wp\/v2\/types\/page"}],"author":[{"embeddable":true,"href":"https:\/\/spinbetter.app\/se\/wp-json\/wp\/v2\/users\/1"}],"replies":[{"embeddable":true,"href":"https:\/\/spinbetter.app\/se\/wp-json\/wp\/v2\/comments?post=423"}],"version-history":[{"count":1,"href":"https:\/\/spinbetter.app\/se\/wp-json\/wp\/v2\/pages\/423\/revisions"}],"predecessor-version":[{"id":424,"href":"https:\/\/spinbetter.app\/se\/wp-json\/wp\/v2\/pages\/423\/revisions\/424"}],"up":[{"embeddable":true,"href":"https:\/\/spinbetter.app\/se\/wp-json\/wp\/v2\/pages\/152"}],"wp:attachment":[{"href":"https:\/\/spinbetter.app\/se\/wp-json\/wp\/v2\/media?parent=423"}],"curies":[{"name":"wp","href":"https:\/\/api.w.org\/{rel}","templated":true}]}}