{"id":152,"date":"2023-05-18T17:39:43","date_gmt":"2023-05-18T17:39:43","guid":{"rendered":"https:\/\/spinbetter.app\/sk\/?page_id=152"},"modified":"2026-01-13T13:32:04","modified_gmt":"2026-01-13T13:32:04","slug":"bonus","status":"publish","type":"page","link":"https:\/\/spinbetter.app\/sk\/bonus\/","title":{"rendered":"Bonus"},"content":{"rendered":"","protected":false},"excerpt":{"rendered":"","protected":false},"author":1,"featured_media":0,"parent":0,"menu_order":0,"comment_status":"closed","ping_status":"closed","template":"","meta":{"footnotes":""},"class_list":["post-152","page","type-page","status-publish","hentry"],"yoast_head":"<!-- This site is optimized with the Yoast SEO plugin v23.4 - https:\/\/yoast.com\/wordpress\/plugins\/seo\/ -->\n<title>Bonusy SpinBetter &gt; freebety, bonusy a propaga\u010dn\u00e9 akcie<\/title>\n<meta name=\"description\" content=\"Z\u00edskajte priazniv\u00e9 bonusy od SpinBetter! Bonusy za prv\u00fd vklad, \u0161peci\u00e1lne akcie a freebety. Zaregistrujte sa.\" \/>\n<meta name=\"robots\" content=\"index, follow, max-snippet:-1, max-image-preview:large, max-video-preview:-1\" \/>\n<meta property=\"og:locale\" content=\"sk_SK\" \/>\n<meta property=\"og:type\" content=\"article\" \/>\n<meta property=\"og:title\" content=\"Bonusy SpinBetter &gt; freebety, bonusy a propaga\u010dn\u00e9 akcie\" \/>\n<meta property=\"og:description\" content=\"Z\u00edskajte priazniv\u00e9 bonusy od SpinBetter! Bonusy za prv\u00fd vklad, \u0161peci\u00e1lne akcie a freebety. Zaregistrujte sa.\" \/>\n<meta property=\"og:url\" content=\"https:\/\/spinbetter.app\/sk\/bonus\/\" \/>\n<meta property=\"og:site_name\" content=\"Spinbetter App SK\" \/>\n<meta property=\"article:modified_time\" content=\"2026-01-13T13:32:04+00:00\" \/>\n<meta name=\"twitter:card\" content=\"summary_large_image\" \/>\n<script type=\"application\/ld+json\" class=\"yoast-schema-graph\">{\"@context\":\"https:\/\/schema.org\",\"@graph\":[{\"@type\":\"WebPage\",\"@id\":\"https:\/\/spinbetter.app\/sk\/bonus\/\",\"url\":\"https:\/\/spinbetter.app\/sk\/bonus\/\",\"name\":\"Bonusy SpinBetter > freebety, bonusy a propaga\u010dn\u00e9 akcie\",\"isPartOf\":{\"@id\":\"https:\/\/spinbetter.app\/sk\/#website\"},\"datePublished\":\"2023-05-18T17:39:43+00:00\",\"dateModified\":\"2026-01-13T13:32:04+00:00\",\"description\":\"Z\u00edskajte priazniv\u00e9 bonusy od SpinBetter! Bonusy za prv\u00fd vklad, \u0161peci\u00e1lne akcie a freebety. Zaregistrujte sa.\",\"breadcrumb\":{\"@id\":\"https:\/\/spinbetter.app\/sk\/bonus\/#breadcrumb\"},\"inLanguage\":\"sk-SK\",\"potentialAction\":[{\"@type\":\"ReadAction\",\"target\":[\"https:\/\/spinbetter.app\/sk\/bonus\/\"]}]},{\"@type\":\"BreadcrumbList\",\"@id\":\"https:\/\/spinbetter.app\/sk\/bonus\/#breadcrumb\",\"itemListElement\":[{\"@type\":\"ListItem\",\"position\":1,\"name\":\"Home\",\"item\":\"https:\/\/spinbetter.app\/sk\/\"},{\"@type\":\"ListItem\",\"position\":2,\"name\":\"Bonus\"}]},{\"@type\":\"WebSite\",\"@id\":\"https:\/\/spinbetter.app\/sk\/#website\",\"url\":\"https:\/\/spinbetter.app\/sk\/\",\"name\":\"Spinbetter App SK\",\"description\":\"\",\"potentialAction\":[{\"@type\":\"SearchAction\",\"target\":{\"@type\":\"EntryPoint\",\"urlTemplate\":\"https:\/\/spinbetter.app\/sk\/?s={search_term_string}\"},\"query-input\":{\"@type\":\"PropertyValueSpecification\",\"valueRequired\":true,\"valueName\":\"search_term_string\"}}],\"inLanguage\":\"sk-SK\"}]}<\/script>\n<!-- \/ Yoast SEO plugin. -->","yoast_head_json":{"title":"Bonusy SpinBetter > freebety, bonusy a propaga\u010dn\u00e9 akcie","description":"Z\u00edskajte priazniv\u00e9 bonusy od SpinBetter! Bonusy za prv\u00fd vklad, \u0161peci\u00e1lne akcie a freebety. Zaregistrujte sa.","robots":{"index":"index","follow":"follow","max-snippet":"max-snippet:-1","max-image-preview":"max-image-preview:large","max-video-preview":"max-video-preview:-1"},"og_locale":"sk_SK","og_type":"article","og_title":"Bonusy SpinBetter > freebety, bonusy a propaga\u010dn\u00e9 akcie","og_description":"Z\u00edskajte priazniv\u00e9 bonusy od SpinBetter! Bonusy za prv\u00fd vklad, \u0161peci\u00e1lne akcie a freebety. Zaregistrujte sa.","og_url":"https:\/\/spinbetter.app\/sk\/bonus\/","og_site_name":"Spinbetter App SK","article_modified_time":"2026-01-13T13:32:04+00:00","twitter_card":"summary_large_image","schema":{"@context":"https:\/\/schema.org","@graph":[{"@type":"WebPage","@id":"https:\/\/spinbetter.app\/sk\/bonus\/","url":"https:\/\/spinbetter.app\/sk\/bonus\/","name":"Bonusy SpinBetter > freebety, bonusy a propaga\u010dn\u00e9 akcie","isPartOf":{"@id":"https:\/\/spinbetter.app\/sk\/#website"},"datePublished":"2023-05-18T17:39:43+00:00","dateModified":"2026-01-13T13:32:04+00:00","description":"Z\u00edskajte priazniv\u00e9 bonusy od SpinBetter! Bonusy za prv\u00fd vklad, \u0161peci\u00e1lne akcie a freebety. Zaregistrujte sa.","breadcrumb":{"@id":"https:\/\/spinbetter.app\/sk\/bonus\/#breadcrumb"},"inLanguage":"sk-SK","potentialAction":[{"@type":"ReadAction","target":["https:\/\/spinbetter.app\/sk\/bonus\/"]}]},{"@type":"BreadcrumbList","@id":"https:\/\/spinbetter.app\/sk\/bonus\/#breadcrumb","itemListElement":[{"@type":"ListItem","position":1,"name":"Home","item":"https:\/\/spinbetter.app\/sk\/"},{"@type":"ListItem","position":2,"name":"Bonus"}]},{"@type":"WebSite","@id":"https:\/\/spinbetter.app\/sk\/#website","url":"https:\/\/spinbetter.app\/sk\/","name":"Spinbetter App SK","description":"","potentialAction":[{"@type":"SearchAction","target":{"@type":"EntryPoint","urlTemplate":"https:\/\/spinbetter.app\/sk\/?s={search_term_string}"},"query-input":{"@type":"PropertyValueSpecification","valueRequired":true,"valueName":"search_term_string"}}],"inLanguage":"sk-SK"}]}},"_links":{"self":[{"href":"https:\/\/spinbetter.app\/sk\/wp-json\/wp\/v2\/pages\/152"}],"collection":[{"href":"https:\/\/spinbetter.app\/sk\/wp-json\/wp\/v2\/pages"}],"about":[{"href":"https:\/\/spinbetter.app\/sk\/wp-json\/wp\/v2\/types\/page"}],"author":[{"embeddable":true,"href":"https:\/\/spinbetter.app\/sk\/wp-json\/wp\/v2\/users\/1"}],"replies":[{"embeddable":true,"href":"https:\/\/spinbetter.app\/sk\/wp-json\/wp\/v2\/comments?post=152"}],"version-history":[{"count":13,"href":"https:\/\/spinbetter.app\/sk\/wp-json\/wp\/v2\/pages\/152\/revisions"}],"predecessor-version":[{"id":417,"href":"https:\/\/spinbetter.app\/sk\/wp-json\/wp\/v2\/pages\/152\/revisions\/417"}],"wp:attachment":[{"href":"https:\/\/spinbetter.app\/sk\/wp-json\/wp\/v2\/media?parent=152"}],"curies":[{"name":"wp","href":"https:\/\/api.w.org\/{rel}","templated":true}]}}