{"id":200,"date":"2024-10-22T10:19:21","date_gmt":"2024-10-22T10:19:21","guid":{"rendered":"https:\/\/spinbetter.app\/sk\/?page_id=200"},"modified":"2025-06-19T21:44:47","modified_gmt":"2025-06-19T21:44:47","slug":"login","status":"publish","type":"page","link":"https:\/\/spinbetter.app\/sk\/login\/","title":{"rendered":"Prihl\u00e1senie"},"content":{"rendered":"","protected":false},"excerpt":{"rendered":"","protected":false},"author":1,"featured_media":0,"parent":0,"menu_order":0,"comment_status":"closed","ping_status":"closed","template":"","meta":{"footnotes":""},"class_list":["post-200","page","type-page","status-publish","hentry"],"yoast_head":"<!-- This site is optimized with the Yoast SEO plugin v23.4 - https:\/\/yoast.com\/wordpress\/plugins\/seo\/ -->\n<title>Prihl\u00e1senie do SpinBetter | Moje konto &gt; Autoriz\u00e1cia na str\u00e1nke<\/title>\n<meta name=\"description\" content=\"Prihl\u00e1ste sa do svojho \u00fa\u010dtu SpinBetter prostredn\u00edctvom ofici\u00e1lnej webovej str\u00e1nky. Autorizujte sa na st\u00e1vkovanie na \u0161porty a v kas\u00edne, z\u00edskajte pr\u00edstup k bonusom a spravujte svoj \u00fa\u010det\" \/>\n<meta name=\"robots\" content=\"index, follow, max-snippet:-1, max-image-preview:large, max-video-preview:-1\" \/>\n<meta property=\"og:locale\" content=\"sk_SK\" \/>\n<meta property=\"og:type\" content=\"article\" \/>\n<meta property=\"og:title\" content=\"Prihl\u00e1senie do SpinBetter | Moje konto &gt; Autoriz\u00e1cia na str\u00e1nke\" \/>\n<meta property=\"og:description\" content=\"Prihl\u00e1ste sa do svojho \u00fa\u010dtu SpinBetter prostredn\u00edctvom ofici\u00e1lnej webovej str\u00e1nky. Autorizujte sa na st\u00e1vkovanie na \u0161porty a v kas\u00edne, z\u00edskajte pr\u00edstup k bonusom a spravujte svoj \u00fa\u010det\" \/>\n<meta property=\"og:url\" content=\"https:\/\/spinbetter.app\/sk\/login\/\" \/>\n<meta property=\"og:site_name\" content=\"Spinbetter App SK\" \/>\n<meta property=\"article:modified_time\" content=\"2025-06-19T21:44:47+00:00\" \/>\n<meta name=\"twitter:card\" content=\"summary_large_image\" \/>\n<script type=\"application\/ld+json\" class=\"yoast-schema-graph\">{\"@context\":\"https:\/\/schema.org\",\"@graph\":[{\"@type\":\"WebPage\",\"@id\":\"https:\/\/spinbetter.app\/sk\/login\/\",\"url\":\"https:\/\/spinbetter.app\/sk\/login\/\",\"name\":\"Prihl\u00e1senie do SpinBetter | Moje konto > Autoriz\u00e1cia na str\u00e1nke\",\"isPartOf\":{\"@id\":\"https:\/\/spinbetter.app\/sk\/#website\"},\"datePublished\":\"2024-10-22T10:19:21+00:00\",\"dateModified\":\"2025-06-19T21:44:47+00:00\",\"description\":\"Prihl\u00e1ste sa do svojho \u00fa\u010dtu SpinBetter prostredn\u00edctvom ofici\u00e1lnej webovej str\u00e1nky. Autorizujte sa na st\u00e1vkovanie na \u0161porty a v kas\u00edne, z\u00edskajte pr\u00edstup k bonusom a spravujte svoj \u00fa\u010det\",\"breadcrumb\":{\"@id\":\"https:\/\/spinbetter.app\/sk\/login\/#breadcrumb\"},\"inLanguage\":\"sk-SK\",\"potentialAction\":[{\"@type\":\"ReadAction\",\"target\":[\"https:\/\/spinbetter.app\/sk\/login\/\"]}]},{\"@type\":\"BreadcrumbList\",\"@id\":\"https:\/\/spinbetter.app\/sk\/login\/#breadcrumb\",\"itemListElement\":[{\"@type\":\"ListItem\",\"position\":1,\"name\":\"Home\",\"item\":\"https:\/\/spinbetter.app\/sk\/\"},{\"@type\":\"ListItem\",\"position\":2,\"name\":\"Prihl\u00e1senie\"}]},{\"@type\":\"WebSite\",\"@id\":\"https:\/\/spinbetter.app\/sk\/#website\",\"url\":\"https:\/\/spinbetter.app\/sk\/\",\"name\":\"Spinbetter App SK\",\"description\":\"\",\"potentialAction\":[{\"@type\":\"SearchAction\",\"target\":{\"@type\":\"EntryPoint\",\"urlTemplate\":\"https:\/\/spinbetter.app\/sk\/?s={search_term_string}\"},\"query-input\":{\"@type\":\"PropertyValueSpecification\",\"valueRequired\":true,\"valueName\":\"search_term_string\"}}],\"inLanguage\":\"sk-SK\"}]}<\/script>\n<!-- \/ Yoast SEO plugin. -->","yoast_head_json":{"title":"Prihl\u00e1senie do SpinBetter | Moje konto > Autoriz\u00e1cia na str\u00e1nke","description":"Prihl\u00e1ste sa do svojho \u00fa\u010dtu SpinBetter prostredn\u00edctvom ofici\u00e1lnej webovej str\u00e1nky. Autorizujte sa na st\u00e1vkovanie na \u0161porty a v kas\u00edne, z\u00edskajte pr\u00edstup k bonusom a spravujte svoj \u00fa\u010det","robots":{"index":"index","follow":"follow","max-snippet":"max-snippet:-1","max-image-preview":"max-image-preview:large","max-video-preview":"max-video-preview:-1"},"og_locale":"sk_SK","og_type":"article","og_title":"Prihl\u00e1senie do SpinBetter | Moje konto > Autoriz\u00e1cia na str\u00e1nke","og_description":"Prihl\u00e1ste sa do svojho \u00fa\u010dtu SpinBetter prostredn\u00edctvom ofici\u00e1lnej webovej str\u00e1nky. Autorizujte sa na st\u00e1vkovanie na \u0161porty a v kas\u00edne, z\u00edskajte pr\u00edstup k bonusom a spravujte svoj \u00fa\u010det","og_url":"https:\/\/spinbetter.app\/sk\/login\/","og_site_name":"Spinbetter App SK","article_modified_time":"2025-06-19T21:44:47+00:00","twitter_card":"summary_large_image","schema":{"@context":"https:\/\/schema.org","@graph":[{"@type":"WebPage","@id":"https:\/\/spinbetter.app\/sk\/login\/","url":"https:\/\/spinbetter.app\/sk\/login\/","name":"Prihl\u00e1senie do SpinBetter | Moje konto > Autoriz\u00e1cia na str\u00e1nke","isPartOf":{"@id":"https:\/\/spinbetter.app\/sk\/#website"},"datePublished":"2024-10-22T10:19:21+00:00","dateModified":"2025-06-19T21:44:47+00:00","description":"Prihl\u00e1ste sa do svojho \u00fa\u010dtu SpinBetter prostredn\u00edctvom ofici\u00e1lnej webovej str\u00e1nky. Autorizujte sa na st\u00e1vkovanie na \u0161porty a v kas\u00edne, z\u00edskajte pr\u00edstup k bonusom a spravujte svoj \u00fa\u010det","breadcrumb":{"@id":"https:\/\/spinbetter.app\/sk\/login\/#breadcrumb"},"inLanguage":"sk-SK","potentialAction":[{"@type":"ReadAction","target":["https:\/\/spinbetter.app\/sk\/login\/"]}]},{"@type":"BreadcrumbList","@id":"https:\/\/spinbetter.app\/sk\/login\/#breadcrumb","itemListElement":[{"@type":"ListItem","position":1,"name":"Home","item":"https:\/\/spinbetter.app\/sk\/"},{"@type":"ListItem","position":2,"name":"Prihl\u00e1senie"}]},{"@type":"WebSite","@id":"https:\/\/spinbetter.app\/sk\/#website","url":"https:\/\/spinbetter.app\/sk\/","name":"Spinbetter App SK","description":"","potentialAction":[{"@type":"SearchAction","target":{"@type":"EntryPoint","urlTemplate":"https:\/\/spinbetter.app\/sk\/?s={search_term_string}"},"query-input":{"@type":"PropertyValueSpecification","valueRequired":true,"valueName":"search_term_string"}}],"inLanguage":"sk-SK"}]}},"_links":{"self":[{"href":"https:\/\/spinbetter.app\/sk\/wp-json\/wp\/v2\/pages\/200"}],"collection":[{"href":"https:\/\/spinbetter.app\/sk\/wp-json\/wp\/v2\/pages"}],"about":[{"href":"https:\/\/spinbetter.app\/sk\/wp-json\/wp\/v2\/types\/page"}],"author":[{"embeddable":true,"href":"https:\/\/spinbetter.app\/sk\/wp-json\/wp\/v2\/users\/1"}],"replies":[{"embeddable":true,"href":"https:\/\/spinbetter.app\/sk\/wp-json\/wp\/v2\/comments?post=200"}],"version-history":[{"count":10,"href":"https:\/\/spinbetter.app\/sk\/wp-json\/wp\/v2\/pages\/200\/revisions"}],"predecessor-version":[{"id":371,"href":"https:\/\/spinbetter.app\/sk\/wp-json\/wp\/v2\/pages\/200\/revisions\/371"}],"wp:attachment":[{"href":"https:\/\/spinbetter.app\/sk\/wp-json\/wp\/v2\/media?parent=200"}],"curies":[{"name":"wp","href":"https:\/\/api.w.org\/{rel}","templated":true}]}}