{"id":223,"date":"2024-10-22T10:19:08","date_gmt":"2024-10-22T10:19:08","guid":{"rendered":"https:\/\/spinbetter.app\/sk\/?page_id=223"},"modified":"2025-06-19T21:46:38","modified_gmt":"2025-06-19T21:46:38","slug":"download","status":"publish","type":"page","link":"https:\/\/spinbetter.app\/sk\/download\/","title":{"rendered":"Stiahnite si"},"content":{"rendered":"<blockquote><p>&nbsp;<\/p><\/blockquote>\n","protected":false},"excerpt":{"rendered":"<p>&nbsp;<\/p>\n","protected":false},"author":1,"featured_media":0,"parent":0,"menu_order":0,"comment_status":"closed","ping_status":"closed","template":"","meta":{"footnotes":""},"class_list":["post-223","page","type-page","status-publish","hentry"],"yoast_head":"<!-- This site is optimized with the Yoast SEO plugin v23.4 - https:\/\/yoast.com\/wordpress\/plugins\/seo\/ -->\n<title>Stiahnite si SpinBetter &gt; Mobiln\u00e1 aplik\u00e1cia pre Android a iOS<\/title>\n<meta name=\"description\" content=\"Stiahnite si mobiln\u00fa aplik\u00e1ciu SpinBetter pre Android a iOS. Pohodln\u00e9 \u0161portov\u00e9 a kas\u00ednov\u00e9 st\u00e1vky, bonusy pre nov\u00fdch hr\u00e1\u010dov. Za\u010dnite hra\u0165 hne\u010f teraz!\" \/>\n<meta name=\"robots\" content=\"index, follow, max-snippet:-1, max-image-preview:large, max-video-preview:-1\" \/>\n<meta property=\"og:locale\" content=\"sk_SK\" \/>\n<meta property=\"og:type\" content=\"article\" \/>\n<meta property=\"og:title\" content=\"Stiahnite si SpinBetter &gt; Mobiln\u00e1 aplik\u00e1cia pre Android a iOS\" \/>\n<meta property=\"og:description\" content=\"Stiahnite si mobiln\u00fa aplik\u00e1ciu SpinBetter pre Android a iOS. Pohodln\u00e9 \u0161portov\u00e9 a kas\u00ednov\u00e9 st\u00e1vky, bonusy pre nov\u00fdch hr\u00e1\u010dov. Za\u010dnite hra\u0165 hne\u010f teraz!\" \/>\n<meta property=\"og:url\" content=\"https:\/\/spinbetter.app\/sk\/download\/\" \/>\n<meta property=\"og:site_name\" content=\"Spinbetter App SK\" \/>\n<meta property=\"article:modified_time\" content=\"2025-06-19T21:46:38+00:00\" \/>\n<meta name=\"twitter:card\" content=\"summary_large_image\" \/>\n<script type=\"application\/ld+json\" class=\"yoast-schema-graph\">{\"@context\":\"https:\/\/schema.org\",\"@graph\":[{\"@type\":\"WebPage\",\"@id\":\"https:\/\/spinbetter.app\/sk\/download\/\",\"url\":\"https:\/\/spinbetter.app\/sk\/download\/\",\"name\":\"Stiahnite si SpinBetter > Mobiln\u00e1 aplik\u00e1cia pre Android a iOS\",\"isPartOf\":{\"@id\":\"https:\/\/spinbetter.app\/sk\/#website\"},\"datePublished\":\"2024-10-22T10:19:08+00:00\",\"dateModified\":\"2025-06-19T21:46:38+00:00\",\"description\":\"Stiahnite si mobiln\u00fa aplik\u00e1ciu SpinBetter pre Android a iOS. Pohodln\u00e9 \u0161portov\u00e9 a kas\u00ednov\u00e9 st\u00e1vky, bonusy pre nov\u00fdch hr\u00e1\u010dov. Za\u010dnite hra\u0165 hne\u010f teraz!\",\"breadcrumb\":{\"@id\":\"https:\/\/spinbetter.app\/sk\/download\/#breadcrumb\"},\"inLanguage\":\"sk-SK\",\"potentialAction\":[{\"@type\":\"ReadAction\",\"target\":[\"https:\/\/spinbetter.app\/sk\/download\/\"]}]},{\"@type\":\"BreadcrumbList\",\"@id\":\"https:\/\/spinbetter.app\/sk\/download\/#breadcrumb\",\"itemListElement\":[{\"@type\":\"ListItem\",\"position\":1,\"name\":\"Home\",\"item\":\"https:\/\/spinbetter.app\/sk\/\"},{\"@type\":\"ListItem\",\"position\":2,\"name\":\"Stiahnite si\"}]},{\"@type\":\"WebSite\",\"@id\":\"https:\/\/spinbetter.app\/sk\/#website\",\"url\":\"https:\/\/spinbetter.app\/sk\/\",\"name\":\"Spinbetter App SK\",\"description\":\"\",\"potentialAction\":[{\"@type\":\"SearchAction\",\"target\":{\"@type\":\"EntryPoint\",\"urlTemplate\":\"https:\/\/spinbetter.app\/sk\/?s={search_term_string}\"},\"query-input\":{\"@type\":\"PropertyValueSpecification\",\"valueRequired\":true,\"valueName\":\"search_term_string\"}}],\"inLanguage\":\"sk-SK\"}]}<\/script>\n<!-- \/ Yoast SEO plugin. -->","yoast_head_json":{"title":"Stiahnite si SpinBetter > Mobiln\u00e1 aplik\u00e1cia pre Android a iOS","description":"Stiahnite si mobiln\u00fa aplik\u00e1ciu SpinBetter pre Android a iOS. Pohodln\u00e9 \u0161portov\u00e9 a kas\u00ednov\u00e9 st\u00e1vky, bonusy pre nov\u00fdch hr\u00e1\u010dov. Za\u010dnite hra\u0165 hne\u010f teraz!","robots":{"index":"index","follow":"follow","max-snippet":"max-snippet:-1","max-image-preview":"max-image-preview:large","max-video-preview":"max-video-preview:-1"},"og_locale":"sk_SK","og_type":"article","og_title":"Stiahnite si SpinBetter > Mobiln\u00e1 aplik\u00e1cia pre Android a iOS","og_description":"Stiahnite si mobiln\u00fa aplik\u00e1ciu SpinBetter pre Android a iOS. Pohodln\u00e9 \u0161portov\u00e9 a kas\u00ednov\u00e9 st\u00e1vky, bonusy pre nov\u00fdch hr\u00e1\u010dov. Za\u010dnite hra\u0165 hne\u010f teraz!","og_url":"https:\/\/spinbetter.app\/sk\/download\/","og_site_name":"Spinbetter App SK","article_modified_time":"2025-06-19T21:46:38+00:00","twitter_card":"summary_large_image","schema":{"@context":"https:\/\/schema.org","@graph":[{"@type":"WebPage","@id":"https:\/\/spinbetter.app\/sk\/download\/","url":"https:\/\/spinbetter.app\/sk\/download\/","name":"Stiahnite si SpinBetter > Mobiln\u00e1 aplik\u00e1cia pre Android a iOS","isPartOf":{"@id":"https:\/\/spinbetter.app\/sk\/#website"},"datePublished":"2024-10-22T10:19:08+00:00","dateModified":"2025-06-19T21:46:38+00:00","description":"Stiahnite si mobiln\u00fa aplik\u00e1ciu SpinBetter pre Android a iOS. Pohodln\u00e9 \u0161portov\u00e9 a kas\u00ednov\u00e9 st\u00e1vky, bonusy pre nov\u00fdch hr\u00e1\u010dov. Za\u010dnite hra\u0165 hne\u010f teraz!","breadcrumb":{"@id":"https:\/\/spinbetter.app\/sk\/download\/#breadcrumb"},"inLanguage":"sk-SK","potentialAction":[{"@type":"ReadAction","target":["https:\/\/spinbetter.app\/sk\/download\/"]}]},{"@type":"BreadcrumbList","@id":"https:\/\/spinbetter.app\/sk\/download\/#breadcrumb","itemListElement":[{"@type":"ListItem","position":1,"name":"Home","item":"https:\/\/spinbetter.app\/sk\/"},{"@type":"ListItem","position":2,"name":"Stiahnite si"}]},{"@type":"WebSite","@id":"https:\/\/spinbetter.app\/sk\/#website","url":"https:\/\/spinbetter.app\/sk\/","name":"Spinbetter App SK","description":"","potentialAction":[{"@type":"SearchAction","target":{"@type":"EntryPoint","urlTemplate":"https:\/\/spinbetter.app\/sk\/?s={search_term_string}"},"query-input":{"@type":"PropertyValueSpecification","valueRequired":true,"valueName":"search_term_string"}}],"inLanguage":"sk-SK"}]}},"_links":{"self":[{"href":"https:\/\/spinbetter.app\/sk\/wp-json\/wp\/v2\/pages\/223"}],"collection":[{"href":"https:\/\/spinbetter.app\/sk\/wp-json\/wp\/v2\/pages"}],"about":[{"href":"https:\/\/spinbetter.app\/sk\/wp-json\/wp\/v2\/types\/page"}],"author":[{"embeddable":true,"href":"https:\/\/spinbetter.app\/sk\/wp-json\/wp\/v2\/users\/1"}],"replies":[{"embeddable":true,"href":"https:\/\/spinbetter.app\/sk\/wp-json\/wp\/v2\/comments?post=223"}],"version-history":[{"count":14,"href":"https:\/\/spinbetter.app\/sk\/wp-json\/wp\/v2\/pages\/223\/revisions"}],"predecessor-version":[{"id":366,"href":"https:\/\/spinbetter.app\/sk\/wp-json\/wp\/v2\/pages\/223\/revisions\/366"}],"wp:attachment":[{"href":"https:\/\/spinbetter.app\/sk\/wp-json\/wp\/v2\/media?parent=223"}],"curies":[{"name":"wp","href":"https:\/\/api.w.org\/{rel}","templated":true}]}}