{"id":394,"date":"2025-07-02T07:24:47","date_gmt":"2025-07-02T07:24:47","guid":{"rendered":"https:\/\/spinbetter.app\/sk\/?page_id=394"},"modified":"2025-07-02T07:24:57","modified_gmt":"2025-07-02T07:24:57","slug":"deposit-lottery","status":"publish","type":"page","link":"https:\/\/spinbetter.app\/sk\/bonus\/deposit-lottery\/","title":{"rendered":"Vkladov\u00e1 lot\u00e9ria"},"content":{"rendered":"","protected":false},"excerpt":{"rendered":"","protected":false},"author":1,"featured_media":0,"parent":152,"menu_order":0,"comment_status":"closed","ping_status":"closed","template":"","meta":{"footnotes":""},"class_list":["post-394","page","type-page","status-publish","hentry"],"yoast_head":"<!-- This site is optimized with the Yoast SEO plugin v23.4 - https:\/\/yoast.com\/wordpress\/plugins\/seo\/ -->\n<title>Vkladov\u00e1 lot\u00e9ria SpinBetter \ud83e\udc12 Vyhrajte st\u00e1vky zadarmo<\/title>\n<meta name=\"description\" content=\"Vlo\u017ete od 3 EUR, z\u00edskajte l\u00edstky a zapojte sa do t\u00fd\u017edenn\u00fdch \u017erebovan\u00ed o 30 000 EUR a 2 000 000 propaga\u010dn\u00fdch bodov. Viac vkladov - viac \u0161anc\u00ed na v\u00fdhru!\" \/>\n<meta name=\"robots\" content=\"index, follow, max-snippet:-1, max-image-preview:large, max-video-preview:-1\" \/>\n<meta property=\"og:locale\" content=\"sk_SK\" \/>\n<meta property=\"og:type\" content=\"article\" \/>\n<meta property=\"og:title\" content=\"Vkladov\u00e1 lot\u00e9ria SpinBetter \ud83e\udc12 Vyhrajte st\u00e1vky zadarmo\" \/>\n<meta property=\"og:description\" content=\"Vlo\u017ete od 3 EUR, z\u00edskajte l\u00edstky a zapojte sa do t\u00fd\u017edenn\u00fdch \u017erebovan\u00ed o 30 000 EUR a 2 000 000 propaga\u010dn\u00fdch bodov. Viac vkladov - viac \u0161anc\u00ed na v\u00fdhru!\" \/>\n<meta property=\"og:url\" content=\"https:\/\/spinbetter.app\/sk\/bonus\/deposit-lottery\/\" \/>\n<meta property=\"og:site_name\" content=\"Spinbetter App SK\" \/>\n<meta property=\"article:modified_time\" content=\"2025-07-02T07:24:57+00:00\" \/>\n<meta name=\"twitter:card\" content=\"summary_large_image\" \/>\n<script type=\"application\/ld+json\" class=\"yoast-schema-graph\">{\"@context\":\"https:\/\/schema.org\",\"@graph\":[{\"@type\":\"WebPage\",\"@id\":\"https:\/\/spinbetter.app\/sk\/bonus\/deposit-lottery\/\",\"url\":\"https:\/\/spinbetter.app\/sk\/bonus\/deposit-lottery\/\",\"name\":\"Vkladov\u00e1 lot\u00e9ria SpinBetter \ud83e\udc12 Vyhrajte st\u00e1vky zadarmo\",\"isPartOf\":{\"@id\":\"https:\/\/spinbetter.app\/sk\/#website\"},\"datePublished\":\"2025-07-02T07:24:47+00:00\",\"dateModified\":\"2025-07-02T07:24:57+00:00\",\"description\":\"Vlo\u017ete od 3 EUR, z\u00edskajte l\u00edstky a zapojte sa do t\u00fd\u017edenn\u00fdch \u017erebovan\u00ed o 30 000 EUR a 2 000 000 propaga\u010dn\u00fdch bodov. Viac vkladov - viac \u0161anc\u00ed na v\u00fdhru!\",\"breadcrumb\":{\"@id\":\"https:\/\/spinbetter.app\/sk\/bonus\/deposit-lottery\/#breadcrumb\"},\"inLanguage\":\"sk-SK\",\"potentialAction\":[{\"@type\":\"ReadAction\",\"target\":[\"https:\/\/spinbetter.app\/sk\/bonus\/deposit-lottery\/\"]}]},{\"@type\":\"BreadcrumbList\",\"@id\":\"https:\/\/spinbetter.app\/sk\/bonus\/deposit-lottery\/#breadcrumb\",\"itemListElement\":[{\"@type\":\"ListItem\",\"position\":1,\"name\":\"Home\",\"item\":\"https:\/\/spinbetter.app\/sk\/\"},{\"@type\":\"ListItem\",\"position\":2,\"name\":\"Bonus\",\"item\":\"https:\/\/spinbetter.app\/sk\/bonus\/\"},{\"@type\":\"ListItem\",\"position\":3,\"name\":\"Vkladov\u00e1 lot\u00e9ria\"}]},{\"@type\":\"WebSite\",\"@id\":\"https:\/\/spinbetter.app\/sk\/#website\",\"url\":\"https:\/\/spinbetter.app\/sk\/\",\"name\":\"Spinbetter App SK\",\"description\":\"\",\"potentialAction\":[{\"@type\":\"SearchAction\",\"target\":{\"@type\":\"EntryPoint\",\"urlTemplate\":\"https:\/\/spinbetter.app\/sk\/?s={search_term_string}\"},\"query-input\":{\"@type\":\"PropertyValueSpecification\",\"valueRequired\":true,\"valueName\":\"search_term_string\"}}],\"inLanguage\":\"sk-SK\"}]}<\/script>\n<!-- \/ Yoast SEO plugin. -->","yoast_head_json":{"title":"Vkladov\u00e1 lot\u00e9ria SpinBetter \ud83e\udc12 Vyhrajte st\u00e1vky zadarmo","description":"Vlo\u017ete od 3 EUR, z\u00edskajte l\u00edstky a zapojte sa do t\u00fd\u017edenn\u00fdch \u017erebovan\u00ed o 30 000 EUR a 2 000 000 propaga\u010dn\u00fdch bodov. Viac vkladov - viac \u0161anc\u00ed na v\u00fdhru!","robots":{"index":"index","follow":"follow","max-snippet":"max-snippet:-1","max-image-preview":"max-image-preview:large","max-video-preview":"max-video-preview:-1"},"og_locale":"sk_SK","og_type":"article","og_title":"Vkladov\u00e1 lot\u00e9ria SpinBetter \ud83e\udc12 Vyhrajte st\u00e1vky zadarmo","og_description":"Vlo\u017ete od 3 EUR, z\u00edskajte l\u00edstky a zapojte sa do t\u00fd\u017edenn\u00fdch \u017erebovan\u00ed o 30 000 EUR a 2 000 000 propaga\u010dn\u00fdch bodov. Viac vkladov - viac \u0161anc\u00ed na v\u00fdhru!","og_url":"https:\/\/spinbetter.app\/sk\/bonus\/deposit-lottery\/","og_site_name":"Spinbetter App SK","article_modified_time":"2025-07-02T07:24:57+00:00","twitter_card":"summary_large_image","schema":{"@context":"https:\/\/schema.org","@graph":[{"@type":"WebPage","@id":"https:\/\/spinbetter.app\/sk\/bonus\/deposit-lottery\/","url":"https:\/\/spinbetter.app\/sk\/bonus\/deposit-lottery\/","name":"Vkladov\u00e1 lot\u00e9ria SpinBetter \ud83e\udc12 Vyhrajte st\u00e1vky zadarmo","isPartOf":{"@id":"https:\/\/spinbetter.app\/sk\/#website"},"datePublished":"2025-07-02T07:24:47+00:00","dateModified":"2025-07-02T07:24:57+00:00","description":"Vlo\u017ete od 3 EUR, z\u00edskajte l\u00edstky a zapojte sa do t\u00fd\u017edenn\u00fdch \u017erebovan\u00ed o 30 000 EUR a 2 000 000 propaga\u010dn\u00fdch bodov. Viac vkladov - viac \u0161anc\u00ed na v\u00fdhru!","breadcrumb":{"@id":"https:\/\/spinbetter.app\/sk\/bonus\/deposit-lottery\/#breadcrumb"},"inLanguage":"sk-SK","potentialAction":[{"@type":"ReadAction","target":["https:\/\/spinbetter.app\/sk\/bonus\/deposit-lottery\/"]}]},{"@type":"BreadcrumbList","@id":"https:\/\/spinbetter.app\/sk\/bonus\/deposit-lottery\/#breadcrumb","itemListElement":[{"@type":"ListItem","position":1,"name":"Home","item":"https:\/\/spinbetter.app\/sk\/"},{"@type":"ListItem","position":2,"name":"Bonus","item":"https:\/\/spinbetter.app\/sk\/bonus\/"},{"@type":"ListItem","position":3,"name":"Vkladov\u00e1 lot\u00e9ria"}]},{"@type":"WebSite","@id":"https:\/\/spinbetter.app\/sk\/#website","url":"https:\/\/spinbetter.app\/sk\/","name":"Spinbetter App SK","description":"","potentialAction":[{"@type":"SearchAction","target":{"@type":"EntryPoint","urlTemplate":"https:\/\/spinbetter.app\/sk\/?s={search_term_string}"},"query-input":{"@type":"PropertyValueSpecification","valueRequired":true,"valueName":"search_term_string"}}],"inLanguage":"sk-SK"}]}},"_links":{"self":[{"href":"https:\/\/spinbetter.app\/sk\/wp-json\/wp\/v2\/pages\/394"}],"collection":[{"href":"https:\/\/spinbetter.app\/sk\/wp-json\/wp\/v2\/pages"}],"about":[{"href":"https:\/\/spinbetter.app\/sk\/wp-json\/wp\/v2\/types\/page"}],"author":[{"embeddable":true,"href":"https:\/\/spinbetter.app\/sk\/wp-json\/wp\/v2\/users\/1"}],"replies":[{"embeddable":true,"href":"https:\/\/spinbetter.app\/sk\/wp-json\/wp\/v2\/comments?post=394"}],"version-history":[{"count":1,"href":"https:\/\/spinbetter.app\/sk\/wp-json\/wp\/v2\/pages\/394\/revisions"}],"predecessor-version":[{"id":395,"href":"https:\/\/spinbetter.app\/sk\/wp-json\/wp\/v2\/pages\/394\/revisions\/395"}],"up":[{"embeddable":true,"href":"https:\/\/spinbetter.app\/sk\/wp-json\/wp\/v2\/pages\/152"}],"wp:attachment":[{"href":"https:\/\/spinbetter.app\/sk\/wp-json\/wp\/v2\/media?parent=394"}],"curies":[{"name":"wp","href":"https:\/\/api.w.org\/{rel}","templated":true}]}}