{"id":396,"date":"2025-07-02T07:27:39","date_gmt":"2025-07-02T07:27:39","guid":{"rendered":"https:\/\/spinbetter.app\/sk\/?page_id=396"},"modified":"2025-07-02T07:27:51","modified_gmt":"2025-07-02T07:27:51","slug":"spinbetter-vote","status":"publish","type":"page","link":"https:\/\/spinbetter.app\/sk\/bonus\/spinbetter-vote\/","title":{"rendered":"Hlasovanie SpinBetter"},"content":{"rendered":"","protected":false},"excerpt":{"rendered":"","protected":false},"author":1,"featured_media":0,"parent":152,"menu_order":0,"comment_status":"closed","ping_status":"closed","template":"","meta":{"footnotes":""},"class_list":["post-396","page","type-page","status-publish","hentry"],"yoast_head":"<!-- This site is optimized with the Yoast SEO plugin v23.4 - https:\/\/yoast.com\/wordpress\/plugins\/seo\/ -->\n<title>Hlasujte za najlep\u0161\u00ed \u0161portov\u00fd bonus &gt; St\u00e1vky zadarmo<\/title>\n<meta name=\"description\" content=\"Pridajte sa k SpinBetter a hlasujte za svoj ob\u013e\u00faben\u00fd \u0161port! Zapojte sa do vzru\u0161uj\u00facej akcie \u201eHlasujte za najlep\u0161\u00ed \u0161port\u201c, z\u00edskajte st\u00e1vky zadarmo a skvel\u00e9 ceny! Nenechajte si ujs\u0165 \u0161ancu preuk\u00e1za\u0165 svoju vernos\u0165 a z\u00edska\u0165 exkluz\u00edvne bonusy \u2013 \u010das je obmedzen\u00fd, konajte teraz!\" \/>\n<meta name=\"robots\" content=\"index, follow, max-snippet:-1, max-image-preview:large, max-video-preview:-1\" \/>\n<meta property=\"og:locale\" content=\"sk_SK\" \/>\n<meta property=\"og:type\" content=\"article\" \/>\n<meta property=\"og:title\" content=\"Hlasujte za najlep\u0161\u00ed \u0161portov\u00fd bonus &gt; St\u00e1vky zadarmo\" \/>\n<meta property=\"og:description\" content=\"Pridajte sa k SpinBetter a hlasujte za svoj ob\u013e\u00faben\u00fd \u0161port! Zapojte sa do vzru\u0161uj\u00facej akcie \u201eHlasujte za najlep\u0161\u00ed \u0161port\u201c, z\u00edskajte st\u00e1vky zadarmo a skvel\u00e9 ceny! Nenechajte si ujs\u0165 \u0161ancu preuk\u00e1za\u0165 svoju vernos\u0165 a z\u00edska\u0165 exkluz\u00edvne bonusy \u2013 \u010das je obmedzen\u00fd, konajte teraz!\" \/>\n<meta property=\"og:url\" content=\"https:\/\/spinbetter.app\/sk\/bonus\/spinbetter-vote\/\" \/>\n<meta property=\"og:site_name\" content=\"Spinbetter App SK\" \/>\n<meta property=\"article:modified_time\" content=\"2025-07-02T07:27:51+00:00\" \/>\n<meta name=\"twitter:card\" content=\"summary_large_image\" \/>\n<script type=\"application\/ld+json\" class=\"yoast-schema-graph\">{\"@context\":\"https:\/\/schema.org\",\"@graph\":[{\"@type\":\"WebPage\",\"@id\":\"https:\/\/spinbetter.app\/sk\/bonus\/spinbetter-vote\/\",\"url\":\"https:\/\/spinbetter.app\/sk\/bonus\/spinbetter-vote\/\",\"name\":\"Hlasujte za najlep\u0161\u00ed \u0161portov\u00fd bonus > St\u00e1vky zadarmo\",\"isPartOf\":{\"@id\":\"https:\/\/spinbetter.app\/sk\/#website\"},\"datePublished\":\"2025-07-02T07:27:39+00:00\",\"dateModified\":\"2025-07-02T07:27:51+00:00\",\"description\":\"Pridajte sa k SpinBetter a hlasujte za svoj ob\u013e\u00faben\u00fd \u0161port! Zapojte sa do vzru\u0161uj\u00facej akcie \u201eHlasujte za najlep\u0161\u00ed \u0161port\u201c, z\u00edskajte st\u00e1vky zadarmo a skvel\u00e9 ceny! Nenechajte si ujs\u0165 \u0161ancu preuk\u00e1za\u0165 svoju vernos\u0165 a z\u00edska\u0165 exkluz\u00edvne bonusy \u2013 \u010das je obmedzen\u00fd, konajte teraz!\",\"breadcrumb\":{\"@id\":\"https:\/\/spinbetter.app\/sk\/bonus\/spinbetter-vote\/#breadcrumb\"},\"inLanguage\":\"sk-SK\",\"potentialAction\":[{\"@type\":\"ReadAction\",\"target\":[\"https:\/\/spinbetter.app\/sk\/bonus\/spinbetter-vote\/\"]}]},{\"@type\":\"BreadcrumbList\",\"@id\":\"https:\/\/spinbetter.app\/sk\/bonus\/spinbetter-vote\/#breadcrumb\",\"itemListElement\":[{\"@type\":\"ListItem\",\"position\":1,\"name\":\"Home\",\"item\":\"https:\/\/spinbetter.app\/sk\/\"},{\"@type\":\"ListItem\",\"position\":2,\"name\":\"Bonus\",\"item\":\"https:\/\/spinbetter.app\/sk\/bonus\/\"},{\"@type\":\"ListItem\",\"position\":3,\"name\":\"Hlasovanie SpinBetter\"}]},{\"@type\":\"WebSite\",\"@id\":\"https:\/\/spinbetter.app\/sk\/#website\",\"url\":\"https:\/\/spinbetter.app\/sk\/\",\"name\":\"Spinbetter App SK\",\"description\":\"\",\"potentialAction\":[{\"@type\":\"SearchAction\",\"target\":{\"@type\":\"EntryPoint\",\"urlTemplate\":\"https:\/\/spinbetter.app\/sk\/?s={search_term_string}\"},\"query-input\":{\"@type\":\"PropertyValueSpecification\",\"valueRequired\":true,\"valueName\":\"search_term_string\"}}],\"inLanguage\":\"sk-SK\"}]}<\/script>\n<!-- \/ Yoast SEO plugin. -->","yoast_head_json":{"title":"Hlasujte za najlep\u0161\u00ed \u0161portov\u00fd bonus > St\u00e1vky zadarmo","description":"Pridajte sa k SpinBetter a hlasujte za svoj ob\u013e\u00faben\u00fd \u0161port! Zapojte sa do vzru\u0161uj\u00facej akcie \u201eHlasujte za najlep\u0161\u00ed \u0161port\u201c, z\u00edskajte st\u00e1vky zadarmo a skvel\u00e9 ceny! Nenechajte si ujs\u0165 \u0161ancu preuk\u00e1za\u0165 svoju vernos\u0165 a z\u00edska\u0165 exkluz\u00edvne bonusy \u2013 \u010das je obmedzen\u00fd, konajte teraz!","robots":{"index":"index","follow":"follow","max-snippet":"max-snippet:-1","max-image-preview":"max-image-preview:large","max-video-preview":"max-video-preview:-1"},"og_locale":"sk_SK","og_type":"article","og_title":"Hlasujte za najlep\u0161\u00ed \u0161portov\u00fd bonus > St\u00e1vky zadarmo","og_description":"Pridajte sa k SpinBetter a hlasujte za svoj ob\u013e\u00faben\u00fd \u0161port! Zapojte sa do vzru\u0161uj\u00facej akcie \u201eHlasujte za najlep\u0161\u00ed \u0161port\u201c, z\u00edskajte st\u00e1vky zadarmo a skvel\u00e9 ceny! Nenechajte si ujs\u0165 \u0161ancu preuk\u00e1za\u0165 svoju vernos\u0165 a z\u00edska\u0165 exkluz\u00edvne bonusy \u2013 \u010das je obmedzen\u00fd, konajte teraz!","og_url":"https:\/\/spinbetter.app\/sk\/bonus\/spinbetter-vote\/","og_site_name":"Spinbetter App SK","article_modified_time":"2025-07-02T07:27:51+00:00","twitter_card":"summary_large_image","schema":{"@context":"https:\/\/schema.org","@graph":[{"@type":"WebPage","@id":"https:\/\/spinbetter.app\/sk\/bonus\/spinbetter-vote\/","url":"https:\/\/spinbetter.app\/sk\/bonus\/spinbetter-vote\/","name":"Hlasujte za najlep\u0161\u00ed \u0161portov\u00fd bonus > St\u00e1vky zadarmo","isPartOf":{"@id":"https:\/\/spinbetter.app\/sk\/#website"},"datePublished":"2025-07-02T07:27:39+00:00","dateModified":"2025-07-02T07:27:51+00:00","description":"Pridajte sa k SpinBetter a hlasujte za svoj ob\u013e\u00faben\u00fd \u0161port! Zapojte sa do vzru\u0161uj\u00facej akcie \u201eHlasujte za najlep\u0161\u00ed \u0161port\u201c, z\u00edskajte st\u00e1vky zadarmo a skvel\u00e9 ceny! Nenechajte si ujs\u0165 \u0161ancu preuk\u00e1za\u0165 svoju vernos\u0165 a z\u00edska\u0165 exkluz\u00edvne bonusy \u2013 \u010das je obmedzen\u00fd, konajte teraz!","breadcrumb":{"@id":"https:\/\/spinbetter.app\/sk\/bonus\/spinbetter-vote\/#breadcrumb"},"inLanguage":"sk-SK","potentialAction":[{"@type":"ReadAction","target":["https:\/\/spinbetter.app\/sk\/bonus\/spinbetter-vote\/"]}]},{"@type":"BreadcrumbList","@id":"https:\/\/spinbetter.app\/sk\/bonus\/spinbetter-vote\/#breadcrumb","itemListElement":[{"@type":"ListItem","position":1,"name":"Home","item":"https:\/\/spinbetter.app\/sk\/"},{"@type":"ListItem","position":2,"name":"Bonus","item":"https:\/\/spinbetter.app\/sk\/bonus\/"},{"@type":"ListItem","position":3,"name":"Hlasovanie SpinBetter"}]},{"@type":"WebSite","@id":"https:\/\/spinbetter.app\/sk\/#website","url":"https:\/\/spinbetter.app\/sk\/","name":"Spinbetter App SK","description":"","potentialAction":[{"@type":"SearchAction","target":{"@type":"EntryPoint","urlTemplate":"https:\/\/spinbetter.app\/sk\/?s={search_term_string}"},"query-input":{"@type":"PropertyValueSpecification","valueRequired":true,"valueName":"search_term_string"}}],"inLanguage":"sk-SK"}]}},"_links":{"self":[{"href":"https:\/\/spinbetter.app\/sk\/wp-json\/wp\/v2\/pages\/396"}],"collection":[{"href":"https:\/\/spinbetter.app\/sk\/wp-json\/wp\/v2\/pages"}],"about":[{"href":"https:\/\/spinbetter.app\/sk\/wp-json\/wp\/v2\/types\/page"}],"author":[{"embeddable":true,"href":"https:\/\/spinbetter.app\/sk\/wp-json\/wp\/v2\/users\/1"}],"replies":[{"embeddable":true,"href":"https:\/\/spinbetter.app\/sk\/wp-json\/wp\/v2\/comments?post=396"}],"version-history":[{"count":1,"href":"https:\/\/spinbetter.app\/sk\/wp-json\/wp\/v2\/pages\/396\/revisions"}],"predecessor-version":[{"id":397,"href":"https:\/\/spinbetter.app\/sk\/wp-json\/wp\/v2\/pages\/396\/revisions\/397"}],"up":[{"embeddable":true,"href":"https:\/\/spinbetter.app\/sk\/wp-json\/wp\/v2\/pages\/152"}],"wp:attachment":[{"href":"https:\/\/spinbetter.app\/sk\/wp-json\/wp\/v2\/media?parent=396"}],"curies":[{"name":"wp","href":"https:\/\/api.w.org\/{rel}","templated":true}]}}