{"id":400,"date":"2025-07-02T07:45:31","date_gmt":"2025-07-02T07:45:31","guid":{"rendered":"https:\/\/spinbetter.app\/sk\/?page_id=400"},"modified":"2025-07-02T07:45:40","modified_gmt":"2025-07-02T07:45:40","slug":"bad-bets","status":"publish","type":"page","link":"https:\/\/spinbetter.app\/sk\/bonus\/bad-bets\/","title":{"rendered":"Zl\u00e9 st\u00e1vky"},"content":{"rendered":"","protected":false},"excerpt":{"rendered":"","protected":false},"author":1,"featured_media":0,"parent":152,"menu_order":0,"comment_status":"closed","ping_status":"closed","template":"","meta":{"footnotes":""},"class_list":["post-400","page","type-page","status-publish","hentry"],"yoast_head":"<!-- This site is optimized with the Yoast SEO plugin v23.4 - https:\/\/yoast.com\/wordpress\/plugins\/seo\/ -->\n<title>Bonus SpinBetter za ne\u00faspe\u0161n\u00e9 st\u00e1vky \ud83e\udc12 a\u017e do v\u00fd\u0161ky 500 EUR<\/title>\n<meta name=\"description\" content=\"Prehrali ste 20 st\u00e1vok za sebou? Z\u00edskajte bonus a\u017e do v\u00fd\u0161ky 500 EUR v z\u00e1vislosti od v\u00fd\u0161ky va\u0161ich st\u00e1vok. Kas\u00edno SpinBetter podporuje svojich hr\u00e1\u010dov aj v \u0165a\u017ek\u00fdch chv\u00ed\u013each!\" \/>\n<meta name=\"robots\" content=\"index, follow, max-snippet:-1, max-image-preview:large, max-video-preview:-1\" \/>\n<meta property=\"og:locale\" content=\"sk_SK\" \/>\n<meta property=\"og:type\" content=\"article\" \/>\n<meta property=\"og:title\" content=\"Bonus SpinBetter za ne\u00faspe\u0161n\u00e9 st\u00e1vky \ud83e\udc12 a\u017e do v\u00fd\u0161ky 500 EUR\" \/>\n<meta property=\"og:description\" content=\"Prehrali ste 20 st\u00e1vok za sebou? Z\u00edskajte bonus a\u017e do v\u00fd\u0161ky 500 EUR v z\u00e1vislosti od v\u00fd\u0161ky va\u0161ich st\u00e1vok. Kas\u00edno SpinBetter podporuje svojich hr\u00e1\u010dov aj v \u0165a\u017ek\u00fdch chv\u00ed\u013each!\" \/>\n<meta property=\"og:url\" content=\"https:\/\/spinbetter.app\/sk\/bonus\/bad-bets\/\" \/>\n<meta property=\"og:site_name\" content=\"Spinbetter App SK\" \/>\n<meta property=\"article:modified_time\" content=\"2025-07-02T07:45:40+00:00\" \/>\n<meta name=\"twitter:card\" content=\"summary_large_image\" \/>\n<script type=\"application\/ld+json\" class=\"yoast-schema-graph\">{\"@context\":\"https:\/\/schema.org\",\"@graph\":[{\"@type\":\"WebPage\",\"@id\":\"https:\/\/spinbetter.app\/sk\/bonus\/bad-bets\/\",\"url\":\"https:\/\/spinbetter.app\/sk\/bonus\/bad-bets\/\",\"name\":\"Bonus SpinBetter za ne\u00faspe\u0161n\u00e9 st\u00e1vky \ud83e\udc12 a\u017e do v\u00fd\u0161ky 500 EUR\",\"isPartOf\":{\"@id\":\"https:\/\/spinbetter.app\/sk\/#website\"},\"datePublished\":\"2025-07-02T07:45:31+00:00\",\"dateModified\":\"2025-07-02T07:45:40+00:00\",\"description\":\"Prehrali ste 20 st\u00e1vok za sebou? Z\u00edskajte bonus a\u017e do v\u00fd\u0161ky 500 EUR v z\u00e1vislosti od v\u00fd\u0161ky va\u0161ich st\u00e1vok. Kas\u00edno SpinBetter podporuje svojich hr\u00e1\u010dov aj v \u0165a\u017ek\u00fdch chv\u00ed\u013each!\",\"breadcrumb\":{\"@id\":\"https:\/\/spinbetter.app\/sk\/bonus\/bad-bets\/#breadcrumb\"},\"inLanguage\":\"sk-SK\",\"potentialAction\":[{\"@type\":\"ReadAction\",\"target\":[\"https:\/\/spinbetter.app\/sk\/bonus\/bad-bets\/\"]}]},{\"@type\":\"BreadcrumbList\",\"@id\":\"https:\/\/spinbetter.app\/sk\/bonus\/bad-bets\/#breadcrumb\",\"itemListElement\":[{\"@type\":\"ListItem\",\"position\":1,\"name\":\"Home\",\"item\":\"https:\/\/spinbetter.app\/sk\/\"},{\"@type\":\"ListItem\",\"position\":2,\"name\":\"Bonus\",\"item\":\"https:\/\/spinbetter.app\/sk\/bonus\/\"},{\"@type\":\"ListItem\",\"position\":3,\"name\":\"Zl\u00e9 st\u00e1vky\"}]},{\"@type\":\"WebSite\",\"@id\":\"https:\/\/spinbetter.app\/sk\/#website\",\"url\":\"https:\/\/spinbetter.app\/sk\/\",\"name\":\"Spinbetter App SK\",\"description\":\"\",\"potentialAction\":[{\"@type\":\"SearchAction\",\"target\":{\"@type\":\"EntryPoint\",\"urlTemplate\":\"https:\/\/spinbetter.app\/sk\/?s={search_term_string}\"},\"query-input\":{\"@type\":\"PropertyValueSpecification\",\"valueRequired\":true,\"valueName\":\"search_term_string\"}}],\"inLanguage\":\"sk-SK\"}]}<\/script>\n<!-- \/ Yoast SEO plugin. -->","yoast_head_json":{"title":"Bonus SpinBetter za ne\u00faspe\u0161n\u00e9 st\u00e1vky \ud83e\udc12 a\u017e do v\u00fd\u0161ky 500 EUR","description":"Prehrali ste 20 st\u00e1vok za sebou? Z\u00edskajte bonus a\u017e do v\u00fd\u0161ky 500 EUR v z\u00e1vislosti od v\u00fd\u0161ky va\u0161ich st\u00e1vok. Kas\u00edno SpinBetter podporuje svojich hr\u00e1\u010dov aj v \u0165a\u017ek\u00fdch chv\u00ed\u013each!","robots":{"index":"index","follow":"follow","max-snippet":"max-snippet:-1","max-image-preview":"max-image-preview:large","max-video-preview":"max-video-preview:-1"},"og_locale":"sk_SK","og_type":"article","og_title":"Bonus SpinBetter za ne\u00faspe\u0161n\u00e9 st\u00e1vky \ud83e\udc12 a\u017e do v\u00fd\u0161ky 500 EUR","og_description":"Prehrali ste 20 st\u00e1vok za sebou? Z\u00edskajte bonus a\u017e do v\u00fd\u0161ky 500 EUR v z\u00e1vislosti od v\u00fd\u0161ky va\u0161ich st\u00e1vok. Kas\u00edno SpinBetter podporuje svojich hr\u00e1\u010dov aj v \u0165a\u017ek\u00fdch chv\u00ed\u013each!","og_url":"https:\/\/spinbetter.app\/sk\/bonus\/bad-bets\/","og_site_name":"Spinbetter App SK","article_modified_time":"2025-07-02T07:45:40+00:00","twitter_card":"summary_large_image","schema":{"@context":"https:\/\/schema.org","@graph":[{"@type":"WebPage","@id":"https:\/\/spinbetter.app\/sk\/bonus\/bad-bets\/","url":"https:\/\/spinbetter.app\/sk\/bonus\/bad-bets\/","name":"Bonus SpinBetter za ne\u00faspe\u0161n\u00e9 st\u00e1vky \ud83e\udc12 a\u017e do v\u00fd\u0161ky 500 EUR","isPartOf":{"@id":"https:\/\/spinbetter.app\/sk\/#website"},"datePublished":"2025-07-02T07:45:31+00:00","dateModified":"2025-07-02T07:45:40+00:00","description":"Prehrali ste 20 st\u00e1vok za sebou? Z\u00edskajte bonus a\u017e do v\u00fd\u0161ky 500 EUR v z\u00e1vislosti od v\u00fd\u0161ky va\u0161ich st\u00e1vok. Kas\u00edno SpinBetter podporuje svojich hr\u00e1\u010dov aj v \u0165a\u017ek\u00fdch chv\u00ed\u013each!","breadcrumb":{"@id":"https:\/\/spinbetter.app\/sk\/bonus\/bad-bets\/#breadcrumb"},"inLanguage":"sk-SK","potentialAction":[{"@type":"ReadAction","target":["https:\/\/spinbetter.app\/sk\/bonus\/bad-bets\/"]}]},{"@type":"BreadcrumbList","@id":"https:\/\/spinbetter.app\/sk\/bonus\/bad-bets\/#breadcrumb","itemListElement":[{"@type":"ListItem","position":1,"name":"Home","item":"https:\/\/spinbetter.app\/sk\/"},{"@type":"ListItem","position":2,"name":"Bonus","item":"https:\/\/spinbetter.app\/sk\/bonus\/"},{"@type":"ListItem","position":3,"name":"Zl\u00e9 st\u00e1vky"}]},{"@type":"WebSite","@id":"https:\/\/spinbetter.app\/sk\/#website","url":"https:\/\/spinbetter.app\/sk\/","name":"Spinbetter App SK","description":"","potentialAction":[{"@type":"SearchAction","target":{"@type":"EntryPoint","urlTemplate":"https:\/\/spinbetter.app\/sk\/?s={search_term_string}"},"query-input":{"@type":"PropertyValueSpecification","valueRequired":true,"valueName":"search_term_string"}}],"inLanguage":"sk-SK"}]}},"_links":{"self":[{"href":"https:\/\/spinbetter.app\/sk\/wp-json\/wp\/v2\/pages\/400"}],"collection":[{"href":"https:\/\/spinbetter.app\/sk\/wp-json\/wp\/v2\/pages"}],"about":[{"href":"https:\/\/spinbetter.app\/sk\/wp-json\/wp\/v2\/types\/page"}],"author":[{"embeddable":true,"href":"https:\/\/spinbetter.app\/sk\/wp-json\/wp\/v2\/users\/1"}],"replies":[{"embeddable":true,"href":"https:\/\/spinbetter.app\/sk\/wp-json\/wp\/v2\/comments?post=400"}],"version-history":[{"count":1,"href":"https:\/\/spinbetter.app\/sk\/wp-json\/wp\/v2\/pages\/400\/revisions"}],"predecessor-version":[{"id":401,"href":"https:\/\/spinbetter.app\/sk\/wp-json\/wp\/v2\/pages\/400\/revisions\/401"}],"up":[{"embeddable":true,"href":"https:\/\/spinbetter.app\/sk\/wp-json\/wp\/v2\/pages\/152"}],"wp:attachment":[{"href":"https:\/\/spinbetter.app\/sk\/wp-json\/wp\/v2\/media?parent=400"}],"curies":[{"name":"wp","href":"https:\/\/api.w.org\/{rel}","templated":true}]}}