{"id":402,"date":"2025-07-02T07:48:05","date_gmt":"2025-07-02T07:48:05","guid":{"rendered":"https:\/\/spinbetter.app\/sk\/?page_id=402"},"modified":"2025-07-02T07:48:12","modified_gmt":"2025-07-02T07:48:12","slug":"betting-cashback","status":"publish","type":"page","link":"https:\/\/spinbetter.app\/sk\/bonus\/betting-cashback\/","title":{"rendered":"Cashback zo st\u00e1vkovania"},"content":{"rendered":"","protected":false},"excerpt":{"rendered":"","protected":false},"author":1,"featured_media":0,"parent":152,"menu_order":0,"comment_status":"closed","ping_status":"closed","template":"","meta":{"footnotes":""},"class_list":["post-402","page","type-page","status-publish","hentry"],"yoast_head":"<!-- This site is optimized with the Yoast SEO plugin v23.4 - https:\/\/yoast.com\/wordpress\/plugins\/seo\/ -->\n<title>Cashback za st\u00e1vkovanie SpinBetter \u1405 a\u017e do 1 000 EUR<\/title>\n<meta name=\"description\" content=\"Stavte si na \u0161port v kas\u00edne SpinBetter a v utorok automaticky z\u00edskajte sp\u00e4\u0165 3 % z va\u0161ich prehrat\u00fdch st\u00e1vok. Minim\u00e1lne podmienky - maxim\u00e1lne v\u00fdhody!\" \/>\n<meta name=\"robots\" content=\"index, follow, max-snippet:-1, max-image-preview:large, max-video-preview:-1\" \/>\n<meta property=\"og:locale\" content=\"sk_SK\" \/>\n<meta property=\"og:type\" content=\"article\" \/>\n<meta property=\"og:title\" content=\"Cashback za st\u00e1vkovanie SpinBetter \u1405 a\u017e do 1 000 EUR\" \/>\n<meta property=\"og:description\" content=\"Stavte si na \u0161port v kas\u00edne SpinBetter a v utorok automaticky z\u00edskajte sp\u00e4\u0165 3 % z va\u0161ich prehrat\u00fdch st\u00e1vok. Minim\u00e1lne podmienky - maxim\u00e1lne v\u00fdhody!\" \/>\n<meta property=\"og:url\" content=\"https:\/\/spinbetter.app\/sk\/bonus\/betting-cashback\/\" \/>\n<meta property=\"og:site_name\" content=\"Spinbetter App SK\" \/>\n<meta property=\"article:modified_time\" content=\"2025-07-02T07:48:12+00:00\" \/>\n<meta name=\"twitter:card\" content=\"summary_large_image\" \/>\n<script type=\"application\/ld+json\" class=\"yoast-schema-graph\">{\"@context\":\"https:\/\/schema.org\",\"@graph\":[{\"@type\":\"WebPage\",\"@id\":\"https:\/\/spinbetter.app\/sk\/bonus\/betting-cashback\/\",\"url\":\"https:\/\/spinbetter.app\/sk\/bonus\/betting-cashback\/\",\"name\":\"Cashback za st\u00e1vkovanie SpinBetter \u1405 a\u017e do 1 000 EUR\",\"isPartOf\":{\"@id\":\"https:\/\/spinbetter.app\/sk\/#website\"},\"datePublished\":\"2025-07-02T07:48:05+00:00\",\"dateModified\":\"2025-07-02T07:48:12+00:00\",\"description\":\"Stavte si na \u0161port v kas\u00edne SpinBetter a v utorok automaticky z\u00edskajte sp\u00e4\u0165 3 % z va\u0161ich prehrat\u00fdch st\u00e1vok. Minim\u00e1lne podmienky - maxim\u00e1lne v\u00fdhody!\",\"breadcrumb\":{\"@id\":\"https:\/\/spinbetter.app\/sk\/bonus\/betting-cashback\/#breadcrumb\"},\"inLanguage\":\"sk-SK\",\"potentialAction\":[{\"@type\":\"ReadAction\",\"target\":[\"https:\/\/spinbetter.app\/sk\/bonus\/betting-cashback\/\"]}]},{\"@type\":\"BreadcrumbList\",\"@id\":\"https:\/\/spinbetter.app\/sk\/bonus\/betting-cashback\/#breadcrumb\",\"itemListElement\":[{\"@type\":\"ListItem\",\"position\":1,\"name\":\"Home\",\"item\":\"https:\/\/spinbetter.app\/sk\/\"},{\"@type\":\"ListItem\",\"position\":2,\"name\":\"Bonus\",\"item\":\"https:\/\/spinbetter.app\/sk\/bonus\/\"},{\"@type\":\"ListItem\",\"position\":3,\"name\":\"Cashback zo st\u00e1vkovania\"}]},{\"@type\":\"WebSite\",\"@id\":\"https:\/\/spinbetter.app\/sk\/#website\",\"url\":\"https:\/\/spinbetter.app\/sk\/\",\"name\":\"Spinbetter App SK\",\"description\":\"\",\"potentialAction\":[{\"@type\":\"SearchAction\",\"target\":{\"@type\":\"EntryPoint\",\"urlTemplate\":\"https:\/\/spinbetter.app\/sk\/?s={search_term_string}\"},\"query-input\":{\"@type\":\"PropertyValueSpecification\",\"valueRequired\":true,\"valueName\":\"search_term_string\"}}],\"inLanguage\":\"sk-SK\"}]}<\/script>\n<!-- \/ Yoast SEO plugin. -->","yoast_head_json":{"title":"Cashback za st\u00e1vkovanie SpinBetter \u1405 a\u017e do 1 000 EUR","description":"Stavte si na \u0161port v kas\u00edne SpinBetter a v utorok automaticky z\u00edskajte sp\u00e4\u0165 3 % z va\u0161ich prehrat\u00fdch st\u00e1vok. Minim\u00e1lne podmienky - maxim\u00e1lne v\u00fdhody!","robots":{"index":"index","follow":"follow","max-snippet":"max-snippet:-1","max-image-preview":"max-image-preview:large","max-video-preview":"max-video-preview:-1"},"og_locale":"sk_SK","og_type":"article","og_title":"Cashback za st\u00e1vkovanie SpinBetter \u1405 a\u017e do 1 000 EUR","og_description":"Stavte si na \u0161port v kas\u00edne SpinBetter a v utorok automaticky z\u00edskajte sp\u00e4\u0165 3 % z va\u0161ich prehrat\u00fdch st\u00e1vok. Minim\u00e1lne podmienky - maxim\u00e1lne v\u00fdhody!","og_url":"https:\/\/spinbetter.app\/sk\/bonus\/betting-cashback\/","og_site_name":"Spinbetter App SK","article_modified_time":"2025-07-02T07:48:12+00:00","twitter_card":"summary_large_image","schema":{"@context":"https:\/\/schema.org","@graph":[{"@type":"WebPage","@id":"https:\/\/spinbetter.app\/sk\/bonus\/betting-cashback\/","url":"https:\/\/spinbetter.app\/sk\/bonus\/betting-cashback\/","name":"Cashback za st\u00e1vkovanie SpinBetter \u1405 a\u017e do 1 000 EUR","isPartOf":{"@id":"https:\/\/spinbetter.app\/sk\/#website"},"datePublished":"2025-07-02T07:48:05+00:00","dateModified":"2025-07-02T07:48:12+00:00","description":"Stavte si na \u0161port v kas\u00edne SpinBetter a v utorok automaticky z\u00edskajte sp\u00e4\u0165 3 % z va\u0161ich prehrat\u00fdch st\u00e1vok. Minim\u00e1lne podmienky - maxim\u00e1lne v\u00fdhody!","breadcrumb":{"@id":"https:\/\/spinbetter.app\/sk\/bonus\/betting-cashback\/#breadcrumb"},"inLanguage":"sk-SK","potentialAction":[{"@type":"ReadAction","target":["https:\/\/spinbetter.app\/sk\/bonus\/betting-cashback\/"]}]},{"@type":"BreadcrumbList","@id":"https:\/\/spinbetter.app\/sk\/bonus\/betting-cashback\/#breadcrumb","itemListElement":[{"@type":"ListItem","position":1,"name":"Home","item":"https:\/\/spinbetter.app\/sk\/"},{"@type":"ListItem","position":2,"name":"Bonus","item":"https:\/\/spinbetter.app\/sk\/bonus\/"},{"@type":"ListItem","position":3,"name":"Cashback zo st\u00e1vkovania"}]},{"@type":"WebSite","@id":"https:\/\/spinbetter.app\/sk\/#website","url":"https:\/\/spinbetter.app\/sk\/","name":"Spinbetter App SK","description":"","potentialAction":[{"@type":"SearchAction","target":{"@type":"EntryPoint","urlTemplate":"https:\/\/spinbetter.app\/sk\/?s={search_term_string}"},"query-input":{"@type":"PropertyValueSpecification","valueRequired":true,"valueName":"search_term_string"}}],"inLanguage":"sk-SK"}]}},"_links":{"self":[{"href":"https:\/\/spinbetter.app\/sk\/wp-json\/wp\/v2\/pages\/402"}],"collection":[{"href":"https:\/\/spinbetter.app\/sk\/wp-json\/wp\/v2\/pages"}],"about":[{"href":"https:\/\/spinbetter.app\/sk\/wp-json\/wp\/v2\/types\/page"}],"author":[{"embeddable":true,"href":"https:\/\/spinbetter.app\/sk\/wp-json\/wp\/v2\/users\/1"}],"replies":[{"embeddable":true,"href":"https:\/\/spinbetter.app\/sk\/wp-json\/wp\/v2\/comments?post=402"}],"version-history":[{"count":1,"href":"https:\/\/spinbetter.app\/sk\/wp-json\/wp\/v2\/pages\/402\/revisions"}],"predecessor-version":[{"id":403,"href":"https:\/\/spinbetter.app\/sk\/wp-json\/wp\/v2\/pages\/402\/revisions\/403"}],"up":[{"embeddable":true,"href":"https:\/\/spinbetter.app\/sk\/wp-json\/wp\/v2\/pages\/152"}],"wp:attachment":[{"href":"https:\/\/spinbetter.app\/sk\/wp-json\/wp\/v2\/media?parent=402"}],"curies":[{"name":"wp","href":"https:\/\/api.w.org\/{rel}","templated":true}]}}