{"id":152,"date":"2023-05-18T17:39:43","date_gmt":"2023-05-18T17:39:43","guid":{"rendered":"https:\/\/spinbetter.app\/sl\/?page_id=152"},"modified":"2026-01-13T14:08:34","modified_gmt":"2026-01-13T14:08:34","slug":"bonus","status":"publish","type":"page","link":"https:\/\/spinbetter.app\/sl\/bonus\/","title":{"rendered":"Bonus"},"content":{"rendered":"","protected":false},"excerpt":{"rendered":"","protected":false},"author":1,"featured_media":0,"parent":0,"menu_order":0,"comment_status":"closed","ping_status":"closed","template":"","meta":{"footnotes":""},"class_list":["post-152","page","type-page","status-publish","hentry"],"yoast_head":"<!-- This site is optimized with the Yoast SEO plugin v23.4 - https:\/\/yoast.com\/wordpress\/plugins\/seo\/ -->\n<title>SpinBetter bonus &gt; brezpla\u010dne stave, depozitni bonusi in promocije<\/title>\n<meta name=\"description\" content=\"Pridobite odli\u010dne bonuse od SpinBetterja! Bonusi za prvi depozit, posebne promocije in brezpla\u010dne stave. Prijavite se zdaj.\" \/>\n<meta name=\"robots\" content=\"index, follow, max-snippet:-1, max-image-preview:large, max-video-preview:-1\" \/>\n<meta property=\"og:locale\" content=\"sl_SI\" \/>\n<meta property=\"og:type\" content=\"article\" \/>\n<meta property=\"og:title\" content=\"SpinBetter bonus &gt; brezpla\u010dne stave, depozitni bonusi in promocije\" \/>\n<meta property=\"og:description\" content=\"Pridobite odli\u010dne bonuse od SpinBetterja! Bonusi za prvi depozit, posebne promocije in brezpla\u010dne stave. Prijavite se zdaj.\" \/>\n<meta property=\"og:url\" content=\"https:\/\/spinbetter.app\/sl\/bonus\/\" \/>\n<meta property=\"og:site_name\" content=\"Spinbetter APP SL\" \/>\n<meta property=\"article:modified_time\" content=\"2026-01-13T14:08:34+00:00\" \/>\n<meta name=\"twitter:card\" content=\"summary_large_image\" \/>\n<script type=\"application\/ld+json\" class=\"yoast-schema-graph\">{\"@context\":\"https:\/\/schema.org\",\"@graph\":[{\"@type\":\"WebPage\",\"@id\":\"https:\/\/spinbetter.app\/sl\/bonus\/\",\"url\":\"https:\/\/spinbetter.app\/sl\/bonus\/\",\"name\":\"SpinBetter bonus > brezpla\u010dne stave, depozitni bonusi in promocije\",\"isPartOf\":{\"@id\":\"https:\/\/spinbetter.app\/sl\/#website\"},\"datePublished\":\"2023-05-18T17:39:43+00:00\",\"dateModified\":\"2026-01-13T14:08:34+00:00\",\"description\":\"Pridobite odli\u010dne bonuse od SpinBetterja! Bonusi za prvi depozit, posebne promocije in brezpla\u010dne stave. Prijavite se zdaj.\",\"breadcrumb\":{\"@id\":\"https:\/\/spinbetter.app\/sl\/bonus\/#breadcrumb\"},\"inLanguage\":\"sl-SI\",\"potentialAction\":[{\"@type\":\"ReadAction\",\"target\":[\"https:\/\/spinbetter.app\/sl\/bonus\/\"]}]},{\"@type\":\"BreadcrumbList\",\"@id\":\"https:\/\/spinbetter.app\/sl\/bonus\/#breadcrumb\",\"itemListElement\":[{\"@type\":\"ListItem\",\"position\":1,\"name\":\"Home\",\"item\":\"https:\/\/spinbetter.app\/sl\/\"},{\"@type\":\"ListItem\",\"position\":2,\"name\":\"Bonus\"}]},{\"@type\":\"WebSite\",\"@id\":\"https:\/\/spinbetter.app\/sl\/#website\",\"url\":\"https:\/\/spinbetter.app\/sl\/\",\"name\":\"Spinbetter APP SL\",\"description\":\"\",\"potentialAction\":[{\"@type\":\"SearchAction\",\"target\":{\"@type\":\"EntryPoint\",\"urlTemplate\":\"https:\/\/spinbetter.app\/sl\/?s={search_term_string}\"},\"query-input\":{\"@type\":\"PropertyValueSpecification\",\"valueRequired\":true,\"valueName\":\"search_term_string\"}}],\"inLanguage\":\"sl-SI\"}]}<\/script>\n<!-- \/ Yoast SEO plugin. -->","yoast_head_json":{"title":"SpinBetter bonus > brezpla\u010dne stave, depozitni bonusi in promocije","description":"Pridobite odli\u010dne bonuse od SpinBetterja! Bonusi za prvi depozit, posebne promocije in brezpla\u010dne stave. Prijavite se zdaj.","robots":{"index":"index","follow":"follow","max-snippet":"max-snippet:-1","max-image-preview":"max-image-preview:large","max-video-preview":"max-video-preview:-1"},"og_locale":"sl_SI","og_type":"article","og_title":"SpinBetter bonus > brezpla\u010dne stave, depozitni bonusi in promocije","og_description":"Pridobite odli\u010dne bonuse od SpinBetterja! Bonusi za prvi depozit, posebne promocije in brezpla\u010dne stave. Prijavite se zdaj.","og_url":"https:\/\/spinbetter.app\/sl\/bonus\/","og_site_name":"Spinbetter APP SL","article_modified_time":"2026-01-13T14:08:34+00:00","twitter_card":"summary_large_image","schema":{"@context":"https:\/\/schema.org","@graph":[{"@type":"WebPage","@id":"https:\/\/spinbetter.app\/sl\/bonus\/","url":"https:\/\/spinbetter.app\/sl\/bonus\/","name":"SpinBetter bonus > brezpla\u010dne stave, depozitni bonusi in promocije","isPartOf":{"@id":"https:\/\/spinbetter.app\/sl\/#website"},"datePublished":"2023-05-18T17:39:43+00:00","dateModified":"2026-01-13T14:08:34+00:00","description":"Pridobite odli\u010dne bonuse od SpinBetterja! Bonusi za prvi depozit, posebne promocije in brezpla\u010dne stave. Prijavite se zdaj.","breadcrumb":{"@id":"https:\/\/spinbetter.app\/sl\/bonus\/#breadcrumb"},"inLanguage":"sl-SI","potentialAction":[{"@type":"ReadAction","target":["https:\/\/spinbetter.app\/sl\/bonus\/"]}]},{"@type":"BreadcrumbList","@id":"https:\/\/spinbetter.app\/sl\/bonus\/#breadcrumb","itemListElement":[{"@type":"ListItem","position":1,"name":"Home","item":"https:\/\/spinbetter.app\/sl\/"},{"@type":"ListItem","position":2,"name":"Bonus"}]},{"@type":"WebSite","@id":"https:\/\/spinbetter.app\/sl\/#website","url":"https:\/\/spinbetter.app\/sl\/","name":"Spinbetter APP SL","description":"","potentialAction":[{"@type":"SearchAction","target":{"@type":"EntryPoint","urlTemplate":"https:\/\/spinbetter.app\/sl\/?s={search_term_string}"},"query-input":{"@type":"PropertyValueSpecification","valueRequired":true,"valueName":"search_term_string"}}],"inLanguage":"sl-SI"}]}},"_links":{"self":[{"href":"https:\/\/spinbetter.app\/sl\/wp-json\/wp\/v2\/pages\/152"}],"collection":[{"href":"https:\/\/spinbetter.app\/sl\/wp-json\/wp\/v2\/pages"}],"about":[{"href":"https:\/\/spinbetter.app\/sl\/wp-json\/wp\/v2\/types\/page"}],"author":[{"embeddable":true,"href":"https:\/\/spinbetter.app\/sl\/wp-json\/wp\/v2\/users\/1"}],"replies":[{"embeddable":true,"href":"https:\/\/spinbetter.app\/sl\/wp-json\/wp\/v2\/comments?post=152"}],"version-history":[{"count":14,"href":"https:\/\/spinbetter.app\/sl\/wp-json\/wp\/v2\/pages\/152\/revisions"}],"predecessor-version":[{"id":438,"href":"https:\/\/spinbetter.app\/sl\/wp-json\/wp\/v2\/pages\/152\/revisions\/438"}],"wp:attachment":[{"href":"https:\/\/spinbetter.app\/sl\/wp-json\/wp\/v2\/media?parent=152"}],"curies":[{"name":"wp","href":"https:\/\/api.w.org\/{rel}","templated":true}]}}