{"id":415,"date":"2025-07-02T08:55:01","date_gmt":"2025-07-02T08:55:01","guid":{"rendered":"https:\/\/spinbetter.app\/sl\/?page_id=415"},"modified":"2025-07-02T08:55:13","modified_gmt":"2025-07-02T08:55:13","slug":"spinbetter-vote","status":"publish","type":"page","link":"https:\/\/spinbetter.app\/sl\/bonus\/spinbetter-vote\/","title":{"rendered":"Glas SpinBetterja"},"content":{"rendered":"","protected":false},"excerpt":{"rendered":"","protected":false},"author":1,"featured_media":0,"parent":152,"menu_order":0,"comment_status":"closed","ping_status":"closed","template":"","meta":{"footnotes":""},"class_list":["post-415","page","type-page","status-publish","hentry"],"yoast_head":"<!-- This site is optimized with the Yoast SEO plugin v23.4 - https:\/\/yoast.com\/wordpress\/plugins\/seo\/ -->\n<title>Glasujte za najbolj\u0161i \u0161portni bonus &gt; Brezpla\u010dne stave<\/title>\n<meta name=\"description\" content=\"Pridru\u017eite se SpinBetterju in glasujte za svoj najljub\u0161i \u0161port! Sodelujte v vznemirljivi promociji \u00bbGlasujte za najbolj\u0161i \u0161port\u00ab, prislu\u017eite si brezpla\u010dne stave in kul nagrade! Ne zamudite prilo\u017enosti, da poka\u017eete svojo zvestobo in prejmete ekskluzivne bonuse \u2013 \u010das je omejen, ukrepajte zdaj!\" \/>\n<meta name=\"robots\" content=\"index, follow, max-snippet:-1, max-image-preview:large, max-video-preview:-1\" \/>\n<meta property=\"og:locale\" content=\"sl_SI\" \/>\n<meta property=\"og:type\" content=\"article\" \/>\n<meta property=\"og:title\" content=\"Glasujte za najbolj\u0161i \u0161portni bonus &gt; Brezpla\u010dne stave\" \/>\n<meta property=\"og:description\" content=\"Pridru\u017eite se SpinBetterju in glasujte za svoj najljub\u0161i \u0161port! Sodelujte v vznemirljivi promociji \u00bbGlasujte za najbolj\u0161i \u0161port\u00ab, prislu\u017eite si brezpla\u010dne stave in kul nagrade! Ne zamudite prilo\u017enosti, da poka\u017eete svojo zvestobo in prejmete ekskluzivne bonuse \u2013 \u010das je omejen, ukrepajte zdaj!\" \/>\n<meta property=\"og:url\" content=\"https:\/\/spinbetter.app\/sl\/bonus\/spinbetter-vote\/\" \/>\n<meta property=\"og:site_name\" content=\"Spinbetter APP SL\" \/>\n<meta property=\"article:modified_time\" content=\"2025-07-02T08:55:13+00:00\" \/>\n<meta name=\"twitter:card\" content=\"summary_large_image\" \/>\n<script type=\"application\/ld+json\" class=\"yoast-schema-graph\">{\"@context\":\"https:\/\/schema.org\",\"@graph\":[{\"@type\":\"WebPage\",\"@id\":\"https:\/\/spinbetter.app\/sl\/bonus\/spinbetter-vote\/\",\"url\":\"https:\/\/spinbetter.app\/sl\/bonus\/spinbetter-vote\/\",\"name\":\"Glasujte za najbolj\u0161i \u0161portni bonus > Brezpla\u010dne stave\",\"isPartOf\":{\"@id\":\"https:\/\/spinbetter.app\/sl\/#website\"},\"datePublished\":\"2025-07-02T08:55:01+00:00\",\"dateModified\":\"2025-07-02T08:55:13+00:00\",\"description\":\"Pridru\u017eite se SpinBetterju in glasujte za svoj najljub\u0161i \u0161port! Sodelujte v vznemirljivi promociji \u00bbGlasujte za najbolj\u0161i \u0161port\u00ab, prislu\u017eite si brezpla\u010dne stave in kul nagrade! Ne zamudite prilo\u017enosti, da poka\u017eete svojo zvestobo in prejmete ekskluzivne bonuse \u2013 \u010das je omejen, ukrepajte zdaj!\",\"breadcrumb\":{\"@id\":\"https:\/\/spinbetter.app\/sl\/bonus\/spinbetter-vote\/#breadcrumb\"},\"inLanguage\":\"sl-SI\",\"potentialAction\":[{\"@type\":\"ReadAction\",\"target\":[\"https:\/\/spinbetter.app\/sl\/bonus\/spinbetter-vote\/\"]}]},{\"@type\":\"BreadcrumbList\",\"@id\":\"https:\/\/spinbetter.app\/sl\/bonus\/spinbetter-vote\/#breadcrumb\",\"itemListElement\":[{\"@type\":\"ListItem\",\"position\":1,\"name\":\"Home\",\"item\":\"https:\/\/spinbetter.app\/sl\/\"},{\"@type\":\"ListItem\",\"position\":2,\"name\":\"Bonus\",\"item\":\"https:\/\/spinbetter.app\/sl\/bonus\/\"},{\"@type\":\"ListItem\",\"position\":3,\"name\":\"Glas SpinBetterja\"}]},{\"@type\":\"WebSite\",\"@id\":\"https:\/\/spinbetter.app\/sl\/#website\",\"url\":\"https:\/\/spinbetter.app\/sl\/\",\"name\":\"Spinbetter APP SL\",\"description\":\"\",\"potentialAction\":[{\"@type\":\"SearchAction\",\"target\":{\"@type\":\"EntryPoint\",\"urlTemplate\":\"https:\/\/spinbetter.app\/sl\/?s={search_term_string}\"},\"query-input\":{\"@type\":\"PropertyValueSpecification\",\"valueRequired\":true,\"valueName\":\"search_term_string\"}}],\"inLanguage\":\"sl-SI\"}]}<\/script>\n<!-- \/ Yoast SEO plugin. -->","yoast_head_json":{"title":"Glasujte za najbolj\u0161i \u0161portni bonus > Brezpla\u010dne stave","description":"Pridru\u017eite se SpinBetterju in glasujte za svoj najljub\u0161i \u0161port! Sodelujte v vznemirljivi promociji \u00bbGlasujte za najbolj\u0161i \u0161port\u00ab, prislu\u017eite si brezpla\u010dne stave in kul nagrade! Ne zamudite prilo\u017enosti, da poka\u017eete svojo zvestobo in prejmete ekskluzivne bonuse \u2013 \u010das je omejen, ukrepajte zdaj!","robots":{"index":"index","follow":"follow","max-snippet":"max-snippet:-1","max-image-preview":"max-image-preview:large","max-video-preview":"max-video-preview:-1"},"og_locale":"sl_SI","og_type":"article","og_title":"Glasujte za najbolj\u0161i \u0161portni bonus > Brezpla\u010dne stave","og_description":"Pridru\u017eite se SpinBetterju in glasujte za svoj najljub\u0161i \u0161port! Sodelujte v vznemirljivi promociji \u00bbGlasujte za najbolj\u0161i \u0161port\u00ab, prislu\u017eite si brezpla\u010dne stave in kul nagrade! Ne zamudite prilo\u017enosti, da poka\u017eete svojo zvestobo in prejmete ekskluzivne bonuse \u2013 \u010das je omejen, ukrepajte zdaj!","og_url":"https:\/\/spinbetter.app\/sl\/bonus\/spinbetter-vote\/","og_site_name":"Spinbetter APP SL","article_modified_time":"2025-07-02T08:55:13+00:00","twitter_card":"summary_large_image","schema":{"@context":"https:\/\/schema.org","@graph":[{"@type":"WebPage","@id":"https:\/\/spinbetter.app\/sl\/bonus\/spinbetter-vote\/","url":"https:\/\/spinbetter.app\/sl\/bonus\/spinbetter-vote\/","name":"Glasujte za najbolj\u0161i \u0161portni bonus > Brezpla\u010dne stave","isPartOf":{"@id":"https:\/\/spinbetter.app\/sl\/#website"},"datePublished":"2025-07-02T08:55:01+00:00","dateModified":"2025-07-02T08:55:13+00:00","description":"Pridru\u017eite se SpinBetterju in glasujte za svoj najljub\u0161i \u0161port! Sodelujte v vznemirljivi promociji \u00bbGlasujte za najbolj\u0161i \u0161port\u00ab, prislu\u017eite si brezpla\u010dne stave in kul nagrade! Ne zamudite prilo\u017enosti, da poka\u017eete svojo zvestobo in prejmete ekskluzivne bonuse \u2013 \u010das je omejen, ukrepajte zdaj!","breadcrumb":{"@id":"https:\/\/spinbetter.app\/sl\/bonus\/spinbetter-vote\/#breadcrumb"},"inLanguage":"sl-SI","potentialAction":[{"@type":"ReadAction","target":["https:\/\/spinbetter.app\/sl\/bonus\/spinbetter-vote\/"]}]},{"@type":"BreadcrumbList","@id":"https:\/\/spinbetter.app\/sl\/bonus\/spinbetter-vote\/#breadcrumb","itemListElement":[{"@type":"ListItem","position":1,"name":"Home","item":"https:\/\/spinbetter.app\/sl\/"},{"@type":"ListItem","position":2,"name":"Bonus","item":"https:\/\/spinbetter.app\/sl\/bonus\/"},{"@type":"ListItem","position":3,"name":"Glas SpinBetterja"}]},{"@type":"WebSite","@id":"https:\/\/spinbetter.app\/sl\/#website","url":"https:\/\/spinbetter.app\/sl\/","name":"Spinbetter APP SL","description":"","potentialAction":[{"@type":"SearchAction","target":{"@type":"EntryPoint","urlTemplate":"https:\/\/spinbetter.app\/sl\/?s={search_term_string}"},"query-input":{"@type":"PropertyValueSpecification","valueRequired":true,"valueName":"search_term_string"}}],"inLanguage":"sl-SI"}]}},"_links":{"self":[{"href":"https:\/\/spinbetter.app\/sl\/wp-json\/wp\/v2\/pages\/415"}],"collection":[{"href":"https:\/\/spinbetter.app\/sl\/wp-json\/wp\/v2\/pages"}],"about":[{"href":"https:\/\/spinbetter.app\/sl\/wp-json\/wp\/v2\/types\/page"}],"author":[{"embeddable":true,"href":"https:\/\/spinbetter.app\/sl\/wp-json\/wp\/v2\/users\/1"}],"replies":[{"embeddable":true,"href":"https:\/\/spinbetter.app\/sl\/wp-json\/wp\/v2\/comments?post=415"}],"version-history":[{"count":1,"href":"https:\/\/spinbetter.app\/sl\/wp-json\/wp\/v2\/pages\/415\/revisions"}],"predecessor-version":[{"id":416,"href":"https:\/\/spinbetter.app\/sl\/wp-json\/wp\/v2\/pages\/415\/revisions\/416"}],"up":[{"embeddable":true,"href":"https:\/\/spinbetter.app\/sl\/wp-json\/wp\/v2\/pages\/152"}],"wp:attachment":[{"href":"https:\/\/spinbetter.app\/sl\/wp-json\/wp\/v2\/media?parent=415"}],"curies":[{"name":"wp","href":"https:\/\/api.w.org\/{rel}","templated":true}]}}