{"id":207,"date":"2024-10-22T10:20:19","date_gmt":"2024-10-22T10:20:19","guid":{"rendered":"https:\/\/spinbetter.app\/tr\/?page_id=207"},"modified":"2025-06-19T22:11:38","modified_gmt":"2025-06-19T22:11:38","slug":"registration","status":"publish","type":"page","link":"https:\/\/spinbetter.app\/tr\/registration\/","title":{"rendered":"Kay\u0131t"},"content":{"rendered":"","protected":false},"excerpt":{"rendered":"","protected":false},"author":1,"featured_media":0,"parent":0,"menu_order":0,"comment_status":"closed","ping_status":"closed","template":"","meta":{"footnotes":""},"class_list":["post-207","page","type-page","status-publish","hentry"],"yoast_head":"<!-- This site is optimized with the Yoast SEO plugin v23.4 - https:\/\/yoast.com\/wordpress\/plugins\/seo\/ -->\n<title>SpinBetter Kayd\u0131 &gt; Kolay ve H\u0131zl\u0131 Hesap Olu\u015fturma<\/title>\n<meta name=\"description\" content=\"Dakikalar i\u00e7inde SpinBetter&#039;a kaydolun! Hesap olu\u015fturmay\u0131, yeni oyunculara hangi bonuslar\u0131n sunuldu\u011funu ve bahis oynamaya nas\u0131l ba\u015flayaca\u011f\u0131n\u0131z\u0131 \u00f6\u011frenin.\" \/>\n<meta name=\"robots\" content=\"index, follow, max-snippet:-1, max-image-preview:large, max-video-preview:-1\" \/>\n<meta property=\"og:locale\" content=\"tr_TR\" \/>\n<meta property=\"og:type\" content=\"article\" \/>\n<meta property=\"og:title\" content=\"SpinBetter Kayd\u0131 &gt; Kolay ve H\u0131zl\u0131 Hesap Olu\u015fturma\" \/>\n<meta property=\"og:description\" content=\"Dakikalar i\u00e7inde SpinBetter&#039;a kaydolun! Hesap olu\u015fturmay\u0131, yeni oyunculara hangi bonuslar\u0131n sunuldu\u011funu ve bahis oynamaya nas\u0131l ba\u015flayaca\u011f\u0131n\u0131z\u0131 \u00f6\u011frenin.\" \/>\n<meta property=\"og:url\" content=\"https:\/\/spinbetter.app\/tr\/registration\/\" \/>\n<meta property=\"og:site_name\" content=\"Spinbetter App TR\" \/>\n<meta property=\"article:modified_time\" content=\"2025-06-19T22:11:38+00:00\" \/>\n<meta name=\"twitter:card\" content=\"summary_large_image\" \/>\n<script type=\"application\/ld+json\" class=\"yoast-schema-graph\">{\"@context\":\"https:\/\/schema.org\",\"@graph\":[{\"@type\":\"WebPage\",\"@id\":\"https:\/\/spinbetter.app\/tr\/registration\/\",\"url\":\"https:\/\/spinbetter.app\/tr\/registration\/\",\"name\":\"SpinBetter Kayd\u0131 > Kolay ve H\u0131zl\u0131 Hesap Olu\u015fturma\",\"isPartOf\":{\"@id\":\"https:\/\/spinbetter.app\/tr\/#website\"},\"datePublished\":\"2024-10-22T10:20:19+00:00\",\"dateModified\":\"2025-06-19T22:11:38+00:00\",\"description\":\"Dakikalar i\u00e7inde SpinBetter'a kaydolun! Hesap olu\u015fturmay\u0131, yeni oyunculara hangi bonuslar\u0131n sunuldu\u011funu ve bahis oynamaya nas\u0131l ba\u015flayaca\u011f\u0131n\u0131z\u0131 \u00f6\u011frenin.\",\"breadcrumb\":{\"@id\":\"https:\/\/spinbetter.app\/tr\/registration\/#breadcrumb\"},\"inLanguage\":\"tr\",\"potentialAction\":[{\"@type\":\"ReadAction\",\"target\":[\"https:\/\/spinbetter.app\/tr\/registration\/\"]}]},{\"@type\":\"BreadcrumbList\",\"@id\":\"https:\/\/spinbetter.app\/tr\/registration\/#breadcrumb\",\"itemListElement\":[{\"@type\":\"ListItem\",\"position\":1,\"name\":\"Home\",\"item\":\"https:\/\/spinbetter.app\/tr\/\"},{\"@type\":\"ListItem\",\"position\":2,\"name\":\"Kay\u0131t\"}]},{\"@type\":\"WebSite\",\"@id\":\"https:\/\/spinbetter.app\/tr\/#website\",\"url\":\"https:\/\/spinbetter.app\/tr\/\",\"name\":\"Spinbetter App TR\",\"description\":\"\",\"potentialAction\":[{\"@type\":\"SearchAction\",\"target\":{\"@type\":\"EntryPoint\",\"urlTemplate\":\"https:\/\/spinbetter.app\/tr\/?s={search_term_string}\"},\"query-input\":{\"@type\":\"PropertyValueSpecification\",\"valueRequired\":true,\"valueName\":\"search_term_string\"}}],\"inLanguage\":\"tr\"}]}<\/script>\n<!-- \/ Yoast SEO plugin. -->","yoast_head_json":{"title":"SpinBetter Kayd\u0131 > Kolay ve H\u0131zl\u0131 Hesap Olu\u015fturma","description":"Dakikalar i\u00e7inde SpinBetter'a kaydolun! Hesap olu\u015fturmay\u0131, yeni oyunculara hangi bonuslar\u0131n sunuldu\u011funu ve bahis oynamaya nas\u0131l ba\u015flayaca\u011f\u0131n\u0131z\u0131 \u00f6\u011frenin.","robots":{"index":"index","follow":"follow","max-snippet":"max-snippet:-1","max-image-preview":"max-image-preview:large","max-video-preview":"max-video-preview:-1"},"og_locale":"tr_TR","og_type":"article","og_title":"SpinBetter Kayd\u0131 > Kolay ve H\u0131zl\u0131 Hesap Olu\u015fturma","og_description":"Dakikalar i\u00e7inde SpinBetter'a kaydolun! Hesap olu\u015fturmay\u0131, yeni oyunculara hangi bonuslar\u0131n sunuldu\u011funu ve bahis oynamaya nas\u0131l ba\u015flayaca\u011f\u0131n\u0131z\u0131 \u00f6\u011frenin.","og_url":"https:\/\/spinbetter.app\/tr\/registration\/","og_site_name":"Spinbetter App TR","article_modified_time":"2025-06-19T22:11:38+00:00","twitter_card":"summary_large_image","schema":{"@context":"https:\/\/schema.org","@graph":[{"@type":"WebPage","@id":"https:\/\/spinbetter.app\/tr\/registration\/","url":"https:\/\/spinbetter.app\/tr\/registration\/","name":"SpinBetter Kayd\u0131 > Kolay ve H\u0131zl\u0131 Hesap Olu\u015fturma","isPartOf":{"@id":"https:\/\/spinbetter.app\/tr\/#website"},"datePublished":"2024-10-22T10:20:19+00:00","dateModified":"2025-06-19T22:11:38+00:00","description":"Dakikalar i\u00e7inde SpinBetter'a kaydolun! Hesap olu\u015fturmay\u0131, yeni oyunculara hangi bonuslar\u0131n sunuldu\u011funu ve bahis oynamaya nas\u0131l ba\u015flayaca\u011f\u0131n\u0131z\u0131 \u00f6\u011frenin.","breadcrumb":{"@id":"https:\/\/spinbetter.app\/tr\/registration\/#breadcrumb"},"inLanguage":"tr","potentialAction":[{"@type":"ReadAction","target":["https:\/\/spinbetter.app\/tr\/registration\/"]}]},{"@type":"BreadcrumbList","@id":"https:\/\/spinbetter.app\/tr\/registration\/#breadcrumb","itemListElement":[{"@type":"ListItem","position":1,"name":"Home","item":"https:\/\/spinbetter.app\/tr\/"},{"@type":"ListItem","position":2,"name":"Kay\u0131t"}]},{"@type":"WebSite","@id":"https:\/\/spinbetter.app\/tr\/#website","url":"https:\/\/spinbetter.app\/tr\/","name":"Spinbetter App TR","description":"","potentialAction":[{"@type":"SearchAction","target":{"@type":"EntryPoint","urlTemplate":"https:\/\/spinbetter.app\/tr\/?s={search_term_string}"},"query-input":{"@type":"PropertyValueSpecification","valueRequired":true,"valueName":"search_term_string"}}],"inLanguage":"tr"}]}},"_links":{"self":[{"href":"https:\/\/spinbetter.app\/tr\/wp-json\/wp\/v2\/pages\/207"}],"collection":[{"href":"https:\/\/spinbetter.app\/tr\/wp-json\/wp\/v2\/pages"}],"about":[{"href":"https:\/\/spinbetter.app\/tr\/wp-json\/wp\/v2\/types\/page"}],"author":[{"embeddable":true,"href":"https:\/\/spinbetter.app\/tr\/wp-json\/wp\/v2\/users\/1"}],"replies":[{"embeddable":true,"href":"https:\/\/spinbetter.app\/tr\/wp-json\/wp\/v2\/comments?post=207"}],"version-history":[{"count":13,"href":"https:\/\/spinbetter.app\/tr\/wp-json\/wp\/v2\/pages\/207\/revisions"}],"predecessor-version":[{"id":370,"href":"https:\/\/spinbetter.app\/tr\/wp-json\/wp\/v2\/pages\/207\/revisions\/370"}],"wp:attachment":[{"href":"https:\/\/spinbetter.app\/tr\/wp-json\/wp\/v2\/media?parent=207"}],"curies":[{"name":"wp","href":"https:\/\/api.w.org\/{rel}","templated":true}]}}