{"id":230,"date":"2024-10-22T10:19:38","date_gmt":"2024-10-22T10:19:38","guid":{"rendered":"https:\/\/spinbetter.app\/tr\/?page_id=230"},"modified":"2025-06-19T22:13:49","modified_gmt":"2025-06-19T22:13:49","slug":"mirror","status":"publish","type":"page","link":"https:\/\/spinbetter.app\/tr\/mirror\/","title":{"rendered":"Ayna"},"content":{"rendered":"","protected":false},"excerpt":{"rendered":"","protected":false},"author":1,"featured_media":0,"parent":0,"menu_order":0,"comment_status":"closed","ping_status":"closed","template":"","meta":{"footnotes":""},"class_list":["post-230","page","type-page","status-publish","hentry"],"yoast_head":"<!-- This site is optimized with the Yoast SEO plugin v23.4 - https:\/\/yoast.com\/wordpress\/plugins\/seo\/ -->\n<title>Siteye eri\u015fmek i\u00e7in SpinBetter aynas\u0131 &gt; Engellemeyi Atlat<\/title>\n<meta name=\"description\" content=\"SpinBetter&#039;a eri\u015fime mi ihtiyac\u0131n\u0131z var? Engelleri a\u015fmak ve platforma giri\u015f yapmak i\u00e7in g\u00fcncel aynalar\u0131 kullan\u0131n. Ayr\u0131nt\u0131lar\u0131 makalede bulabilirsiniz.\" \/>\n<meta name=\"robots\" content=\"index, follow, max-snippet:-1, max-image-preview:large, max-video-preview:-1\" \/>\n<meta property=\"og:locale\" content=\"tr_TR\" \/>\n<meta property=\"og:type\" content=\"article\" \/>\n<meta property=\"og:title\" content=\"Siteye eri\u015fmek i\u00e7in SpinBetter aynas\u0131 &gt; Engellemeyi Atlat\" \/>\n<meta property=\"og:description\" content=\"SpinBetter&#039;a eri\u015fime mi ihtiyac\u0131n\u0131z var? Engelleri a\u015fmak ve platforma giri\u015f yapmak i\u00e7in g\u00fcncel aynalar\u0131 kullan\u0131n. Ayr\u0131nt\u0131lar\u0131 makalede bulabilirsiniz.\" \/>\n<meta property=\"og:url\" content=\"https:\/\/spinbetter.app\/tr\/mirror\/\" \/>\n<meta property=\"og:site_name\" content=\"Spinbetter App TR\" \/>\n<meta property=\"article:modified_time\" content=\"2025-06-19T22:13:49+00:00\" \/>\n<meta name=\"twitter:card\" content=\"summary_large_image\" \/>\n<script type=\"application\/ld+json\" class=\"yoast-schema-graph\">{\"@context\":\"https:\/\/schema.org\",\"@graph\":[{\"@type\":\"WebPage\",\"@id\":\"https:\/\/spinbetter.app\/tr\/mirror\/\",\"url\":\"https:\/\/spinbetter.app\/tr\/mirror\/\",\"name\":\"Siteye eri\u015fmek i\u00e7in SpinBetter aynas\u0131 > Engellemeyi Atlat\",\"isPartOf\":{\"@id\":\"https:\/\/spinbetter.app\/tr\/#website\"},\"datePublished\":\"2024-10-22T10:19:38+00:00\",\"dateModified\":\"2025-06-19T22:13:49+00:00\",\"description\":\"SpinBetter'a eri\u015fime mi ihtiyac\u0131n\u0131z var? Engelleri a\u015fmak ve platforma giri\u015f yapmak i\u00e7in g\u00fcncel aynalar\u0131 kullan\u0131n. Ayr\u0131nt\u0131lar\u0131 makalede bulabilirsiniz.\",\"breadcrumb\":{\"@id\":\"https:\/\/spinbetter.app\/tr\/mirror\/#breadcrumb\"},\"inLanguage\":\"tr\",\"potentialAction\":[{\"@type\":\"ReadAction\",\"target\":[\"https:\/\/spinbetter.app\/tr\/mirror\/\"]}]},{\"@type\":\"BreadcrumbList\",\"@id\":\"https:\/\/spinbetter.app\/tr\/mirror\/#breadcrumb\",\"itemListElement\":[{\"@type\":\"ListItem\",\"position\":1,\"name\":\"Home\",\"item\":\"https:\/\/spinbetter.app\/tr\/\"},{\"@type\":\"ListItem\",\"position\":2,\"name\":\"Ayna\"}]},{\"@type\":\"WebSite\",\"@id\":\"https:\/\/spinbetter.app\/tr\/#website\",\"url\":\"https:\/\/spinbetter.app\/tr\/\",\"name\":\"Spinbetter App TR\",\"description\":\"\",\"potentialAction\":[{\"@type\":\"SearchAction\",\"target\":{\"@type\":\"EntryPoint\",\"urlTemplate\":\"https:\/\/spinbetter.app\/tr\/?s={search_term_string}\"},\"query-input\":{\"@type\":\"PropertyValueSpecification\",\"valueRequired\":true,\"valueName\":\"search_term_string\"}}],\"inLanguage\":\"tr\"}]}<\/script>\n<!-- \/ Yoast SEO plugin. -->","yoast_head_json":{"title":"Siteye eri\u015fmek i\u00e7in SpinBetter aynas\u0131 > Engellemeyi Atlat","description":"SpinBetter'a eri\u015fime mi ihtiyac\u0131n\u0131z var? Engelleri a\u015fmak ve platforma giri\u015f yapmak i\u00e7in g\u00fcncel aynalar\u0131 kullan\u0131n. Ayr\u0131nt\u0131lar\u0131 makalede bulabilirsiniz.","robots":{"index":"index","follow":"follow","max-snippet":"max-snippet:-1","max-image-preview":"max-image-preview:large","max-video-preview":"max-video-preview:-1"},"og_locale":"tr_TR","og_type":"article","og_title":"Siteye eri\u015fmek i\u00e7in SpinBetter aynas\u0131 > Engellemeyi Atlat","og_description":"SpinBetter'a eri\u015fime mi ihtiyac\u0131n\u0131z var? Engelleri a\u015fmak ve platforma giri\u015f yapmak i\u00e7in g\u00fcncel aynalar\u0131 kullan\u0131n. Ayr\u0131nt\u0131lar\u0131 makalede bulabilirsiniz.","og_url":"https:\/\/spinbetter.app\/tr\/mirror\/","og_site_name":"Spinbetter App TR","article_modified_time":"2025-06-19T22:13:49+00:00","twitter_card":"summary_large_image","schema":{"@context":"https:\/\/schema.org","@graph":[{"@type":"WebPage","@id":"https:\/\/spinbetter.app\/tr\/mirror\/","url":"https:\/\/spinbetter.app\/tr\/mirror\/","name":"Siteye eri\u015fmek i\u00e7in SpinBetter aynas\u0131 > Engellemeyi Atlat","isPartOf":{"@id":"https:\/\/spinbetter.app\/tr\/#website"},"datePublished":"2024-10-22T10:19:38+00:00","dateModified":"2025-06-19T22:13:49+00:00","description":"SpinBetter'a eri\u015fime mi ihtiyac\u0131n\u0131z var? Engelleri a\u015fmak ve platforma giri\u015f yapmak i\u00e7in g\u00fcncel aynalar\u0131 kullan\u0131n. Ayr\u0131nt\u0131lar\u0131 makalede bulabilirsiniz.","breadcrumb":{"@id":"https:\/\/spinbetter.app\/tr\/mirror\/#breadcrumb"},"inLanguage":"tr","potentialAction":[{"@type":"ReadAction","target":["https:\/\/spinbetter.app\/tr\/mirror\/"]}]},{"@type":"BreadcrumbList","@id":"https:\/\/spinbetter.app\/tr\/mirror\/#breadcrumb","itemListElement":[{"@type":"ListItem","position":1,"name":"Home","item":"https:\/\/spinbetter.app\/tr\/"},{"@type":"ListItem","position":2,"name":"Ayna"}]},{"@type":"WebSite","@id":"https:\/\/spinbetter.app\/tr\/#website","url":"https:\/\/spinbetter.app\/tr\/","name":"Spinbetter App TR","description":"","potentialAction":[{"@type":"SearchAction","target":{"@type":"EntryPoint","urlTemplate":"https:\/\/spinbetter.app\/tr\/?s={search_term_string}"},"query-input":{"@type":"PropertyValueSpecification","valueRequired":true,"valueName":"search_term_string"}}],"inLanguage":"tr"}]}},"_links":{"self":[{"href":"https:\/\/spinbetter.app\/tr\/wp-json\/wp\/v2\/pages\/230"}],"collection":[{"href":"https:\/\/spinbetter.app\/tr\/wp-json\/wp\/v2\/pages"}],"about":[{"href":"https:\/\/spinbetter.app\/tr\/wp-json\/wp\/v2\/types\/page"}],"author":[{"embeddable":true,"href":"https:\/\/spinbetter.app\/tr\/wp-json\/wp\/v2\/users\/1"}],"replies":[{"embeddable":true,"href":"https:\/\/spinbetter.app\/tr\/wp-json\/wp\/v2\/comments?post=230"}],"version-history":[{"count":12,"href":"https:\/\/spinbetter.app\/tr\/wp-json\/wp\/v2\/pages\/230\/revisions"}],"predecessor-version":[{"id":364,"href":"https:\/\/spinbetter.app\/tr\/wp-json\/wp\/v2\/pages\/230\/revisions\/364"}],"wp:attachment":[{"href":"https:\/\/spinbetter.app\/tr\/wp-json\/wp\/v2\/media?parent=230"}],"curies":[{"name":"wp","href":"https:\/\/api.w.org\/{rel}","templated":true}]}}