{"id":235,"date":"2024-10-22T10:19:54","date_gmt":"2024-10-22T10:19:54","guid":{"rendered":"https:\/\/spinbetter.app\/tr\/?page_id=235"},"modified":"2025-06-19T22:14:09","modified_gmt":"2025-06-19T22:14:09","slug":"partners","status":"publish","type":"page","link":"https:\/\/spinbetter.app\/tr\/partners\/","title":{"rendered":"Ortaklar"},"content":{"rendered":"","protected":false},"excerpt":{"rendered":"","protected":false},"author":1,"featured_media":0,"parent":0,"menu_order":0,"comment_status":"closed","ping_status":"closed","template":"","meta":{"footnotes":""},"class_list":["post-235","page","type-page","status-publish","hentry"],"yoast_head":"<!-- This site is optimized with the Yoast SEO plugin v23.4 - https:\/\/yoast.com\/wordpress\/plugins\/seo\/ -->\n<title>SpinBetter Partners &gt; En \u0130yi Casino Ortakl\u0131k Program\u0131<\/title>\n<meta name=\"description\" content=\"SpinBetter Ortaklar\u0131na kat\u0131l\u0131n ve y\u00f6nlendiren oyunculardan para kazan\u0131n. Y\u00fcksek \u00f6demeler ve en iyi ko\u015fullar.\" \/>\n<meta name=\"robots\" content=\"index, follow, max-snippet:-1, max-image-preview:large, max-video-preview:-1\" \/>\n<meta property=\"og:locale\" content=\"tr_TR\" \/>\n<meta property=\"og:type\" content=\"article\" \/>\n<meta property=\"og:title\" content=\"SpinBetter Partners &gt; En \u0130yi Casino Ortakl\u0131k Program\u0131\" \/>\n<meta property=\"og:description\" content=\"SpinBetter Ortaklar\u0131na kat\u0131l\u0131n ve y\u00f6nlendiren oyunculardan para kazan\u0131n. Y\u00fcksek \u00f6demeler ve en iyi ko\u015fullar.\" \/>\n<meta property=\"og:url\" content=\"https:\/\/spinbetter.app\/tr\/partners\/\" \/>\n<meta property=\"og:site_name\" content=\"Spinbetter App TR\" \/>\n<meta property=\"article:modified_time\" content=\"2025-06-19T22:14:09+00:00\" \/>\n<meta name=\"twitter:card\" content=\"summary_large_image\" \/>\n<script type=\"application\/ld+json\" class=\"yoast-schema-graph\">{\"@context\":\"https:\/\/schema.org\",\"@graph\":[{\"@type\":\"WebPage\",\"@id\":\"https:\/\/spinbetter.app\/tr\/partners\/\",\"url\":\"https:\/\/spinbetter.app\/tr\/partners\/\",\"name\":\"SpinBetter Partners > En \u0130yi Casino Ortakl\u0131k Program\u0131\",\"isPartOf\":{\"@id\":\"https:\/\/spinbetter.app\/tr\/#website\"},\"datePublished\":\"2024-10-22T10:19:54+00:00\",\"dateModified\":\"2025-06-19T22:14:09+00:00\",\"description\":\"SpinBetter Ortaklar\u0131na kat\u0131l\u0131n ve y\u00f6nlendiren oyunculardan para kazan\u0131n. Y\u00fcksek \u00f6demeler ve en iyi ko\u015fullar.\",\"breadcrumb\":{\"@id\":\"https:\/\/spinbetter.app\/tr\/partners\/#breadcrumb\"},\"inLanguage\":\"tr\",\"potentialAction\":[{\"@type\":\"ReadAction\",\"target\":[\"https:\/\/spinbetter.app\/tr\/partners\/\"]}]},{\"@type\":\"BreadcrumbList\",\"@id\":\"https:\/\/spinbetter.app\/tr\/partners\/#breadcrumb\",\"itemListElement\":[{\"@type\":\"ListItem\",\"position\":1,\"name\":\"Home\",\"item\":\"https:\/\/spinbetter.app\/tr\/\"},{\"@type\":\"ListItem\",\"position\":2,\"name\":\"Ortaklar\"}]},{\"@type\":\"WebSite\",\"@id\":\"https:\/\/spinbetter.app\/tr\/#website\",\"url\":\"https:\/\/spinbetter.app\/tr\/\",\"name\":\"Spinbetter App TR\",\"description\":\"\",\"potentialAction\":[{\"@type\":\"SearchAction\",\"target\":{\"@type\":\"EntryPoint\",\"urlTemplate\":\"https:\/\/spinbetter.app\/tr\/?s={search_term_string}\"},\"query-input\":{\"@type\":\"PropertyValueSpecification\",\"valueRequired\":true,\"valueName\":\"search_term_string\"}}],\"inLanguage\":\"tr\"}]}<\/script>\n<!-- \/ Yoast SEO plugin. -->","yoast_head_json":{"title":"SpinBetter Partners > En \u0130yi Casino Ortakl\u0131k Program\u0131","description":"SpinBetter Ortaklar\u0131na kat\u0131l\u0131n ve y\u00f6nlendiren oyunculardan para kazan\u0131n. Y\u00fcksek \u00f6demeler ve en iyi ko\u015fullar.","robots":{"index":"index","follow":"follow","max-snippet":"max-snippet:-1","max-image-preview":"max-image-preview:large","max-video-preview":"max-video-preview:-1"},"og_locale":"tr_TR","og_type":"article","og_title":"SpinBetter Partners > En \u0130yi Casino Ortakl\u0131k Program\u0131","og_description":"SpinBetter Ortaklar\u0131na kat\u0131l\u0131n ve y\u00f6nlendiren oyunculardan para kazan\u0131n. Y\u00fcksek \u00f6demeler ve en iyi ko\u015fullar.","og_url":"https:\/\/spinbetter.app\/tr\/partners\/","og_site_name":"Spinbetter App TR","article_modified_time":"2025-06-19T22:14:09+00:00","twitter_card":"summary_large_image","schema":{"@context":"https:\/\/schema.org","@graph":[{"@type":"WebPage","@id":"https:\/\/spinbetter.app\/tr\/partners\/","url":"https:\/\/spinbetter.app\/tr\/partners\/","name":"SpinBetter Partners > En \u0130yi Casino Ortakl\u0131k Program\u0131","isPartOf":{"@id":"https:\/\/spinbetter.app\/tr\/#website"},"datePublished":"2024-10-22T10:19:54+00:00","dateModified":"2025-06-19T22:14:09+00:00","description":"SpinBetter Ortaklar\u0131na kat\u0131l\u0131n ve y\u00f6nlendiren oyunculardan para kazan\u0131n. Y\u00fcksek \u00f6demeler ve en iyi ko\u015fullar.","breadcrumb":{"@id":"https:\/\/spinbetter.app\/tr\/partners\/#breadcrumb"},"inLanguage":"tr","potentialAction":[{"@type":"ReadAction","target":["https:\/\/spinbetter.app\/tr\/partners\/"]}]},{"@type":"BreadcrumbList","@id":"https:\/\/spinbetter.app\/tr\/partners\/#breadcrumb","itemListElement":[{"@type":"ListItem","position":1,"name":"Home","item":"https:\/\/spinbetter.app\/tr\/"},{"@type":"ListItem","position":2,"name":"Ortaklar"}]},{"@type":"WebSite","@id":"https:\/\/spinbetter.app\/tr\/#website","url":"https:\/\/spinbetter.app\/tr\/","name":"Spinbetter App TR","description":"","potentialAction":[{"@type":"SearchAction","target":{"@type":"EntryPoint","urlTemplate":"https:\/\/spinbetter.app\/tr\/?s={search_term_string}"},"query-input":{"@type":"PropertyValueSpecification","valueRequired":true,"valueName":"search_term_string"}}],"inLanguage":"tr"}]}},"_links":{"self":[{"href":"https:\/\/spinbetter.app\/tr\/wp-json\/wp\/v2\/pages\/235"}],"collection":[{"href":"https:\/\/spinbetter.app\/tr\/wp-json\/wp\/v2\/pages"}],"about":[{"href":"https:\/\/spinbetter.app\/tr\/wp-json\/wp\/v2\/types\/page"}],"author":[{"embeddable":true,"href":"https:\/\/spinbetter.app\/tr\/wp-json\/wp\/v2\/users\/1"}],"replies":[{"embeddable":true,"href":"https:\/\/spinbetter.app\/tr\/wp-json\/wp\/v2\/comments?post=235"}],"version-history":[{"count":10,"href":"https:\/\/spinbetter.app\/tr\/wp-json\/wp\/v2\/pages\/235\/revisions"}],"predecessor-version":[{"id":361,"href":"https:\/\/spinbetter.app\/tr\/wp-json\/wp\/v2\/pages\/235\/revisions\/361"}],"wp:attachment":[{"href":"https:\/\/spinbetter.app\/tr\/wp-json\/wp\/v2\/media?parent=235"}],"curies":[{"name":"wp","href":"https:\/\/api.w.org\/{rel}","templated":true}]}}