{"id":389,"date":"2025-07-02T12:51:17","date_gmt":"2025-07-02T12:51:17","guid":{"rendered":"https:\/\/spinbetter.app\/tr\/?page_id=389"},"modified":"2025-07-02T12:51:26","modified_gmt":"2025-07-02T12:51:26","slug":"spinbetter-vote","status":"publish","type":"page","link":"https:\/\/spinbetter.app\/tr\/bonus\/spinbetter-vote\/","title":{"rendered":"SpinBetter oyu"},"content":{"rendered":"","protected":false},"excerpt":{"rendered":"","protected":false},"author":1,"featured_media":0,"parent":152,"menu_order":0,"comment_status":"closed","ping_status":"closed","template":"","meta":{"footnotes":""},"class_list":["post-389","page","type-page","status-publish","hentry"],"yoast_head":"<!-- This site is optimized with the Yoast SEO plugin v23.4 - https:\/\/yoast.com\/wordpress\/plugins\/seo\/ -->\n<title>En \u0130yi Spor Bonusu i\u00e7in oy verin &gt; \u00dccretsiz Bahisler<\/title>\n<meta name=\"description\" content=\"SpinBetter&#039;a kat\u0131l\u0131n ve en sevdi\u011finiz spora oy verin! Heyecan verici &#039;En iyi spora oy verin&#039; promosyonuna kat\u0131l\u0131n, \u00fccretsiz bahisler ve harika \u00f6d\u00fcller kazan\u0131n! Sadakatinizi g\u00f6sterme ve \u00f6zel bonuslar talep etme \u015fans\u0131n\u0131z\u0131 ka\u00e7\u0131rmay\u0131n - zaman s\u0131n\u0131rl\u0131, hemen harekete ge\u00e7in!\" \/>\n<meta name=\"robots\" content=\"index, follow, max-snippet:-1, max-image-preview:large, max-video-preview:-1\" \/>\n<meta property=\"og:locale\" content=\"tr_TR\" \/>\n<meta property=\"og:type\" content=\"article\" \/>\n<meta property=\"og:title\" content=\"En \u0130yi Spor Bonusu i\u00e7in oy verin &gt; \u00dccretsiz Bahisler\" \/>\n<meta property=\"og:description\" content=\"SpinBetter&#039;a kat\u0131l\u0131n ve en sevdi\u011finiz spora oy verin! Heyecan verici &#039;En iyi spora oy verin&#039; promosyonuna kat\u0131l\u0131n, \u00fccretsiz bahisler ve harika \u00f6d\u00fcller kazan\u0131n! Sadakatinizi g\u00f6sterme ve \u00f6zel bonuslar talep etme \u015fans\u0131n\u0131z\u0131 ka\u00e7\u0131rmay\u0131n - zaman s\u0131n\u0131rl\u0131, hemen harekete ge\u00e7in!\" \/>\n<meta property=\"og:url\" content=\"https:\/\/spinbetter.app\/tr\/bonus\/spinbetter-vote\/\" \/>\n<meta property=\"og:site_name\" content=\"Spinbetter App TR\" \/>\n<meta property=\"article:modified_time\" content=\"2025-07-02T12:51:26+00:00\" \/>\n<meta name=\"twitter:card\" content=\"summary_large_image\" \/>\n<script type=\"application\/ld+json\" class=\"yoast-schema-graph\">{\"@context\":\"https:\/\/schema.org\",\"@graph\":[{\"@type\":\"WebPage\",\"@id\":\"https:\/\/spinbetter.app\/tr\/bonus\/spinbetter-vote\/\",\"url\":\"https:\/\/spinbetter.app\/tr\/bonus\/spinbetter-vote\/\",\"name\":\"En \u0130yi Spor Bonusu i\u00e7in oy verin > \u00dccretsiz Bahisler\",\"isPartOf\":{\"@id\":\"https:\/\/spinbetter.app\/tr\/#website\"},\"datePublished\":\"2025-07-02T12:51:17+00:00\",\"dateModified\":\"2025-07-02T12:51:26+00:00\",\"description\":\"SpinBetter'a kat\u0131l\u0131n ve en sevdi\u011finiz spora oy verin! Heyecan verici 'En iyi spora oy verin' promosyonuna kat\u0131l\u0131n, \u00fccretsiz bahisler ve harika \u00f6d\u00fcller kazan\u0131n! Sadakatinizi g\u00f6sterme ve \u00f6zel bonuslar talep etme \u015fans\u0131n\u0131z\u0131 ka\u00e7\u0131rmay\u0131n - zaman s\u0131n\u0131rl\u0131, hemen harekete ge\u00e7in!\",\"breadcrumb\":{\"@id\":\"https:\/\/spinbetter.app\/tr\/bonus\/spinbetter-vote\/#breadcrumb\"},\"inLanguage\":\"tr\",\"potentialAction\":[{\"@type\":\"ReadAction\",\"target\":[\"https:\/\/spinbetter.app\/tr\/bonus\/spinbetter-vote\/\"]}]},{\"@type\":\"BreadcrumbList\",\"@id\":\"https:\/\/spinbetter.app\/tr\/bonus\/spinbetter-vote\/#breadcrumb\",\"itemListElement\":[{\"@type\":\"ListItem\",\"position\":1,\"name\":\"Home\",\"item\":\"https:\/\/spinbetter.app\/tr\/\"},{\"@type\":\"ListItem\",\"position\":2,\"name\":\"Bonus\",\"item\":\"https:\/\/spinbetter.app\/tr\/bonus\/\"},{\"@type\":\"ListItem\",\"position\":3,\"name\":\"SpinBetter oyu\"}]},{\"@type\":\"WebSite\",\"@id\":\"https:\/\/spinbetter.app\/tr\/#website\",\"url\":\"https:\/\/spinbetter.app\/tr\/\",\"name\":\"Spinbetter App TR\",\"description\":\"\",\"potentialAction\":[{\"@type\":\"SearchAction\",\"target\":{\"@type\":\"EntryPoint\",\"urlTemplate\":\"https:\/\/spinbetter.app\/tr\/?s={search_term_string}\"},\"query-input\":{\"@type\":\"PropertyValueSpecification\",\"valueRequired\":true,\"valueName\":\"search_term_string\"}}],\"inLanguage\":\"tr\"}]}<\/script>\n<!-- \/ Yoast SEO plugin. -->","yoast_head_json":{"title":"En \u0130yi Spor Bonusu i\u00e7in oy verin > \u00dccretsiz Bahisler","description":"SpinBetter'a kat\u0131l\u0131n ve en sevdi\u011finiz spora oy verin! Heyecan verici 'En iyi spora oy verin' promosyonuna kat\u0131l\u0131n, \u00fccretsiz bahisler ve harika \u00f6d\u00fcller kazan\u0131n! Sadakatinizi g\u00f6sterme ve \u00f6zel bonuslar talep etme \u015fans\u0131n\u0131z\u0131 ka\u00e7\u0131rmay\u0131n - zaman s\u0131n\u0131rl\u0131, hemen harekete ge\u00e7in!","robots":{"index":"index","follow":"follow","max-snippet":"max-snippet:-1","max-image-preview":"max-image-preview:large","max-video-preview":"max-video-preview:-1"},"og_locale":"tr_TR","og_type":"article","og_title":"En \u0130yi Spor Bonusu i\u00e7in oy verin > \u00dccretsiz Bahisler","og_description":"SpinBetter'a kat\u0131l\u0131n ve en sevdi\u011finiz spora oy verin! Heyecan verici 'En iyi spora oy verin' promosyonuna kat\u0131l\u0131n, \u00fccretsiz bahisler ve harika \u00f6d\u00fcller kazan\u0131n! Sadakatinizi g\u00f6sterme ve \u00f6zel bonuslar talep etme \u015fans\u0131n\u0131z\u0131 ka\u00e7\u0131rmay\u0131n - zaman s\u0131n\u0131rl\u0131, hemen harekete ge\u00e7in!","og_url":"https:\/\/spinbetter.app\/tr\/bonus\/spinbetter-vote\/","og_site_name":"Spinbetter App TR","article_modified_time":"2025-07-02T12:51:26+00:00","twitter_card":"summary_large_image","schema":{"@context":"https:\/\/schema.org","@graph":[{"@type":"WebPage","@id":"https:\/\/spinbetter.app\/tr\/bonus\/spinbetter-vote\/","url":"https:\/\/spinbetter.app\/tr\/bonus\/spinbetter-vote\/","name":"En \u0130yi Spor Bonusu i\u00e7in oy verin > \u00dccretsiz Bahisler","isPartOf":{"@id":"https:\/\/spinbetter.app\/tr\/#website"},"datePublished":"2025-07-02T12:51:17+00:00","dateModified":"2025-07-02T12:51:26+00:00","description":"SpinBetter'a kat\u0131l\u0131n ve en sevdi\u011finiz spora oy verin! Heyecan verici 'En iyi spora oy verin' promosyonuna kat\u0131l\u0131n, \u00fccretsiz bahisler ve harika \u00f6d\u00fcller kazan\u0131n! Sadakatinizi g\u00f6sterme ve \u00f6zel bonuslar talep etme \u015fans\u0131n\u0131z\u0131 ka\u00e7\u0131rmay\u0131n - zaman s\u0131n\u0131rl\u0131, hemen harekete ge\u00e7in!","breadcrumb":{"@id":"https:\/\/spinbetter.app\/tr\/bonus\/spinbetter-vote\/#breadcrumb"},"inLanguage":"tr","potentialAction":[{"@type":"ReadAction","target":["https:\/\/spinbetter.app\/tr\/bonus\/spinbetter-vote\/"]}]},{"@type":"BreadcrumbList","@id":"https:\/\/spinbetter.app\/tr\/bonus\/spinbetter-vote\/#breadcrumb","itemListElement":[{"@type":"ListItem","position":1,"name":"Home","item":"https:\/\/spinbetter.app\/tr\/"},{"@type":"ListItem","position":2,"name":"Bonus","item":"https:\/\/spinbetter.app\/tr\/bonus\/"},{"@type":"ListItem","position":3,"name":"SpinBetter oyu"}]},{"@type":"WebSite","@id":"https:\/\/spinbetter.app\/tr\/#website","url":"https:\/\/spinbetter.app\/tr\/","name":"Spinbetter App TR","description":"","potentialAction":[{"@type":"SearchAction","target":{"@type":"EntryPoint","urlTemplate":"https:\/\/spinbetter.app\/tr\/?s={search_term_string}"},"query-input":{"@type":"PropertyValueSpecification","valueRequired":true,"valueName":"search_term_string"}}],"inLanguage":"tr"}]}},"_links":{"self":[{"href":"https:\/\/spinbetter.app\/tr\/wp-json\/wp\/v2\/pages\/389"}],"collection":[{"href":"https:\/\/spinbetter.app\/tr\/wp-json\/wp\/v2\/pages"}],"about":[{"href":"https:\/\/spinbetter.app\/tr\/wp-json\/wp\/v2\/types\/page"}],"author":[{"embeddable":true,"href":"https:\/\/spinbetter.app\/tr\/wp-json\/wp\/v2\/users\/1"}],"replies":[{"embeddable":true,"href":"https:\/\/spinbetter.app\/tr\/wp-json\/wp\/v2\/comments?post=389"}],"version-history":[{"count":1,"href":"https:\/\/spinbetter.app\/tr\/wp-json\/wp\/v2\/pages\/389\/revisions"}],"predecessor-version":[{"id":390,"href":"https:\/\/spinbetter.app\/tr\/wp-json\/wp\/v2\/pages\/389\/revisions\/390"}],"up":[{"embeddable":true,"href":"https:\/\/spinbetter.app\/tr\/wp-json\/wp\/v2\/pages\/152"}],"wp:attachment":[{"href":"https:\/\/spinbetter.app\/tr\/wp-json\/wp\/v2\/media?parent=389"}],"curies":[{"name":"wp","href":"https:\/\/api.w.org\/{rel}","templated":true}]}}