{"id":391,"date":"2025-07-02T12:53:13","date_gmt":"2025-07-02T12:53:13","guid":{"rendered":"https:\/\/spinbetter.app\/tr\/?page_id=391"},"modified":"2025-07-02T12:53:20","modified_gmt":"2025-07-02T12:53:20","slug":"freebet","status":"publish","type":"page","link":"https:\/\/spinbetter.app\/tr\/bonus\/freebet\/","title":{"rendered":"\u00dccretsiz Bahis"},"content":{"rendered":"","protected":false},"excerpt":{"rendered":"","protected":false},"author":1,"featured_media":0,"parent":152,"menu_order":0,"comment_status":"closed","ping_status":"closed","template":"","meta":{"footnotes":""},"class_list":["post-391","page","type-page","status-publish","hentry"],"yoast_head":"<!-- This site is optimized with the Yoast SEO plugin v23.4 - https:\/\/yoast.com\/wordpress\/plugins\/seo\/ -->\n<title>SpinBetter uygulamas\u0131nda bahis \ud83e\udc12 10 EUR&#039;ya kadar Freebet<\/title>\n<meta name=\"description\" content=\"SpinBetter uygulamas\u0131n\u0131 indirin, 1 EUR&#039;dan 10 bahis yap\u0131n ve 10 EUR&#039;ya kadar freibet kazan\u0131n. Rahat\u00e7a bahis yap\u0131n - daha fazla kazan\u0131n!\" \/>\n<meta name=\"robots\" content=\"index, follow, max-snippet:-1, max-image-preview:large, max-video-preview:-1\" \/>\n<meta property=\"og:locale\" content=\"tr_TR\" \/>\n<meta property=\"og:type\" content=\"article\" \/>\n<meta property=\"og:title\" content=\"SpinBetter uygulamas\u0131nda bahis \ud83e\udc12 10 EUR&#039;ya kadar Freebet\" \/>\n<meta property=\"og:description\" content=\"SpinBetter uygulamas\u0131n\u0131 indirin, 1 EUR&#039;dan 10 bahis yap\u0131n ve 10 EUR&#039;ya kadar freibet kazan\u0131n. Rahat\u00e7a bahis yap\u0131n - daha fazla kazan\u0131n!\" \/>\n<meta property=\"og:url\" content=\"https:\/\/spinbetter.app\/tr\/bonus\/freebet\/\" \/>\n<meta property=\"og:site_name\" content=\"Spinbetter App TR\" \/>\n<meta property=\"article:modified_time\" content=\"2025-07-02T12:53:20+00:00\" \/>\n<meta name=\"twitter:card\" content=\"summary_large_image\" \/>\n<script type=\"application\/ld+json\" class=\"yoast-schema-graph\">{\"@context\":\"https:\/\/schema.org\",\"@graph\":[{\"@type\":\"WebPage\",\"@id\":\"https:\/\/spinbetter.app\/tr\/bonus\/freebet\/\",\"url\":\"https:\/\/spinbetter.app\/tr\/bonus\/freebet\/\",\"name\":\"SpinBetter uygulamas\u0131nda bahis \ud83e\udc12 10 EUR'ya kadar Freebet\",\"isPartOf\":{\"@id\":\"https:\/\/spinbetter.app\/tr\/#website\"},\"datePublished\":\"2025-07-02T12:53:13+00:00\",\"dateModified\":\"2025-07-02T12:53:20+00:00\",\"description\":\"SpinBetter uygulamas\u0131n\u0131 indirin, 1 EUR'dan 10 bahis yap\u0131n ve 10 EUR'ya kadar freibet kazan\u0131n. Rahat\u00e7a bahis yap\u0131n - daha fazla kazan\u0131n!\",\"breadcrumb\":{\"@id\":\"https:\/\/spinbetter.app\/tr\/bonus\/freebet\/#breadcrumb\"},\"inLanguage\":\"tr\",\"potentialAction\":[{\"@type\":\"ReadAction\",\"target\":[\"https:\/\/spinbetter.app\/tr\/bonus\/freebet\/\"]}]},{\"@type\":\"BreadcrumbList\",\"@id\":\"https:\/\/spinbetter.app\/tr\/bonus\/freebet\/#breadcrumb\",\"itemListElement\":[{\"@type\":\"ListItem\",\"position\":1,\"name\":\"Home\",\"item\":\"https:\/\/spinbetter.app\/tr\/\"},{\"@type\":\"ListItem\",\"position\":2,\"name\":\"Bonus\",\"item\":\"https:\/\/spinbetter.app\/tr\/bonus\/\"},{\"@type\":\"ListItem\",\"position\":3,\"name\":\"\u00dccretsiz Bahis\"}]},{\"@type\":\"WebSite\",\"@id\":\"https:\/\/spinbetter.app\/tr\/#website\",\"url\":\"https:\/\/spinbetter.app\/tr\/\",\"name\":\"Spinbetter App TR\",\"description\":\"\",\"potentialAction\":[{\"@type\":\"SearchAction\",\"target\":{\"@type\":\"EntryPoint\",\"urlTemplate\":\"https:\/\/spinbetter.app\/tr\/?s={search_term_string}\"},\"query-input\":{\"@type\":\"PropertyValueSpecification\",\"valueRequired\":true,\"valueName\":\"search_term_string\"}}],\"inLanguage\":\"tr\"}]}<\/script>\n<!-- \/ Yoast SEO plugin. -->","yoast_head_json":{"title":"SpinBetter uygulamas\u0131nda bahis \ud83e\udc12 10 EUR'ya kadar Freebet","description":"SpinBetter uygulamas\u0131n\u0131 indirin, 1 EUR'dan 10 bahis yap\u0131n ve 10 EUR'ya kadar freibet kazan\u0131n. Rahat\u00e7a bahis yap\u0131n - daha fazla kazan\u0131n!","robots":{"index":"index","follow":"follow","max-snippet":"max-snippet:-1","max-image-preview":"max-image-preview:large","max-video-preview":"max-video-preview:-1"},"og_locale":"tr_TR","og_type":"article","og_title":"SpinBetter uygulamas\u0131nda bahis \ud83e\udc12 10 EUR'ya kadar Freebet","og_description":"SpinBetter uygulamas\u0131n\u0131 indirin, 1 EUR'dan 10 bahis yap\u0131n ve 10 EUR'ya kadar freibet kazan\u0131n. Rahat\u00e7a bahis yap\u0131n - daha fazla kazan\u0131n!","og_url":"https:\/\/spinbetter.app\/tr\/bonus\/freebet\/","og_site_name":"Spinbetter App TR","article_modified_time":"2025-07-02T12:53:20+00:00","twitter_card":"summary_large_image","schema":{"@context":"https:\/\/schema.org","@graph":[{"@type":"WebPage","@id":"https:\/\/spinbetter.app\/tr\/bonus\/freebet\/","url":"https:\/\/spinbetter.app\/tr\/bonus\/freebet\/","name":"SpinBetter uygulamas\u0131nda bahis \ud83e\udc12 10 EUR'ya kadar Freebet","isPartOf":{"@id":"https:\/\/spinbetter.app\/tr\/#website"},"datePublished":"2025-07-02T12:53:13+00:00","dateModified":"2025-07-02T12:53:20+00:00","description":"SpinBetter uygulamas\u0131n\u0131 indirin, 1 EUR'dan 10 bahis yap\u0131n ve 10 EUR'ya kadar freibet kazan\u0131n. Rahat\u00e7a bahis yap\u0131n - daha fazla kazan\u0131n!","breadcrumb":{"@id":"https:\/\/spinbetter.app\/tr\/bonus\/freebet\/#breadcrumb"},"inLanguage":"tr","potentialAction":[{"@type":"ReadAction","target":["https:\/\/spinbetter.app\/tr\/bonus\/freebet\/"]}]},{"@type":"BreadcrumbList","@id":"https:\/\/spinbetter.app\/tr\/bonus\/freebet\/#breadcrumb","itemListElement":[{"@type":"ListItem","position":1,"name":"Home","item":"https:\/\/spinbetter.app\/tr\/"},{"@type":"ListItem","position":2,"name":"Bonus","item":"https:\/\/spinbetter.app\/tr\/bonus\/"},{"@type":"ListItem","position":3,"name":"\u00dccretsiz Bahis"}]},{"@type":"WebSite","@id":"https:\/\/spinbetter.app\/tr\/#website","url":"https:\/\/spinbetter.app\/tr\/","name":"Spinbetter App TR","description":"","potentialAction":[{"@type":"SearchAction","target":{"@type":"EntryPoint","urlTemplate":"https:\/\/spinbetter.app\/tr\/?s={search_term_string}"},"query-input":{"@type":"PropertyValueSpecification","valueRequired":true,"valueName":"search_term_string"}}],"inLanguage":"tr"}]}},"_links":{"self":[{"href":"https:\/\/spinbetter.app\/tr\/wp-json\/wp\/v2\/pages\/391"}],"collection":[{"href":"https:\/\/spinbetter.app\/tr\/wp-json\/wp\/v2\/pages"}],"about":[{"href":"https:\/\/spinbetter.app\/tr\/wp-json\/wp\/v2\/types\/page"}],"author":[{"embeddable":true,"href":"https:\/\/spinbetter.app\/tr\/wp-json\/wp\/v2\/users\/1"}],"replies":[{"embeddable":true,"href":"https:\/\/spinbetter.app\/tr\/wp-json\/wp\/v2\/comments?post=391"}],"version-history":[{"count":1,"href":"https:\/\/spinbetter.app\/tr\/wp-json\/wp\/v2\/pages\/391\/revisions"}],"predecessor-version":[{"id":392,"href":"https:\/\/spinbetter.app\/tr\/wp-json\/wp\/v2\/pages\/391\/revisions\/392"}],"up":[{"embeddable":true,"href":"https:\/\/spinbetter.app\/tr\/wp-json\/wp\/v2\/pages\/152"}],"wp:attachment":[{"href":"https:\/\/spinbetter.app\/tr\/wp-json\/wp\/v2\/media?parent=391"}],"curies":[{"name":"wp","href":"https:\/\/api.w.org\/{rel}","templated":true}]}}