{"id":393,"date":"2025-07-02T12:55:56","date_gmt":"2025-07-02T12:55:56","guid":{"rendered":"https:\/\/spinbetter.app\/tr\/?page_id=393"},"modified":"2025-07-02T12:56:04","modified_gmt":"2025-07-02T12:56:04","slug":"bad-bets","status":"publish","type":"page","link":"https:\/\/spinbetter.app\/tr\/bonus\/bad-bets\/","title":{"rendered":"K\u00f6t\u00fc Bahisler"},"content":{"rendered":"","protected":false},"excerpt":{"rendered":"","protected":false},"author":1,"featured_media":0,"parent":152,"menu_order":0,"comment_status":"closed","ping_status":"closed","template":"","meta":{"footnotes":""},"class_list":["post-393","page","type-page","status-publish","hentry"],"yoast_head":"<!-- This site is optimized with the Yoast SEO plugin v23.4 - https:\/\/yoast.com\/wordpress\/plugins\/seo\/ -->\n<title>Ba\u015far\u0131s\u0131z bahisler i\u00e7in SpinBetter bonusu \ud83e\udc12 500 EUR&#039;ya kadar<\/title>\n<meta name=\"description\" content=\"\u00dcst \u00fcste 20 bahis mi kaybettiniz? Bahis miktar\u0131n\u0131za ba\u011fl\u0131 olarak 500 EUR&#039;ya kadar bonus kazan\u0131n. SpinBetter casino, oyuncular\u0131n\u0131 zor anlarda bile destekler!\" \/>\n<meta name=\"robots\" content=\"index, follow, max-snippet:-1, max-image-preview:large, max-video-preview:-1\" \/>\n<meta property=\"og:locale\" content=\"tr_TR\" \/>\n<meta property=\"og:type\" content=\"article\" \/>\n<meta property=\"og:title\" content=\"Ba\u015far\u0131s\u0131z bahisler i\u00e7in SpinBetter bonusu \ud83e\udc12 500 EUR&#039;ya kadar\" \/>\n<meta property=\"og:description\" content=\"\u00dcst \u00fcste 20 bahis mi kaybettiniz? Bahis miktar\u0131n\u0131za ba\u011fl\u0131 olarak 500 EUR&#039;ya kadar bonus kazan\u0131n. SpinBetter casino, oyuncular\u0131n\u0131 zor anlarda bile destekler!\" \/>\n<meta property=\"og:url\" content=\"https:\/\/spinbetter.app\/tr\/bonus\/bad-bets\/\" \/>\n<meta property=\"og:site_name\" content=\"Spinbetter App TR\" \/>\n<meta property=\"article:modified_time\" content=\"2025-07-02T12:56:04+00:00\" \/>\n<meta name=\"twitter:card\" content=\"summary_large_image\" \/>\n<script type=\"application\/ld+json\" class=\"yoast-schema-graph\">{\"@context\":\"https:\/\/schema.org\",\"@graph\":[{\"@type\":\"WebPage\",\"@id\":\"https:\/\/spinbetter.app\/tr\/bonus\/bad-bets\/\",\"url\":\"https:\/\/spinbetter.app\/tr\/bonus\/bad-bets\/\",\"name\":\"Ba\u015far\u0131s\u0131z bahisler i\u00e7in SpinBetter bonusu \ud83e\udc12 500 EUR'ya kadar\",\"isPartOf\":{\"@id\":\"https:\/\/spinbetter.app\/tr\/#website\"},\"datePublished\":\"2025-07-02T12:55:56+00:00\",\"dateModified\":\"2025-07-02T12:56:04+00:00\",\"description\":\"\u00dcst \u00fcste 20 bahis mi kaybettiniz? Bahis miktar\u0131n\u0131za ba\u011fl\u0131 olarak 500 EUR'ya kadar bonus kazan\u0131n. SpinBetter casino, oyuncular\u0131n\u0131 zor anlarda bile destekler!\",\"breadcrumb\":{\"@id\":\"https:\/\/spinbetter.app\/tr\/bonus\/bad-bets\/#breadcrumb\"},\"inLanguage\":\"tr\",\"potentialAction\":[{\"@type\":\"ReadAction\",\"target\":[\"https:\/\/spinbetter.app\/tr\/bonus\/bad-bets\/\"]}]},{\"@type\":\"BreadcrumbList\",\"@id\":\"https:\/\/spinbetter.app\/tr\/bonus\/bad-bets\/#breadcrumb\",\"itemListElement\":[{\"@type\":\"ListItem\",\"position\":1,\"name\":\"Home\",\"item\":\"https:\/\/spinbetter.app\/tr\/\"},{\"@type\":\"ListItem\",\"position\":2,\"name\":\"Bonus\",\"item\":\"https:\/\/spinbetter.app\/tr\/bonus\/\"},{\"@type\":\"ListItem\",\"position\":3,\"name\":\"K\u00f6t\u00fc Bahisler\"}]},{\"@type\":\"WebSite\",\"@id\":\"https:\/\/spinbetter.app\/tr\/#website\",\"url\":\"https:\/\/spinbetter.app\/tr\/\",\"name\":\"Spinbetter App TR\",\"description\":\"\",\"potentialAction\":[{\"@type\":\"SearchAction\",\"target\":{\"@type\":\"EntryPoint\",\"urlTemplate\":\"https:\/\/spinbetter.app\/tr\/?s={search_term_string}\"},\"query-input\":{\"@type\":\"PropertyValueSpecification\",\"valueRequired\":true,\"valueName\":\"search_term_string\"}}],\"inLanguage\":\"tr\"}]}<\/script>\n<!-- \/ Yoast SEO plugin. -->","yoast_head_json":{"title":"Ba\u015far\u0131s\u0131z bahisler i\u00e7in SpinBetter bonusu \ud83e\udc12 500 EUR'ya kadar","description":"\u00dcst \u00fcste 20 bahis mi kaybettiniz? Bahis miktar\u0131n\u0131za ba\u011fl\u0131 olarak 500 EUR'ya kadar bonus kazan\u0131n. SpinBetter casino, oyuncular\u0131n\u0131 zor anlarda bile destekler!","robots":{"index":"index","follow":"follow","max-snippet":"max-snippet:-1","max-image-preview":"max-image-preview:large","max-video-preview":"max-video-preview:-1"},"og_locale":"tr_TR","og_type":"article","og_title":"Ba\u015far\u0131s\u0131z bahisler i\u00e7in SpinBetter bonusu \ud83e\udc12 500 EUR'ya kadar","og_description":"\u00dcst \u00fcste 20 bahis mi kaybettiniz? Bahis miktar\u0131n\u0131za ba\u011fl\u0131 olarak 500 EUR'ya kadar bonus kazan\u0131n. SpinBetter casino, oyuncular\u0131n\u0131 zor anlarda bile destekler!","og_url":"https:\/\/spinbetter.app\/tr\/bonus\/bad-bets\/","og_site_name":"Spinbetter App TR","article_modified_time":"2025-07-02T12:56:04+00:00","twitter_card":"summary_large_image","schema":{"@context":"https:\/\/schema.org","@graph":[{"@type":"WebPage","@id":"https:\/\/spinbetter.app\/tr\/bonus\/bad-bets\/","url":"https:\/\/spinbetter.app\/tr\/bonus\/bad-bets\/","name":"Ba\u015far\u0131s\u0131z bahisler i\u00e7in SpinBetter bonusu \ud83e\udc12 500 EUR'ya kadar","isPartOf":{"@id":"https:\/\/spinbetter.app\/tr\/#website"},"datePublished":"2025-07-02T12:55:56+00:00","dateModified":"2025-07-02T12:56:04+00:00","description":"\u00dcst \u00fcste 20 bahis mi kaybettiniz? Bahis miktar\u0131n\u0131za ba\u011fl\u0131 olarak 500 EUR'ya kadar bonus kazan\u0131n. SpinBetter casino, oyuncular\u0131n\u0131 zor anlarda bile destekler!","breadcrumb":{"@id":"https:\/\/spinbetter.app\/tr\/bonus\/bad-bets\/#breadcrumb"},"inLanguage":"tr","potentialAction":[{"@type":"ReadAction","target":["https:\/\/spinbetter.app\/tr\/bonus\/bad-bets\/"]}]},{"@type":"BreadcrumbList","@id":"https:\/\/spinbetter.app\/tr\/bonus\/bad-bets\/#breadcrumb","itemListElement":[{"@type":"ListItem","position":1,"name":"Home","item":"https:\/\/spinbetter.app\/tr\/"},{"@type":"ListItem","position":2,"name":"Bonus","item":"https:\/\/spinbetter.app\/tr\/bonus\/"},{"@type":"ListItem","position":3,"name":"K\u00f6t\u00fc Bahisler"}]},{"@type":"WebSite","@id":"https:\/\/spinbetter.app\/tr\/#website","url":"https:\/\/spinbetter.app\/tr\/","name":"Spinbetter App TR","description":"","potentialAction":[{"@type":"SearchAction","target":{"@type":"EntryPoint","urlTemplate":"https:\/\/spinbetter.app\/tr\/?s={search_term_string}"},"query-input":{"@type":"PropertyValueSpecification","valueRequired":true,"valueName":"search_term_string"}}],"inLanguage":"tr"}]}},"_links":{"self":[{"href":"https:\/\/spinbetter.app\/tr\/wp-json\/wp\/v2\/pages\/393"}],"collection":[{"href":"https:\/\/spinbetter.app\/tr\/wp-json\/wp\/v2\/pages"}],"about":[{"href":"https:\/\/spinbetter.app\/tr\/wp-json\/wp\/v2\/types\/page"}],"author":[{"embeddable":true,"href":"https:\/\/spinbetter.app\/tr\/wp-json\/wp\/v2\/users\/1"}],"replies":[{"embeddable":true,"href":"https:\/\/spinbetter.app\/tr\/wp-json\/wp\/v2\/comments?post=393"}],"version-history":[{"count":1,"href":"https:\/\/spinbetter.app\/tr\/wp-json\/wp\/v2\/pages\/393\/revisions"}],"predecessor-version":[{"id":394,"href":"https:\/\/spinbetter.app\/tr\/wp-json\/wp\/v2\/pages\/393\/revisions\/394"}],"up":[{"embeddable":true,"href":"https:\/\/spinbetter.app\/tr\/wp-json\/wp\/v2\/pages\/152"}],"wp:attachment":[{"href":"https:\/\/spinbetter.app\/tr\/wp-json\/wp\/v2\/media?parent=393"}],"curies":[{"name":"wp","href":"https:\/\/api.w.org\/{rel}","templated":true}]}}