{"id":399,"date":"2025-07-06T09:03:44","date_gmt":"2025-07-06T09:03:44","guid":{"rendered":"https:\/\/spinbetter.app\/tr\/?page_id=399"},"modified":"2025-07-06T09:03:52","modified_gmt":"2025-07-06T09:03:52","slug":"loyalty-program","status":"publish","type":"page","link":"https:\/\/spinbetter.app\/tr\/bonus\/loyalty-program\/","title":{"rendered":"Sadakat program\u0131"},"content":{"rendered":"","protected":false},"excerpt":{"rendered":"","protected":false},"author":1,"featured_media":0,"parent":152,"menu_order":0,"comment_status":"closed","ping_status":"closed","template":"","meta":{"footnotes":""},"class_list":["post-399","page","type-page","status-publish","hentry"],"yoast_head":"<!-- This site is optimized with the Yoast SEO plugin v23.4 - https:\/\/yoast.com\/wordpress\/plugins\/seo\/ -->\n<title>SpinBetter Sadakat Program\u0131 \u1405 VIP Ayr\u0131cal\u0131klar\u0131na Giden Yolunuz<\/title>\n<meta name=\"description\" content=\"SpinBetter casino seviyelerini t\u0131rman\u0131n ve &#039;e kadar geri \u00f6deme, ki\u015fisel bonuslar ve VIP stat\u00fcs\u00fc kazan\u0131n. \u00d6zel \u00f6d\u00fcllerin ve ayr\u0131cal\u0131klar\u0131n kilidini a\u00e7\u0131n!\" \/>\n<meta name=\"robots\" content=\"index, follow, max-snippet:-1, max-image-preview:large, max-video-preview:-1\" \/>\n<meta property=\"og:locale\" content=\"tr_TR\" \/>\n<meta property=\"og:type\" content=\"article\" \/>\n<meta property=\"og:title\" content=\"SpinBetter Sadakat Program\u0131 \u1405 VIP Ayr\u0131cal\u0131klar\u0131na Giden Yolunuz\" \/>\n<meta property=\"og:description\" content=\"SpinBetter casino seviyelerini t\u0131rman\u0131n ve &#039;e kadar geri \u00f6deme, ki\u015fisel bonuslar ve VIP stat\u00fcs\u00fc kazan\u0131n. \u00d6zel \u00f6d\u00fcllerin ve ayr\u0131cal\u0131klar\u0131n kilidini a\u00e7\u0131n!\" \/>\n<meta property=\"og:url\" content=\"https:\/\/spinbetter.app\/tr\/bonus\/loyalty-program\/\" \/>\n<meta property=\"og:site_name\" content=\"Spinbetter App TR\" \/>\n<meta property=\"article:modified_time\" content=\"2025-07-06T09:03:52+00:00\" \/>\n<meta name=\"twitter:card\" content=\"summary_large_image\" \/>\n<script type=\"application\/ld+json\" class=\"yoast-schema-graph\">{\"@context\":\"https:\/\/schema.org\",\"@graph\":[{\"@type\":\"WebPage\",\"@id\":\"https:\/\/spinbetter.app\/tr\/bonus\/loyalty-program\/\",\"url\":\"https:\/\/spinbetter.app\/tr\/bonus\/loyalty-program\/\",\"name\":\"SpinBetter Sadakat Program\u0131 \u1405 VIP Ayr\u0131cal\u0131klar\u0131na Giden Yolunuz\",\"isPartOf\":{\"@id\":\"https:\/\/spinbetter.app\/tr\/#website\"},\"datePublished\":\"2025-07-06T09:03:44+00:00\",\"dateModified\":\"2025-07-06T09:03:52+00:00\",\"description\":\"SpinBetter casino seviyelerini t\u0131rman\u0131n ve 'e kadar geri \u00f6deme, ki\u015fisel bonuslar ve VIP stat\u00fcs\u00fc kazan\u0131n. \u00d6zel \u00f6d\u00fcllerin ve ayr\u0131cal\u0131klar\u0131n kilidini a\u00e7\u0131n!\",\"breadcrumb\":{\"@id\":\"https:\/\/spinbetter.app\/tr\/bonus\/loyalty-program\/#breadcrumb\"},\"inLanguage\":\"tr\",\"potentialAction\":[{\"@type\":\"ReadAction\",\"target\":[\"https:\/\/spinbetter.app\/tr\/bonus\/loyalty-program\/\"]}]},{\"@type\":\"BreadcrumbList\",\"@id\":\"https:\/\/spinbetter.app\/tr\/bonus\/loyalty-program\/#breadcrumb\",\"itemListElement\":[{\"@type\":\"ListItem\",\"position\":1,\"name\":\"Home\",\"item\":\"https:\/\/spinbetter.app\/tr\/\"},{\"@type\":\"ListItem\",\"position\":2,\"name\":\"Bonus\",\"item\":\"https:\/\/spinbetter.app\/tr\/bonus\/\"},{\"@type\":\"ListItem\",\"position\":3,\"name\":\"Sadakat program\u0131\"}]},{\"@type\":\"WebSite\",\"@id\":\"https:\/\/spinbetter.app\/tr\/#website\",\"url\":\"https:\/\/spinbetter.app\/tr\/\",\"name\":\"Spinbetter App TR\",\"description\":\"\",\"potentialAction\":[{\"@type\":\"SearchAction\",\"target\":{\"@type\":\"EntryPoint\",\"urlTemplate\":\"https:\/\/spinbetter.app\/tr\/?s={search_term_string}\"},\"query-input\":{\"@type\":\"PropertyValueSpecification\",\"valueRequired\":true,\"valueName\":\"search_term_string\"}}],\"inLanguage\":\"tr\"}]}<\/script>\n<!-- \/ Yoast SEO plugin. -->","yoast_head_json":{"title":"SpinBetter Sadakat Program\u0131 \u1405 VIP Ayr\u0131cal\u0131klar\u0131na Giden Yolunuz","description":"SpinBetter casino seviyelerini t\u0131rman\u0131n ve 'e kadar geri \u00f6deme, ki\u015fisel bonuslar ve VIP stat\u00fcs\u00fc kazan\u0131n. \u00d6zel \u00f6d\u00fcllerin ve ayr\u0131cal\u0131klar\u0131n kilidini a\u00e7\u0131n!","robots":{"index":"index","follow":"follow","max-snippet":"max-snippet:-1","max-image-preview":"max-image-preview:large","max-video-preview":"max-video-preview:-1"},"og_locale":"tr_TR","og_type":"article","og_title":"SpinBetter Sadakat Program\u0131 \u1405 VIP Ayr\u0131cal\u0131klar\u0131na Giden Yolunuz","og_description":"SpinBetter casino seviyelerini t\u0131rman\u0131n ve 'e kadar geri \u00f6deme, ki\u015fisel bonuslar ve VIP stat\u00fcs\u00fc kazan\u0131n. \u00d6zel \u00f6d\u00fcllerin ve ayr\u0131cal\u0131klar\u0131n kilidini a\u00e7\u0131n!","og_url":"https:\/\/spinbetter.app\/tr\/bonus\/loyalty-program\/","og_site_name":"Spinbetter App TR","article_modified_time":"2025-07-06T09:03:52+00:00","twitter_card":"summary_large_image","schema":{"@context":"https:\/\/schema.org","@graph":[{"@type":"WebPage","@id":"https:\/\/spinbetter.app\/tr\/bonus\/loyalty-program\/","url":"https:\/\/spinbetter.app\/tr\/bonus\/loyalty-program\/","name":"SpinBetter Sadakat Program\u0131 \u1405 VIP Ayr\u0131cal\u0131klar\u0131na Giden Yolunuz","isPartOf":{"@id":"https:\/\/spinbetter.app\/tr\/#website"},"datePublished":"2025-07-06T09:03:44+00:00","dateModified":"2025-07-06T09:03:52+00:00","description":"SpinBetter casino seviyelerini t\u0131rman\u0131n ve 'e kadar geri \u00f6deme, ki\u015fisel bonuslar ve VIP stat\u00fcs\u00fc kazan\u0131n. \u00d6zel \u00f6d\u00fcllerin ve ayr\u0131cal\u0131klar\u0131n kilidini a\u00e7\u0131n!","breadcrumb":{"@id":"https:\/\/spinbetter.app\/tr\/bonus\/loyalty-program\/#breadcrumb"},"inLanguage":"tr","potentialAction":[{"@type":"ReadAction","target":["https:\/\/spinbetter.app\/tr\/bonus\/loyalty-program\/"]}]},{"@type":"BreadcrumbList","@id":"https:\/\/spinbetter.app\/tr\/bonus\/loyalty-program\/#breadcrumb","itemListElement":[{"@type":"ListItem","position":1,"name":"Home","item":"https:\/\/spinbetter.app\/tr\/"},{"@type":"ListItem","position":2,"name":"Bonus","item":"https:\/\/spinbetter.app\/tr\/bonus\/"},{"@type":"ListItem","position":3,"name":"Sadakat program\u0131"}]},{"@type":"WebSite","@id":"https:\/\/spinbetter.app\/tr\/#website","url":"https:\/\/spinbetter.app\/tr\/","name":"Spinbetter App TR","description":"","potentialAction":[{"@type":"SearchAction","target":{"@type":"EntryPoint","urlTemplate":"https:\/\/spinbetter.app\/tr\/?s={search_term_string}"},"query-input":{"@type":"PropertyValueSpecification","valueRequired":true,"valueName":"search_term_string"}}],"inLanguage":"tr"}]}},"_links":{"self":[{"href":"https:\/\/spinbetter.app\/tr\/wp-json\/wp\/v2\/pages\/399"}],"collection":[{"href":"https:\/\/spinbetter.app\/tr\/wp-json\/wp\/v2\/pages"}],"about":[{"href":"https:\/\/spinbetter.app\/tr\/wp-json\/wp\/v2\/types\/page"}],"author":[{"embeddable":true,"href":"https:\/\/spinbetter.app\/tr\/wp-json\/wp\/v2\/users\/1"}],"replies":[{"embeddable":true,"href":"https:\/\/spinbetter.app\/tr\/wp-json\/wp\/v2\/comments?post=399"}],"version-history":[{"count":1,"href":"https:\/\/spinbetter.app\/tr\/wp-json\/wp\/v2\/pages\/399\/revisions"}],"predecessor-version":[{"id":400,"href":"https:\/\/spinbetter.app\/tr\/wp-json\/wp\/v2\/pages\/399\/revisions\/400"}],"up":[{"embeddable":true,"href":"https:\/\/spinbetter.app\/tr\/wp-json\/wp\/v2\/pages\/152"}],"wp:attachment":[{"href":"https:\/\/spinbetter.app\/tr\/wp-json\/wp\/v2\/media?parent=399"}],"curies":[{"name":"wp","href":"https:\/\/api.w.org\/{rel}","templated":true}]}}